{"id":743,"date":"2022-05-27T19:30:41","date_gmt":"2022-05-27T19:30:41","guid":{"rendered":"https:\/\/ducaticolombia.co\/scrambler\/?page_id=743"},"modified":"2022-08-23T21:54:55","modified_gmt":"2022-08-23T21:54:55","slug":"manuales","status":"publish","type":"page","link":"https:\/\/www.ducaticolombia.co\/scrambler\/manuales\/","title":{"rendered":"Manuales"},"content":{"rendered":"<div class=\"wpb-content-wrapper\"><p>[vc_row el_class=\u00bbfiltro-manual\u00bb css=\u00bb.vc_custom_1653680785574{padding-top: 80px !important;}\u00bb][vc_column][vc_column_text el_class=\u00bbheader-manuales\u00bb]<\/p>\n<h1>Manual de usuario<\/h1>\n<p>[\/vc_column_text][vc_column_text]<\/p>\n<h4>Elige un modelo<\/h4>\n<p>[\/vc_column_text][vc_widget_sidebar sidebar_id=\u00bbfiltro-manual\u00bb][\/vc_column][\/vc_row][vc_section disable_element=\u00bbyes\u00bb][vc_row el_class=\u00bbnewsletter-banner\u00bb][vc_column width=\u00bb1\/2&#8243;][vc_column_text]<\/p>\n<h3>Suscripci\u00f3n al bolet\u00edn informativo<\/h3>\n<p>Introducir tu direcci\u00f3n de correo electr\u00f3nico para estar siempre actualizado sobre las novedades y las promociones Scrambler Ducati.<\/p>\n<p><strong>Declaro haber le\u00eddo la pol\u00edtica de privacidad redactada seg\u00fan el art. 13 del Reglamento UE 2016\/679 sobre la protecci\u00f3n de datos personales (\u00abReglamento\u00bb) y autorizo el tratamiento de mi direcci\u00f3n de correo electr\u00f3nico para los fines antes indicados.<\/strong>[\/vc_column_text][\/vc_column][vc_column width=\u00bb1\/2&#8243;][vc_column_text]\n<div class=\"wpcf7 no-js\" id=\"wpcf7-f754-o1\" lang=\"es-ES\" dir=\"ltr\" data-wpcf7-id=\"754\">\n<div class=\"screen-reader-response\"><p role=\"status\" aria-live=\"polite\" aria-atomic=\"true\"><\/p> <ul><\/ul><\/div>\n<form action=\"\/scrambler\/wp-json\/wp\/v2\/pages\/743#wpcf7-f754-o1\" method=\"post\" class=\"wpcf7-form init\" aria-label=\"Formulario de contacto\" novalidate=\"novalidate\" data-status=\"init\">\n<fieldset class=\"hidden-fields-container\"><input type=\"hidden\" name=\"_wpcf7\" value=\"754\" \/><input type=\"hidden\" name=\"_wpcf7_version\" value=\"6.1.5\" \/><input type=\"hidden\" name=\"_wpcf7_locale\" value=\"es_ES\" \/><input type=\"hidden\" name=\"_wpcf7_unit_tag\" value=\"wpcf7-f754-o1\" \/><input type=\"hidden\" name=\"_wpcf7_container_post\" value=\"0\" \/><input type=\"hidden\" name=\"_wpcf7_posted_data_hash\" value=\"\" \/>\n<\/fieldset>\n<p><span class=\"wpcf7-form-control-wrap\" data-name=\"email\"><input size=\"40\" maxlength=\"400\" class=\"wpcf7-form-control wpcf7-email wpcf7-validates-as-required wpcf7-text wpcf7-validates-as-email\" aria-required=\"true\" aria-invalid=\"false\" placeholder=\"Correo Electr\u00f3nico *\" value=\"\" type=\"email\" name=\"email\" \/><\/span><br \/>\n<input class=\"wpcf7-form-control wpcf7-submit has-spinner\" type=\"submit\" value=\"Suscribirse\" \/>\n<\/p><div class=\"wpcf7-response-output\" aria-hidden=\"true\"><\/div>\n<\/form>\n<\/div>\n[\/vc_column_text][\/vc_column][\/vc_row][\/vc_section]<\/p>\n<\/div>","protected":false},"excerpt":{"rendered":"<p>[vc_row el_class=\u00bbfiltro-manual\u00bb css=\u00bb.vc_custom_1653680785574{padding-top: 80px !important;}\u00bb][vc_column][vc_column_text el_class=\u00bbheader-manuales\u00bb] Manual de usuario [\/vc_column_text][vc_column_text] Elige un modelo [\/vc_column_text][vc_widget_sidebar sidebar_id=\u00bbfiltro-manual\u00bb][\/vc_column][\/vc_row][vc_section disable_element=\u00bbyes\u00bb][vc_row el_class=\u00bbnewsletter-banner\u00bb][vc_column width=\u00bb1\/2&#8243;][vc_column_text] Suscripci\u00f3n al bolet\u00edn informativo Introducir tu direcci\u00f3n de correo electr\u00f3nico para estar siempre actualizado sobre las novedades y las promociones Scrambler Ducati. Declaro haber le\u00eddo la pol\u00edtica de privacidad redactada seg\u00fan el art. 13 del Reglamento UE [&hellip;]<\/p>\n","protected":false},"author":1,"featured_media":0,"parent":0,"menu_order":0,"comment_status":"closed","ping_status":"closed","template":"","meta":{"_acf_changed":false,"footnotes":""},"class_list":["post-743","page","type-page","status-publish","hentry"],"acf":[],"_links":{"self":[{"href":"https:\/\/www.ducaticolombia.co\/scrambler\/wp-json\/wp\/v2\/pages\/743","targetHints":{"allow":["GET"]}}],"collection":[{"href":"https:\/\/www.ducaticolombia.co\/scrambler\/wp-json\/wp\/v2\/pages"}],"about":[{"href":"https:\/\/www.ducaticolombia.co\/scrambler\/wp-json\/wp\/v2\/types\/page"}],"author":[{"embeddable":true,"href":"https:\/\/www.ducaticolombia.co\/scrambler\/wp-json\/wp\/v2\/users\/1"}],"replies":[{"embeddable":true,"href":"https:\/\/www.ducaticolombia.co\/scrambler\/wp-json\/wp\/v2\/comments?post=743"}],"version-history":[{"count":9,"href":"https:\/\/www.ducaticolombia.co\/scrambler\/wp-json\/wp\/v2\/pages\/743\/revisions"}],"predecessor-version":[{"id":776,"href":"https:\/\/www.ducaticolombia.co\/scrambler\/wp-json\/wp\/v2\/pages\/743\/revisions\/776"}],"wp:attachment":[{"href":"https:\/\/www.ducaticolombia.co\/scrambler\/wp-json\/wp\/v2\/media?parent=743"}],"curies":[{"name":"wp","href":"https:\/\/api.w.org\/{rel}","templated":true}]}}