{"id":1448,"date":"2022-06-17T11:36:49","date_gmt":"2022-06-17T16:36:49","guid":{"rendered":"https:\/\/www.ducaticolombia.co\/tienda\/?page_id=1448"},"modified":"2022-06-17T11:36:49","modified_gmt":"2022-06-17T16:36:49","slug":"terminos-y-condiciones","status":"publish","type":"page","link":"https:\/\/www.ducaticolombia.co\/tienda\/terminos-y-condiciones\/","title":{"rendered":"T\u00e9rminos y Condiciones"},"content":{"rendered":"<p>[vc_row][vc_column][vc_column_text]<\/p>\n<h2>Or\u00edgenes de ingresos:<\/h2>\n<p>EL CLIENTE al consentir en cualquiera de los contratos que se perfeccionan al realizar transacciones en DucatiColombia.co\/Tienda , declara bajo la gravedad de juramento, que sus ingresos provienen de actividades l\u00edcitas, que no se encuentra con registro negativo en listados de prevenci\u00f3n de lavado de activos nacionales o internacionales, que no se encuentra dentro de una de las dos categor\u00edas de lavado de activos (conversi\u00f3n o movimiento) y que en consecuencia, se obliga a responder frente a DUCAMOTOCOL SAS. por todos los perjuicios que se llegaren a causar como consecuencia de esta afirmaci\u00f3n. En igual sentido responder\u00e1 ante terceros. Declara igualmente, que sus conductas se ajustan a la ley y a la \u00e9tica y, en consecuencia se obliga a implementar las medidas tendientes a evitar que sus operaciones puedan ser utilizadas con o sin su consentimiento y conocimiento como instrumentos para el ocultamiento, manejo, inversi\u00f3n o aprovechamiento en cualquier forma de dinero u otros bienes provenientes de actividades delictivas, o para dar apariencia de legalidad a \u00e9stas actividades. En el mismo sentido, se compromete a actuar dentro del marco legal vigente en Colombia, dando cumplimiento a todos los procedimientos, tr\u00e1mites y obligaciones contemplados en la Ley y dem\u00e1s normas pertinentes y que cualquier evidencia de que estos principios no se cumplen o puedan estar en entredicho ser\u00e1 causal suficiente para resolver, a criterio de la Parte cumplida, el Contrato que resulte de su aceptaci\u00f3n.<\/p>\n<h2>Condiciones generales Ducati:<\/h2>\n<p>No se hace cargo de los da\u00f1os o perjuicios derivados del mal uso de la informaci\u00f3n de la p\u00e1gina, pues el Usuario entiende y acepta que el acceso a esta herramienta, as\u00ed como el uso que pueda hacerse de los servicios e informaci\u00f3n contenida en la misma, son de la exclusiva responsabilidad del \u201cusuario\u201d que los realiza.<br \/>\nDUCAMOTOCOL SAS podr\u00e1 realizar, en cualquier momento y sin necesidad de previo aviso, modificaciones en la presentaci\u00f3n y configuraci\u00f3n de la p\u00e1gina, as\u00ed como en los contenidos y servicios de la misma.<br \/>\nAdvierte que algunos de los textos contenidos en la p\u00e1gina, enlaces y\/o informaci\u00f3n incluidos en la misma podr\u00edan no ser veraces o no estar actualizados o haber sido recibidos o informados por terceras personas sobre las cuales\u00a0DUCAMOTOCOL no tiene control. Por dicha raz\u00f3n,\u00a0DUCAMOTOCOL\u00a0no responder\u00e1 sobre los errores u omisiones relativos a la informaci\u00f3n que no sea de su autor\u00eda, ni tampoco de los da\u00f1os o perjuicios que se puedan llegar a ocasionar como resultado del uso de dicha informaci\u00f3n. Adem\u00e1s cabe resaltar que aunque este es un sitio seguro, no est\u00e1 libre de errores y en consecuencia la informaci\u00f3n general, as\u00ed como las caracter\u00edsticas de los productos anunciados y los precios, pueden variar con ocasi\u00f3n de errores humanos, tecnol\u00f3gicos, manipulaci\u00f3n por terceros no autorizados, virus o cualquier evento de invasi\u00f3n o manipulaci\u00f3n tecnol\u00f3gica.<\/p>\n<p>Tiene la posibilidad de obtener registros magn\u00e9ticos con el fin de tener pruebas de las operaciones y\/o transacciones realizadas por el \u201cusuario\u201d.<\/p>\n<p>Se reserva la posibilidad de realizar verificaciones posteriores a toda transacci\u00f3n ejecutada por el \u201cusuario\u201d, como tambi\u00e9n de solicitar confirmaci\u00f3n de la transacci\u00f3n por parte del \u201cusuario\u201d. Adem\u00e1s, Ducamotocol est\u00e1 en la capacidad de rechazar las compras hechas por el cliente, ya sea parcial o totalmente, de cualquier oferta que se presente en la p\u00e1gina. En tal caso, Ducamotocol le reconocer\u00e1 al cliente el dinero que corresponda al valor de la transacci\u00f3n rechazada.<\/p>\n<h2>Es importante tener en cuenta que<\/h2>\n<h2>Confidencialidad de la cuenta<\/h2>\n<p>El usuario debe manejar con completa confidencialidad su cuenta, as\u00ed como de cualquier otro n\u00famero de identificaci\u00f3n o clave del Usuario, independientemente de que \u00e9stos hayan sido proporcionados por Ducamotocol o seleccionados por el \u201cUsuario\u201d. Todas las actividades que se realicen con su cuenta como: intercambios, consultas, solicitudes y dem\u00e1s actividades; ser\u00e1n de su exclusiva responsabilidad.<\/p>\n<p>Por lo anterior, as\u00ed el cliente tenga o no tenga cuenta en la p\u00e1gina de Ducamotocol, es necesario que cuente con dispositivos de seguridad electr\u00f3nicos y adopte las medidas necesarias que eviten, entre otros: la suplantaci\u00f3n de la persona, la utilizaci\u00f3n de su informaci\u00f3n por terceras personas, los fraudes, las intrusiones, los virus, esp\u00edas y similares. Adem\u00e1s, mediante estos dispositivos de seguridad se podr\u00e1 verificar la identidad del \u201cusuario\u201d<\/p>\n<h2>Empresas como usuarios<\/h2>\n<p>Ducamotocol asume que si el usuario est\u00e1 facturando a nombre de determinada empresa, es porque est\u00e1 en la total capacidad y autorizaci\u00f3n de hacerlo.<\/p>\n<h2>Propiedad intelectual<\/h2>\n<p>Los derechos de propiedad intelectual de la p\u00e1gina son propiedad de\u00a0DUCAMOTOCOL SAS. Queda estrictamente prohibida la divulgaci\u00f3n, reproducci\u00f3n, distribuci\u00f3n o comunicaci\u00f3n p\u00fablica total o parcial de cualquier parte de esta herramienta sin la previa autorizaci\u00f3n por escrito por parte de DUCAMOTOCOL. El contenido que se presenta en la p\u00e1gina, enti\u00e9ndase como el material informativo, fotogr\u00e1fico, multimedia y publicitario, es de propiedad exclusiva de Ducamotocol, el uso de la informaci\u00f3n contenida en \u00e9sta solo le corresponde a Ducamotocol o a terceros expresamente autorizados para ello. Las personas que no est\u00e9n autorizadas deber\u00e1n abstenerse de extraer o reutilizar dicha informaci\u00f3n.<\/p>\n<p>DUCAMOTOCOL\u00a0tiene el derecho de rechazar el ingreso del \u201cusuario\u201d a la p\u00e1gina. El \u201cUsuario\u201d entiende que en esta herramienta no se lleva a cabo ning\u00fan tipo de aprobaci\u00f3n de cr\u00e9dito.<\/p>\n<h2>Condiciones de venta y devoluci\u00f3n<\/h2>\n<h3>Aclaraciones generales<\/h3>\n<ul>\n<li>Todas las transacciones realizadas en www.ducatiColombia.co\/Tienda est\u00e1n sujetas a un proceso de validaci\u00f3n de inventario, medio de pago y datos personales. Las \u00f3rdenes que no aprueben este proceso de validaci\u00f3n ser\u00e1n rechazadas por el sistema. El resultado de la validaci\u00f3n ser\u00e1 informado al cliente v\u00eda correo electr\u00f3nico y en caso de haberse debitado dinero se realizar\u00e1 la devoluci\u00f3n al mismo medio de pago.<\/li>\n<li>La entrega de los pedidos se realiza dentro de ciudades, regiones y\/\u00f3 zonas consideradas como seguras para la operaci\u00f3n del transporte, a criterio del transportista.<\/li>\n<li>Ducamotocol aclara que no tenemos disponible el servicio de entregas con pago contraentrega, Si al momento de abrir el empaque usted observa alguna anomal\u00eda o defecto, debe comunicarse con las l\u00edneas de servicio al cliente BOGOT\u00c1 WhatsApp 310 205 7041.<\/li>\n<li>El producto podr\u00e1 ser recibido e inspeccionado por cualquier persona mayor de edad que habite o est\u00e9 presente en el lugar de entrega, para lo cual bastar\u00e1 la firma en el documento de transporte, a menos que el cliente manifieste expresamente al momento de la compra, que el producto debe ser entregado \u00fanicamente al comprador o a un tercero autorizado, esta se deber\u00e1 indicar en la casilla de observaciones de su compra.<\/li>\n<li>En caso de no estar nadie presente en el sitio de entrega para recibir el producto despachado, o no estar presente la persona autorizada, el pedido ser\u00e1 devuelto al lugar de despacho. Ducamotocol reprogramar\u00e1 la entrega del mismo y\/o el cliente deber\u00e1 comunicarse al n\u00famero de WhatsApp autorizado (310 205 7041) y reprogramar la entrega del producto. Si el producto no es recibido despu\u00e9s de tres visitas realizadas por parte de la transportadora, Ducamotocol proceder\u00e1 con la devoluci\u00f3n de los productos. En este caso, si el cliente desea que le reenv\u00eden el pedido, es obligaci\u00f3n del cliente contactarse con Servicio al cliente para programar el reenv\u00edo del pedido, lo cual incurre en un costo que deber\u00e1 asumir el cliente.<\/li>\n<li>El cliente y el transportista deben revisar que el producto entregado se encuentre en buenas condiciones. Si no se registra alg\u00fan reclamo por parte del cliente en el documento de transporte correspondiente, se entender\u00e1 que el recibo del producto fue satisfactorio.<\/li>\n<li>En caso de que no se realice la inspecci\u00f3n del producto en el momento de la entrega, el cliente tiene 24 horas despu\u00e9s de recibido para notificar a Ducamotocol SAS de cualquier inconveniente con el producto. Despu\u00e9s de ese tiempo no se aceptan reclamaciones. Deber\u00e1 notificar al n\u00famero autorizado servicio al clientes WhatsApp (310 205 7041).<\/li>\n<li>Si al momento de la entrega del producto, el cliente rechaza el recibimiento del mismo por una raz\u00f3n ajena a la responsabilidad de DUCAMOTOCOL, el costo del env\u00edo no le ser\u00e1 devuelto.<\/li>\n<li>Luego de recibido el producto, bajo ninguna circunstancia, ni el transportador ni terceros est\u00e1n autorizados para volver a retirar el producto del domicilio. El cliente debe tener en cuenta que los amigos de lo ajeno pueden intentar enga\u00f1arlo con excusas para quedarse con su producto, con argumentos tales como: \u201cHubo un error en la entrega, le subir\u00e1n el correcto, el producto entregado est\u00e1 da\u00f1ado\u201d etc. En caso de que suceda este evento, es oportuno que el cliente se comunique con las l\u00edneas de atenci\u00f3n al cliente en WhatsApp (310 205 7041).<\/li>\n<li>Si la fecha establecida por el cliente para efectuar la entrega es superior a 30 d\u00edas despu\u00e9s de realizada la compra, a partir del d\u00eda 31 se causar\u00e1 un cargo adicional por concepto de dep\u00f3sito de mercanc\u00eda, correspondiente a $60.000 mensuales (se cobra por mes o el precio equivalente a la fracci\u00f3n de mes). El pago se deber\u00e1 realizar directamente en nuestras tiendas Ducati o coordinado con un asesor escribiendo a nuestra l\u00ednea de Servicio al Cliente y ser\u00e1 requisito para la programaci\u00f3n del despacho. Si el hecho de posponer la entrega incurre para Ducamotocol la necesidad de ampliar el bodegaje, el cliente deber\u00e1 realizar el pago del periodo adicional, de lo contrario el producto ser\u00e1 despachado a la direcci\u00f3n indicada. La opci\u00f3n de pacto de fecha de entrega no se podr\u00e1 realizar directamente en nuestro sitio, esto se manejar\u00e1 como un caso excepcional coordinado directamente con en la l\u00ednea de Servicio al Cliente y aplicando las condiciones anteriormente expuestas.<\/li>\n<\/ul>\n<p>En caso de tener alguna inquietud con tu despacho, comun\u00edcate a nuestra l\u00ednea de atenci\u00f3n de WhatsApp (310 205 7041).<\/p>\n<h2>Responsabilidad del transportista<\/h2>\n<ul>\n<li>Hacer entrega del producto en el domicilio indicado en la gu\u00eda de despacho.<\/li>\n<li>Hacer una revisi\u00f3n visual del estado del producto para constatar posibles da\u00f1os f\u00edsicos.<\/li>\n<li>Entrega en el domicilio<\/li>\n<li>Para que el transportista pueda ejercer el retiro de un producto, el producto debe estar desarmado y en un empaque adecuado. El transportista NO retirar\u00e1 productos armados, ya sea con o sin da\u00f1os.<\/li>\n<\/ul>\n<h2>Condiciones de anulaci\u00f3n de \u00f3rdenes<\/h2>\n<p>Si el cliente desea realizar la anulaci\u00f3n de la compra, debe hacerlo durante las 24 horas siguientes a la hora en la que realiz\u00f3 la compra. Si el pedido no se ha enviado al domicilio indicado por el cliente, esta anulaci\u00f3n se har\u00e1 efectiva sin ning\u00fan costo. En el caso en el que el pedido ya haya sido enviado por Ducamotocol a la direcci\u00f3n indicada por el cliente, el cliente deber\u00e1 esperar a la recepci\u00f3n del pedido para que se inicie el proceso de devoluci\u00f3n de dinero, y pagar el costo del retiro, que tiene la misma tarifa que se pag\u00f3 en el momento de la compra. Adem\u00e1s el cliente debe tener en cuenta que aun as\u00ed haya realizado la anulaci\u00f3n de la compra, el dinero s\u00ed fue debitado de su cuenta.<\/p>\n<p>Para ejercer la anulaci\u00f3n de la compra, el cliente puede comunicarse con la l\u00ednea de Servicio al cliente WhatsApp (310 205 7041).<\/p>\n<h2>Condiciones de compradores<\/h2>\n<p>Los Servicios s\u00f3lo est\u00e1n disponibles para personas que tengan capacidad legal para contratar. No podr\u00e1n utilizar los servicios las personas que no tengan esa capacidad ni los menores de edad. Los actos que \u00e9stos realicen en este sitio ser\u00e1n responsabilidad de sus padres, tutores, encargados o curadores, y por tanto se considerar\u00e1n realizados por \u00e9stos en ejercicio de la representaci\u00f3n legal con la que cuentan<\/p>\n<h2>Cambios y devoluciones<\/h2>\n<p>El cliente tiene 10 d\u00edas calendario de la fecha de entrega del producto, para realizar el cambio o devoluci\u00f3n del mismo. El producto debe estar como nuevo, sin abrir, sin uso, con todos sus empaques originales, piezas, accesorios, manuales completos y etiquetas adheridas al mismo.<\/p>\n<p>Para toda la devoluci\u00f3n es fundamental el empaque original pues es tan importante como el producto mismo; manipulando con el mayor de los cuidaos, de esta forma no tendr\u00e1s ning\u00fan inconveniente al momento de realizar la devoluci\u00f3n.<\/p>\n<p>El producto de estar nuevo, sin abrir, sin uso, con todos sus empaques originales, piezas, accesorios, manuales completos y etiquetas adheridos al mismo. No se recibir\u00e1n prendas con modificaciones a la confecci\u00f3n original. El producto debe ser nuevo (Sin uso).<\/p>\n<p>Para toda devoluci\u00f3n es fundamental el empaque original pues es tan importante como el producto mismo; manip\u00falalo con el mayor de los cuidados, de esta forma no tendr\u00e1s ning\u00fan inconveniente al momento de realizar la devoluci\u00f3n.<\/p>\n<p>Los cambios o devoluciones solo se realizar\u00e1n por tres motivos: da\u00f1o de producto, el producto no corresponde a la compra, o la talla no corresponde a la solicitada.<\/p>\n<p>Los cambios solamente se realizar\u00e1n en tienda f\u00edsica, con la respectiva factura de compra, y \u00fanicamente en nuestras tiendas oficiales Ducati Colombia.<\/p>\n<h2>Textos legales del d\u00eda SIN IVA<\/h2>\n<h3>\u00bfQu\u00e9 es el d\u00eda SIN IVA?<\/h3>\n<p>Los d\u00edas sin IVA, son aquellos en los que el Gobierno Nacional otorga a todos los consumidores, el beneficio tributario de no cobrarles el IVA (Impuesto al Valor Agregado) a ciertos productos.<\/p>\n<h3>\u00bfCu\u00e1ndo el el pr\u00f3ximo d\u00eda SIN IVA?<\/h3>\n<p>En este 2022 el pr\u00f3ximo d\u00eda sin IVA se celebrar\u00e1 el 17 de junio.<\/p>\n<h3>\u00bfCu\u00e1l es el decreto que reglamenta los d\u00edas SIN IVA?<\/h3>\n<p>Nuestra operaci\u00f3n est\u00e1 preparada para cumplir con los despachos dentro de las dos semanas posteriores a tu compra tal y como lo establece la normatividad para que aplique el beneficio. Si por razones atribuibles a nuestra operaci\u00f3n se retrasa la entrega, no te preocupes, nosotros asumiremos ese IVA no recaudado.<\/p>\n<h3>\u00bfC\u00f3mo ser\u00e1n los horarios de nuestras tiendas Ducamotocol y de nuestra tienda Virtual Ducati Store?<\/h3>\n<p>El horario de tiendas ser\u00e1 de 010:00 a.m a 6:00 p.m. En www.ducaticolombia.co\/tienda podr\u00e1s iniciar tus compras desde las 00:01 a.m de cada d\u00eda sin IVA hasta las 8:00 p.m.<\/p>\n<h3>\u00bfCu\u00e1ntos art\u00edculos pueden comprar un cliente para que aplique el beneficio?<\/h3>\n<p>Durante la jornada del D\u00eda sin IVA el cliente podr\u00e1 comprar m\u00e1ximo 3 unidades del mismo tipo de producto o del mismo g\u00e9nero participante. Ej: g\u00e9nero de las camisas, de los su\u00e9teres, de los pantalones etc. Para dar cumplimiento a lo anterior, en www.ducaticolombia.co\/tienda el cliente podr\u00e1 comprar hasta m\u00e1ximo 8 productos por transacci\u00f3n.<\/p>\n<p>Ducamotocol proceder\u00e1 a verificar que el beneficio tributario aplica sobre cada una de las compras realizadas y confirmar\u00e1 al cliente mediante correo electr\u00f3nico si su compra fue o no aprobada.<br \/>\nDe no ser aprobada, se proceder\u00e1 a informar al cliente sobre la cancelaci\u00f3n del pedido y se le realizar\u00e1 la devoluci\u00f3n del dinero pagado atendiendo las pol\u00edticas de devoluciones.<\/p>\n<p>Conoce aqu\u00ed la\u00a0pol\u00edtica de cambios y devoluciones.<\/p>\n<h3>\u00bfPuedo solicitar el cambio de fecha de entrega de mi producto?<\/h3>\n<p>Los tiempos de despacho a domicilio ser\u00e1n los establecidos en la p\u00e1gina a la hora de hacer la compra de tus productos. No ser\u00e1 posible realizar el cambio en la fecha de entrega. En caso de que no puedas recibir el producto en la fecha ya escogida y si lo deseas procederemos a realizar la devoluci\u00f3n de tu dinero al mismo medio de pago utilizado. No olvides que, al momento de realizar la compra, debes ingresar de forma correcta la direcci\u00f3n y los n\u00fameros telef\u00f3nicos para poder comunicarnos contigo en caso de que sea necesario confirmar los datos y as\u00ed realizar un nuevo intento de entrega. En caso de no sea posible comunicarnos contigo, procederemos a realizar la devoluci\u00f3n de tu dinero al mismo medio de pago utilizado.<\/p>\n<h3>\u00bfPuedo solicitar el cambio de direcci\u00f3n para la entrega de mi producto?<\/h3>\n<p>No ser\u00e1 posible realizar el cambio de direcci\u00f3n. En caso de que no puedas recibir el producto en la direcci\u00f3n ya escogida y si lo deseas procederemos a realizar la devoluci\u00f3n de tu dinero al mismo medio de pago utilizado.<\/p>\n<h3>\u00bfPuedo solicitar el cambio de direcci\u00f3n para la entrega de mi producto?<\/h3>\n<p>Se pueden hacer pagos a trav\u00e9s de tarjetas d\u00e9bito, cr\u00e9dito, o PSE No est\u00e1n autorizados los pagos con Gift Cards y cupones.<br \/>\nLa alta demanda del evento puede causar demoras en la navegaci\u00f3n de la p\u00e1gina, por esta raz\u00f3n podemos llegar a presentar un aviso de fila virtual donde se informar\u00e1 el tiempo de espera que tomara completar la compra.[\/vc_column_text][\/vc_column][\/vc_row]<\/p>\n","protected":false},"excerpt":{"rendered":"<p>[vc_row][vc_column][vc_column_text] Or\u00edgenes de ingresos: EL CLIENTE al consentir en cualquiera de los contratos que se perfeccionan al realizar transacciones en DucatiColombia.co\/Tienda , declara bajo la gravedad de juramento, que sus ingresos provienen de actividades l\u00edcitas, que no se encuentra con registro negativo en listados de prevenci\u00f3n de lavado de activos nacionales o internacionales, que no [&hellip;]<\/p>\n","protected":false},"author":1,"featured_media":0,"parent":0,"menu_order":0,"comment_status":"closed","ping_status":"closed","template":"","meta":{"footnotes":""},"class_list":["post-1448","page","type-page","status-publish","hentry"],"_links":{"self":[{"href":"https:\/\/www.ducaticolombia.co\/tienda\/wp-json\/wp\/v2\/pages\/1448","targetHints":{"allow":["GET"]}}],"collection":[{"href":"https:\/\/www.ducaticolombia.co\/tienda\/wp-json\/wp\/v2\/pages"}],"about":[{"href":"https:\/\/www.ducaticolombia.co\/tienda\/wp-json\/wp\/v2\/types\/page"}],"author":[{"embeddable":true,"href":"https:\/\/www.ducaticolombia.co\/tienda\/wp-json\/wp\/v2\/users\/1"}],"replies":[{"embeddable":true,"href":"https:\/\/www.ducaticolombia.co\/tienda\/wp-json\/wp\/v2\/comments?post=1448"}],"version-history":[{"count":1,"href":"https:\/\/www.ducaticolombia.co\/tienda\/wp-json\/wp\/v2\/pages\/1448\/revisions"}],"predecessor-version":[{"id":1458,"href":"https:\/\/www.ducaticolombia.co\/tienda\/wp-json\/wp\/v2\/pages\/1448\/revisions\/1458"}],"wp:attachment":[{"href":"https:\/\/www.ducaticolombia.co\/tienda\/wp-json\/wp\/v2\/media?parent=1448"}],"curies":[{"name":"wp","href":"https:\/\/api.w.org\/{rel}","templated":true}]}}