{"id":2932,"date":"2023-03-14T11:19:44","date_gmt":"2023-03-14T16:19:44","guid":{"rendered":"https:\/\/www.ducaticolombia.co\/tienda\/?post_type=product&#038;p=2932"},"modified":"2025-12-06T00:00:26","modified_gmt":"2025-12-06T05:00:26","slug":"asiento-alto-para-piloto-desert-x-ducati","status":"publish","type":"product","link":"https:\/\/www.ducaticolombia.co\/tienda\/producto\/asiento-alto-para-piloto-desert-x-ducati\/","title":{"rendered":"Asiento Alto Para Piloto | Desert X | Ducati"},"content":{"rendered":"<p>[vc_row][vc_column][vc_tta_tour active_section=&#8221;1&#8243; el_class=&#8221;tabs-producto-contenedor&#8221;][vc_tta_section title=&#8221;APLICABILIDAD&#8221; tab_id=&#8221;APLICABILIDAD&#8221;][vc_column_text]<\/p>\n<ul>\n<li>DESERT X<\/li>\n<\/ul>\n<p>[\/vc_column_text][\/vc_tta_section][\/vc_tta_tour][\/vc_column][\/vc_row]<\/p>\n","protected":false},"excerpt":{"rendered":"<p>Accesorio desarrollado para aumentar 15 mm la altura del asiento con respecto a la versi\u00f3n de serie. La realizaci\u00f3n de espuma m\u00e1s compacta ofrece el m\u00e1ximo apoyo y confort de conducci\u00f3n tambi\u00e9n a los pilotos m\u00e1s altos.<\/p>\n","protected":false},"featured_media":2933,"comment_status":"closed","ping_status":"closed","template":"","meta":[],"product_cat":[96,115],"product_tag":[],"class_list":["post-2932","product","type-product","status-publish","has-post-thumbnail","hentry","product_cat-accesorios-para-moto","product_cat-desert-x"],"_links":{"self":[{"href":"https:\/\/www.ducaticolombia.co\/tienda\/wp-json\/wp\/v2\/product\/2932","targetHints":{"allow":["GET"]}}],"collection":[{"href":"https:\/\/www.ducaticolombia.co\/tienda\/wp-json\/wp\/v2\/product"}],"about":[{"href":"https:\/\/www.ducaticolombia.co\/tienda\/wp-json\/wp\/v2\/types\/product"}],"replies":[{"embeddable":true,"href":"https:\/\/www.ducaticolombia.co\/tienda\/wp-json\/wp\/v2\/comments?post=2932"}],"wp:featuredmedia":[{"embeddable":true,"href":"https:\/\/www.ducaticolombia.co\/tienda\/wp-json\/wp\/v2\/media\/2933"}],"wp:attachment":[{"href":"https:\/\/www.ducaticolombia.co\/tienda\/wp-json\/wp\/v2\/media?parent=2932"}],"wp:term":[{"taxonomy":"product_cat","embeddable":true,"href":"https:\/\/www.ducaticolombia.co\/tienda\/wp-json\/wp\/v2\/product_cat?post=2932"},{"taxonomy":"product_tag","embeddable":true,"href":"https:\/\/www.ducaticolombia.co\/tienda\/wp-json\/wp\/v2\/product_tag?post=2932"}],"curies":[{"name":"wp","href":"https:\/\/api.w.org\/{rel}","templated":true}]}}