{"id":4016,"date":"2023-09-12T14:44:26","date_gmt":"2023-09-12T19:44:26","guid":{"rendered":"https:\/\/www.ducaticolombia.co\/tienda\/?post_type=product&#038;p=4016"},"modified":"2025-12-06T00:00:26","modified_gmt":"2025-12-06T05:00:26","slug":"sub-chasis-para-maletas-laterales-de-aluminio-desert-x-ducati-original","status":"publish","type":"product","link":"https:\/\/www.ducaticolombia.co\/tienda\/producto\/sub-chasis-para-maletas-laterales-de-aluminio-desert-x-ducati-original\/","title":{"rendered":"Sub-Chasis Para Maletas Laterales De Aluminio | Desert X | Ducati | Original"},"content":{"rendered":"<p>[vc_row][vc_column][vc_tta_tour active_section=&#8221;1&#8243; el_class=&#8221;tabs-producto-contenedor&#8221;][vc_tta_section title=&#8221;APLICABILIDAD&#8221; tab_id=&#8221;APLICABILIDAD&#8221;][vc_column_text]<\/p>\n<ul>\n<li>DESERT X<\/li>\n<\/ul>\n<p>[\/vc_column_text][\/vc_tta_section][\/vc_tta_tour][\/vc_column][\/vc_row]<\/p>\n","protected":false},"excerpt":{"rendered":"<p>Par de accesorios pr\u00e1cticos y resistentes que permiten el montaje de las maletas laterales de aluminio en la DesertX. Sistema realizado de acero inoxidable y dotado de una estructura s\u00f3lida que ofrece una \u00f3ptima estabilidad a las maletas laterales, garantizando al mismo tiempo la m\u00e1xima facilidad de montaje.<\/p>\n","protected":false},"featured_media":4020,"comment_status":"closed","ping_status":"closed","template":"","meta":[],"product_cat":[96,115],"product_tag":[],"class_list":["post-4016","product","type-product","status-publish","has-post-thumbnail","hentry","product_cat-accesorios-para-moto","product_cat-desert-x"],"_links":{"self":[{"href":"https:\/\/www.ducaticolombia.co\/tienda\/wp-json\/wp\/v2\/product\/4016","targetHints":{"allow":["GET"]}}],"collection":[{"href":"https:\/\/www.ducaticolombia.co\/tienda\/wp-json\/wp\/v2\/product"}],"about":[{"href":"https:\/\/www.ducaticolombia.co\/tienda\/wp-json\/wp\/v2\/types\/product"}],"replies":[{"embeddable":true,"href":"https:\/\/www.ducaticolombia.co\/tienda\/wp-json\/wp\/v2\/comments?post=4016"}],"wp:featuredmedia":[{"embeddable":true,"href":"https:\/\/www.ducaticolombia.co\/tienda\/wp-json\/wp\/v2\/media\/4020"}],"wp:attachment":[{"href":"https:\/\/www.ducaticolombia.co\/tienda\/wp-json\/wp\/v2\/media?parent=4016"}],"wp:term":[{"taxonomy":"product_cat","embeddable":true,"href":"https:\/\/www.ducaticolombia.co\/tienda\/wp-json\/wp\/v2\/product_cat?post=4016"},{"taxonomy":"product_tag","embeddable":true,"href":"https:\/\/www.ducaticolombia.co\/tienda\/wp-json\/wp\/v2\/product_tag?post=4016"}],"curies":[{"name":"wp","href":"https:\/\/api.w.org\/{rel}","templated":true}]}}