{"id":4199,"date":"2023-11-23T17:38:22","date_gmt":"2023-11-23T22:38:22","guid":{"rendered":"https:\/\/www.ducaticolombia.co\/tienda\/?post_type=product&#038;p=4199"},"modified":"2026-02-03T11:27:06","modified_gmt":"2026-02-03T16:27:06","slug":"protecciones-adhesivas-deposito-desert-x-ducati","status":"publish","type":"product","link":"https:\/\/www.ducaticolombia.co\/tienda\/producto\/protecciones-adhesivas-deposito-desert-x-ducati\/","title":{"rendered":"Protecciones Adhesivas Dep\u00f3sito | Desert X | Ducati"},"content":{"rendered":"<p>[vc_row][vc_column][vc_tta_tour active_section=&#8221;1&#8243; el_class=&#8221;tabs-producto-contenedor&#8221;][vc_tta_section title=&#8221;APLICABILIDAD&#8221; tab_id=&#8221;APLICABILIDAD&#8221;][vc_column_text]<\/p>\n<ul>\n<li>DESERT X<\/li>\n<\/ul>\n<p>[\/vc_column_text][\/vc_tta_section][\/vc_tta_tour][\/vc_column][\/vc_row]<\/p>\n","protected":false},"excerpt":{"rendered":"<p>Pr\u00e1ctico accesorio realizado con materiales de calidad para proteger la parte del dep\u00f3sito m\u00e1s expuesta a ara\u00f1azos y roces. El aliado perfecto para mantener la pintura del dep\u00f3sito inalterada.<\/p>\n","protected":false},"featured_media":4200,"comment_status":"closed","ping_status":"closed","template":"","meta":[],"product_cat":[96,115],"product_tag":[],"class_list":["post-4199","product","type-product","status-publish","has-post-thumbnail","hentry","product_cat-accesorios-para-moto","product_cat-desert-x"],"_links":{"self":[{"href":"https:\/\/www.ducaticolombia.co\/tienda\/wp-json\/wp\/v2\/product\/4199","targetHints":{"allow":["GET"]}}],"collection":[{"href":"https:\/\/www.ducaticolombia.co\/tienda\/wp-json\/wp\/v2\/product"}],"about":[{"href":"https:\/\/www.ducaticolombia.co\/tienda\/wp-json\/wp\/v2\/types\/product"}],"replies":[{"embeddable":true,"href":"https:\/\/www.ducaticolombia.co\/tienda\/wp-json\/wp\/v2\/comments?post=4199"}],"wp:featuredmedia":[{"embeddable":true,"href":"https:\/\/www.ducaticolombia.co\/tienda\/wp-json\/wp\/v2\/media\/4200"}],"wp:attachment":[{"href":"https:\/\/www.ducaticolombia.co\/tienda\/wp-json\/wp\/v2\/media?parent=4199"}],"wp:term":[{"taxonomy":"product_cat","embeddable":true,"href":"https:\/\/www.ducaticolombia.co\/tienda\/wp-json\/wp\/v2\/product_cat?post=4199"},{"taxonomy":"product_tag","embeddable":true,"href":"https:\/\/www.ducaticolombia.co\/tienda\/wp-json\/wp\/v2\/product_tag?post=4199"}],"curies":[{"name":"wp","href":"https:\/\/api.w.org\/{rel}","templated":true}]}}