{"id":4281,"date":"2023-11-29T15:56:48","date_gmt":"2023-11-29T20:56:48","guid":{"rendered":"https:\/\/www.ducaticolombia.co\/tienda\/?post_type=product&#038;p=4281"},"modified":"2025-11-10T00:00:08","modified_gmt":"2025-11-10T05:00:08","slug":"full-system-termignoni-scrambler-next-gen-ducati","status":"publish","type":"product","link":"https:\/\/www.ducaticolombia.co\/tienda\/producto\/full-system-termignoni-scrambler-next-gen-ducati\/","title":{"rendered":"Full System Termignoni | Scrambler Next Gen | Ducati"},"content":{"rendered":"<p>[vc_row][vc_column][vc_tta_tour active_section=&#8221;1&#8243; el_class=&#8221;tabs-producto-contenedor&#8221;][vc_tta_section title=&#8221;APLICABILIDAD&#8221; tab_id=&#8221;APLICABILIDAD&#8221;][vc_column_text]<\/p>\n<ul>\n<li>ICON, FULL THROTTLE, NIGHTSHIFT<\/li>\n<\/ul>\n<p>[\/vc_column_text][\/vc_tta_section][\/vc_tta_tour][\/vc_column][\/vc_row]<\/p>\n","protected":false},"excerpt":{"rendered":"<p>Accesorio producido por Termignoni para que el car\u00e1cter y el sonido de la Scrambler sea a\u00fan m\u00e1s peculiar. Los colectores 2-1 en posici\u00f3n m\u00e1s elevada y el silenciador racing con Db-killer extra\u00edble embellecen la est\u00e9tica con un toque de deportividad original. Mejores prestaciones y mapa espec\u00edfico, para liberar la naturaleza deportiva de Scrambler, sin renunciar a su estilo ic\u00f3nico.<\/p>\n","protected":false},"featured_media":4282,"comment_status":"closed","ping_status":"closed","template":"","meta":[],"product_cat":[96,97,135],"product_tag":[],"class_list":["post-4281","product","type-product","status-publish","has-post-thumbnail","hentry","product_cat-accesorios-para-moto","product_cat-scrambler","product_cat-scrambler-next-gen"],"_links":{"self":[{"href":"https:\/\/www.ducaticolombia.co\/tienda\/wp-json\/wp\/v2\/product\/4281","targetHints":{"allow":["GET"]}}],"collection":[{"href":"https:\/\/www.ducaticolombia.co\/tienda\/wp-json\/wp\/v2\/product"}],"about":[{"href":"https:\/\/www.ducaticolombia.co\/tienda\/wp-json\/wp\/v2\/types\/product"}],"replies":[{"embeddable":true,"href":"https:\/\/www.ducaticolombia.co\/tienda\/wp-json\/wp\/v2\/comments?post=4281"}],"wp:featuredmedia":[{"embeddable":true,"href":"https:\/\/www.ducaticolombia.co\/tienda\/wp-json\/wp\/v2\/media\/4282"}],"wp:attachment":[{"href":"https:\/\/www.ducaticolombia.co\/tienda\/wp-json\/wp\/v2\/media?parent=4281"}],"wp:term":[{"taxonomy":"product_cat","embeddable":true,"href":"https:\/\/www.ducaticolombia.co\/tienda\/wp-json\/wp\/v2\/product_cat?post=4281"},{"taxonomy":"product_tag","embeddable":true,"href":"https:\/\/www.ducaticolombia.co\/tienda\/wp-json\/wp\/v2\/product_tag?post=4281"}],"curies":[{"name":"wp","href":"https:\/\/api.w.org\/{rel}","templated":true}]}}