{"id":5026,"date":"2024-06-05T12:49:56","date_gmt":"2024-06-05T17:49:56","guid":{"rendered":"https:\/\/www.ducaticolombia.co\/tienda\/?post_type=product&#038;p=5026"},"modified":"2025-12-06T00:00:27","modified_gmt":"2025-12-06T05:00:27","slug":"maletas-laterales-blandas-desert-x-ducati","status":"publish","type":"product","link":"https:\/\/www.ducaticolombia.co\/tienda\/producto\/maletas-laterales-blandas-desert-x-ducati\/","title":{"rendered":"Maletas Laterales Blandas | Desert X | Ducati"},"content":{"rendered":"<p>[vc_row][vc_column][vc_tta_tour active_section=&#8221;1&#8243; el_class=&#8221;tabs-producto-contenedor&#8221;][vc_tta_section title=&#8221;APLICABILIDAD&#8221; tab_id=&#8221;APLICABILIDAD&#8221;][vc_column_text]<\/p>\n<ul>\n<li>DESERT X, DESERT X RALLY<\/li>\n<\/ul>\n<p>[\/vc_column_text][\/vc_tta_section][vc_tta_section title=&#8221;FUNCIONALIDAD&#8221; tab_id=&#8221;1717609903583-21127e03-aba0&#8243;][vc_column_text]CARGA M\u00c1XIMA TRANSPORTABLE BOLSA DERECHA [KG] : 2,5<\/p>\n<p>CARGA M\u00c1XIMA TRANSPORTABLE BOLSA IZQUIERDA [KG] : 2,5<\/p>\n<p>CAPACIDAD BOLSA DERECHA [LITROS] : 13<\/p>\n<p>CAPACIDAD BOLSA IZQUIERDA [LITROS] : 13[\/vc_column_text][\/vc_tta_section][vc_tta_section title=&#8221;NOTAS&#8221; tab_id=&#8221;1717610004247-b8736b8c-d231&#8243;][vc_column_text]Con las bolsas laterales blandas instaladas, est\u00e1 prohibido transportar un pasajero.<\/p>\n<p>No compatible con Top Case ni dep\u00f3sito auxiliar.[\/vc_column_text][\/vc_tta_section][\/vc_tta_tour][\/vc_column][\/vc_row]<\/p>\n","protected":false},"excerpt":{"rendered":"<div class=\"jss1520\">Impermeabilidad, resistencia y ligereza hacen de este accesorio el compa\u00f1ero ideal para todas las aventuras en todoterreno. Realizadas de hypalon , son simples y r\u00e1pidas de montar. Su capacidad, ideal para un fin de semana fuera de la ciudad, se puede regular en funci\u00f3n de las exigencias del piloto gracias al dise\u00f1o modular. El look moderno se adapta perfectamente al car\u00e1cter de la moto, en una combinaci\u00f3n de practicidad y estilo.<\/div>\n","protected":false},"featured_media":5027,"comment_status":"closed","ping_status":"closed","template":"","meta":[],"product_cat":[96,115],"product_tag":[],"class_list":["post-5026","product","type-product","status-publish","has-post-thumbnail","hentry","product_cat-accesorios-para-moto","product_cat-desert-x"],"_links":{"self":[{"href":"https:\/\/www.ducaticolombia.co\/tienda\/wp-json\/wp\/v2\/product\/5026","targetHints":{"allow":["GET"]}}],"collection":[{"href":"https:\/\/www.ducaticolombia.co\/tienda\/wp-json\/wp\/v2\/product"}],"about":[{"href":"https:\/\/www.ducaticolombia.co\/tienda\/wp-json\/wp\/v2\/types\/product"}],"replies":[{"embeddable":true,"href":"https:\/\/www.ducaticolombia.co\/tienda\/wp-json\/wp\/v2\/comments?post=5026"}],"wp:featuredmedia":[{"embeddable":true,"href":"https:\/\/www.ducaticolombia.co\/tienda\/wp-json\/wp\/v2\/media\/5027"}],"wp:attachment":[{"href":"https:\/\/www.ducaticolombia.co\/tienda\/wp-json\/wp\/v2\/media?parent=5026"}],"wp:term":[{"taxonomy":"product_cat","embeddable":true,"href":"https:\/\/www.ducaticolombia.co\/tienda\/wp-json\/wp\/v2\/product_cat?post=5026"},{"taxonomy":"product_tag","embeddable":true,"href":"https:\/\/www.ducaticolombia.co\/tienda\/wp-json\/wp\/v2\/product_tag?post=5026"}],"curies":[{"name":"wp","href":"https:\/\/api.w.org\/{rel}","templated":true}]}}