{"id":5032,"date":"2024-06-05T13:11:07","date_gmt":"2024-06-05T18:11:07","guid":{"rendered":"https:\/\/www.ducaticolombia.co\/tienda\/?post_type=product&#038;p=5032"},"modified":"2025-12-09T11:29:07","modified_gmt":"2025-12-09T16:29:07","slug":"sensor-de-presion-de-neumaticos","status":"publish","type":"product","link":"https:\/\/www.ducaticolombia.co\/tienda\/producto\/sensor-de-presion-de-neumaticos\/","title":{"rendered":"Sensor De Presi\u00f3n De Neum\u00e1ticos"},"content":{"rendered":"<p>[vc_row][vc_column][vc_tta_tour active_section=&#8221;1&#8243; el_class=&#8221;tabs-producto-contenedor&#8221;][vc_tta_section title=&#8221;APLICABILIDAD&#8221; tab_id=&#8221;APLICABILIDAD&#8221;][vc_column_text]<\/p>\n<ul>\n<li>MULTISTRADA V4S, MULTISTRADA V4S TRAVEL, MULTISTRADA V4S TRAVEL RADAR, MULTISTRADA V4S FULL, MULTISTRADA V4S PERFORMANCE, MULTISTRADA V4S SPORT, MULTISTRADA V4S RADAR, MULTISTRADA V4 PIKES PEAK, MULTISTRADA V4 RS<\/li>\n<li>MULTISTRADA V2 S, MULTISTRADA V2 S TRAVEL, MULTISTRADA 1260, MULTISTRADA 1260 S PIKES PEAK, MULTISTRADA 1260 S D-AIR, MULTISTRADA 1260 S, MULTISTRADA 950 S<\/li>\n<li>DIAVEL V4, DIAVEL V4 BENTLEY<\/li>\n<\/ul>\n<p>[\/vc_column_text][\/vc_tta_section][vc_tta_section title=&#8221;NOTAS&#8221; tab_id=&#8221;1700779269318-de415bc7-00de&#8221;][vc_column_text]<\/p>\n<ul>\n<li>Duraci\u00f3n bater\u00eda 10 a\u00f1os. El nivel de agotamiento bater\u00eda es transmitido por el sensor al salpicadero mediante Handsfree.<\/li>\n<li>Incluye solo un sensor.<\/li>\n<li>Compatible solo con llanras de aleaci\u00f3n de serie.\n<div class=\"jss17457\">\n<div class=\"MuiGrid-root MuiGrid-container MuiGrid-spacing-xs-1\">\n<div class=\"MuiGrid-root jss17475 MuiGrid-container MuiGrid-spacing-xs-3 MuiGrid-item MuiGrid-grid-xs-12\">\n<div class=\"MuiGrid-root MuiGrid-item MuiGrid-grid-xs-12\"><\/div>\n<\/div>\n<\/div>\n<\/div>\n<div class=\"jss17466 jss17457\"><\/div>\n<\/li>\n<\/ul>\n<p>[\/vc_column_text][\/vc_tta_section][\/vc_tta_tour][\/vc_column][\/vc_row]<\/p>\n","protected":false},"excerpt":{"rendered":"<p>Accesorio que garantiza el control del nivel de presi\u00f3n del neum\u00e1tico, transmitiendo al salpicadero los datos de rodadura detectados por los componentes electr\u00f3nicos. Gracias a este componente, los controles manuales de la presi\u00f3n resultan superficiales, evidenciando inmediatamente los posibles problemas y garantizando, de esta manera, la m\u00e1xima seguridad.<\/p>\n","protected":false},"featured_media":5033,"comment_status":"closed","ping_status":"closed","template":"","meta":[],"product_cat":[96,104,99],"product_tag":[],"class_list":["post-5032","product","type-product","status-publish","has-post-thumbnail","hentry","product_cat-accesorios-para-moto","product_cat-diavel","product_cat-multistrada"],"_links":{"self":[{"href":"https:\/\/www.ducaticolombia.co\/tienda\/wp-json\/wp\/v2\/product\/5032","targetHints":{"allow":["GET"]}}],"collection":[{"href":"https:\/\/www.ducaticolombia.co\/tienda\/wp-json\/wp\/v2\/product"}],"about":[{"href":"https:\/\/www.ducaticolombia.co\/tienda\/wp-json\/wp\/v2\/types\/product"}],"replies":[{"embeddable":true,"href":"https:\/\/www.ducaticolombia.co\/tienda\/wp-json\/wp\/v2\/comments?post=5032"}],"wp:featuredmedia":[{"embeddable":true,"href":"https:\/\/www.ducaticolombia.co\/tienda\/wp-json\/wp\/v2\/media\/5033"}],"wp:attachment":[{"href":"https:\/\/www.ducaticolombia.co\/tienda\/wp-json\/wp\/v2\/media?parent=5032"}],"wp:term":[{"taxonomy":"product_cat","embeddable":true,"href":"https:\/\/www.ducaticolombia.co\/tienda\/wp-json\/wp\/v2\/product_cat?post=5032"},{"taxonomy":"product_tag","embeddable":true,"href":"https:\/\/www.ducaticolombia.co\/tienda\/wp-json\/wp\/v2\/product_tag?post=5032"}],"curies":[{"name":"wp","href":"https:\/\/api.w.org\/{rel}","templated":true}]}}