{"id":5220,"date":"2024-06-25T09:51:41","date_gmt":"2024-06-25T14:51:41","guid":{"rendered":"https:\/\/www.ducaticolombia.co\/tienda\/?post_type=product&#038;p=5220"},"modified":"2025-12-09T11:28:15","modified_gmt":"2025-12-09T16:28:15","slug":"cover-bomba-de-agua-aluminio-rizoma-original","status":"publish","type":"product","link":"https:\/\/www.ducaticolombia.co\/tienda\/producto\/cover-bomba-de-agua-aluminio-rizoma-original\/","title":{"rendered":"Cover Bomba De Agua Aluminio Rizoma | Original"},"content":{"rendered":"<p>[vc_row][vc_column][vc_tta_tour active_section=&#8221;1&#8243; el_class=&#8221;tabs-producto-contenedor&#8221;][vc_tta_section title=&#8221;APLICABILIDAD&#8221; tab_id=&#8221;APLICABILIDAD&#8221;][vc_column_text]<\/p>\n<div class=\"jss10674 jss10665\">\n<ul>\n<li>\n<div class=\"jss19982 jss19973\">HYPERMOTARD 950, HYPERMOTARD 950 SP, HYPERMOTARD 950 RVE<\/div>\n<\/li>\n<li>MULTISTRADA 1260, MULTISTRADA 1260 S GRAND TOUR, MULTISTRADA 1260 S PIKES PEAK, MULTISTRADA 1260 S D-AIR, MULTISTRADA 1260 S, MULTISTRADA V2, MULTISTRADA V2 S, MULTISTRADA V2 S TRAVEL, MULTISTRADA 1200 (MY 2015,2016,2017), MULTISTRADA 1200 S (MY 2015,2016,2017), MULTISTRADA 1200 S PIKES PEAK (MY 2016,2017), MULTISTRADA 1200 S D-AIR, MULTISTRADA 950, MULTISTRADA 950 S, MULTISTRADA 950 S SPOKED WHEELS<\/li>\n<li>DIAVEL FL, DIAVEL CARBON FL, DIAVEL TITANIUM, DIAVEL WHITE STRIPE, DIAVEL CROMO, DIAVEL, DIAVEL CARBON, DIAVEL STRADA, DIAVEL AMG<\/li>\n<li>SUPERSPORT, SUPERSPORT S, SUPERSPORT 950, SUPERSPORT 950 S<\/li>\n<li>MONSTER, MONSTER PLUS, MONSTER SP, MONSTER 30\u00b0 ANNIVERSARIO, MONSTER SENNA, MONSTER 821<\/li>\n<\/ul>\n<\/div>\n<div class=\"jss10676 jss10665\">\n<div class=\"jss11449 jss11440\"><\/div>\n<div class=\"jss11451 jss11440\"><\/div>\n<\/div>\n<p>[\/vc_column_text][\/vc_tta_section][\/vc_tta_tour][\/vc_column][\/vc_row]<\/p>\n","protected":false},"excerpt":{"rendered":"<p>El dise\u00f1o Ducati se une a la experiencia Rizoma para dar vida a un accesorio de l\u00edneas determinadas y acabado refinado 3D. Realizado de aluminio de pieza maciza, mantiene el aspecto original a lo largo del tiempo gracias a la anodizaci\u00f3n de alta calidad que garantiza una \u00f3ptima protecci\u00f3n de la bomba en caso de ca\u00edda. Un detalle que brinda un look a\u00fan m\u00e1s inconfundible a la moto.<\/p>\n","protected":false},"featured_media":5223,"comment_status":"closed","ping_status":"closed","template":"","meta":[],"product_cat":[96,104,100,98,99,101],"product_tag":[],"class_list":["post-5220","product","type-product","status-publish","has-post-thumbnail","hentry","product_cat-accesorios-para-moto","product_cat-diavel","product_cat-hypermotard","product_cat-monster","product_cat-multistrada","product_cat-supersport"],"_links":{"self":[{"href":"https:\/\/www.ducaticolombia.co\/tienda\/wp-json\/wp\/v2\/product\/5220","targetHints":{"allow":["GET"]}}],"collection":[{"href":"https:\/\/www.ducaticolombia.co\/tienda\/wp-json\/wp\/v2\/product"}],"about":[{"href":"https:\/\/www.ducaticolombia.co\/tienda\/wp-json\/wp\/v2\/types\/product"}],"replies":[{"embeddable":true,"href":"https:\/\/www.ducaticolombia.co\/tienda\/wp-json\/wp\/v2\/comments?post=5220"}],"wp:featuredmedia":[{"embeddable":true,"href":"https:\/\/www.ducaticolombia.co\/tienda\/wp-json\/wp\/v2\/media\/5223"}],"wp:attachment":[{"href":"https:\/\/www.ducaticolombia.co\/tienda\/wp-json\/wp\/v2\/media?parent=5220"}],"wp:term":[{"taxonomy":"product_cat","embeddable":true,"href":"https:\/\/www.ducaticolombia.co\/tienda\/wp-json\/wp\/v2\/product_cat?post=5220"},{"taxonomy":"product_tag","embeddable":true,"href":"https:\/\/www.ducaticolombia.co\/tienda\/wp-json\/wp\/v2\/product_tag?post=5220"}],"curies":[{"name":"wp","href":"https:\/\/api.w.org\/{rel}","templated":true}]}}