{"id":5323,"date":"2024-08-23T16:13:13","date_gmt":"2024-08-23T21:13:13","guid":{"rendered":"https:\/\/www.ducaticolombia.co\/tienda\/?post_type=product&#038;p=5323"},"modified":"2026-02-03T11:31:05","modified_gmt":"2026-02-03T16:31:05","slug":"tapon-de-combustible-electrico-mts-v4-ducati-original","status":"publish","type":"product","link":"https:\/\/www.ducaticolombia.co\/tienda\/producto\/tapon-de-combustible-electrico-mts-v4-ducati-original\/","title":{"rendered":"Tap\u00f3n de Combustible El\u00e9ctrico Mts V4 | Ducati | Original"},"content":{"rendered":"<p>[vc_row][vc_column][vc_tta_tour active_section=&#8221;1&#8243; el_class=&#8221;tabs-producto-contenedor&#8221;][vc_tta_section title=&#8221;APLICABILIDAD&#8221; tab_id=&#8221;APLICABILIDAD&#8221;][vc_column_text]<\/p>\n<div class=\"jss9 AppLayoutCss-content\">\n<div class=\"jss57\">\n<div id=\"contentPage\" class=\"jss56\">\n<div class=\"jss38246\">\n<section class=\"jss43298\">\n<div class=\"jss43305\">\n<div class=\"jss43306 jss43304\">\n<div class=\"jss43309\">\n<div>\n<div class=\"jss43793\">\n<div class=\"jss43779 jss43770\">\n<ul>\n<li>MULTISTRADA V4S, MULTISTRADA V4S TRAVEL, MULTISTRADA V4S TRAVEL RADAR, MULTISTRADA V4S FULL, MULTISTRADA V4S PERFORMANCE, MULTISTRADA V4S SPORT, MULTISTRADA V4S RADAR, MULTISTRADA V4 PIKES PEAK, MULTISTRADA V4 RALLY RADAR, MULTISTRADA V4 RALLY TRAVEL RADAR, MULTISTRADA V4 RALLY FULL, MULTISTRADA V4 RS, MULTISTRADA V4S SPORT TRAVEL &amp; RADAR, MULTISTRADA V4S ADVENTURE TRAVEL &amp; RADAR<\/li>\n<\/ul>\n<\/div>\n<\/div>\n<\/div>\n<\/div>\n<\/div>\n<\/div>\n<\/section>\n<\/div>\n<\/div>\n<\/div>\n<\/div>\n<div class=\"MuiBox-root jss265 jss43860\" role=\"presentation\"><\/div>\n<p>[\/vc_column_text][\/vc_tta_section][\/vc_tta_tour][\/vc_column][\/vc_row]<\/p>\n","protected":false},"excerpt":{"rendered":"<p><span class=\"selectable-text copyable-text false\">El abastecimiento de combustible es r\u00e1pido y posible incluso sin llave, gracias al sistema de apertura el\u00e9ctrica que se desbloquea autom\u00e1ticamente cuando se apaga la moto y se bloquea nuevamente despu\u00e9s de 60 segundos en caso de ausencia de abastecimiento.<\/span><\/p>\n","protected":false},"featured_media":5327,"comment_status":"closed","ping_status":"closed","template":"","meta":[],"product_cat":[96,99],"product_tag":[],"class_list":["post-5323","product","type-product","status-publish","has-post-thumbnail","hentry","product_cat-accesorios-para-moto","product_cat-multistrada"],"_links":{"self":[{"href":"https:\/\/www.ducaticolombia.co\/tienda\/wp-json\/wp\/v2\/product\/5323","targetHints":{"allow":["GET"]}}],"collection":[{"href":"https:\/\/www.ducaticolombia.co\/tienda\/wp-json\/wp\/v2\/product"}],"about":[{"href":"https:\/\/www.ducaticolombia.co\/tienda\/wp-json\/wp\/v2\/types\/product"}],"replies":[{"embeddable":true,"href":"https:\/\/www.ducaticolombia.co\/tienda\/wp-json\/wp\/v2\/comments?post=5323"}],"wp:featuredmedia":[{"embeddable":true,"href":"https:\/\/www.ducaticolombia.co\/tienda\/wp-json\/wp\/v2\/media\/5327"}],"wp:attachment":[{"href":"https:\/\/www.ducaticolombia.co\/tienda\/wp-json\/wp\/v2\/media?parent=5323"}],"wp:term":[{"taxonomy":"product_cat","embeddable":true,"href":"https:\/\/www.ducaticolombia.co\/tienda\/wp-json\/wp\/v2\/product_cat?post=5323"},{"taxonomy":"product_tag","embeddable":true,"href":"https:\/\/www.ducaticolombia.co\/tienda\/wp-json\/wp\/v2\/product_tag?post=5323"}],"curies":[{"name":"wp","href":"https:\/\/api.w.org\/{rel}","templated":true}]}}