{"id":5357,"date":"2024-08-31T13:19:10","date_gmt":"2024-08-31T18:19:10","guid":{"rendered":"https:\/\/www.ducaticolombia.co\/tienda\/?post_type=product&#038;p=5357"},"modified":"2026-02-03T11:34:45","modified_gmt":"2026-02-03T16:34:45","slug":"tapon-deposito-hands-free-ducati-original","status":"publish","type":"product","link":"https:\/\/www.ducaticolombia.co\/tienda\/producto\/tapon-deposito-hands-free-ducati-original\/","title":{"rendered":"Tap\u00f3n Dep\u00f3sito Hands-Free | Ducati | Original"},"content":{"rendered":"<p>[vc_row][vc_column][vc_tta_tour active_section=&#8221;1&#8243; el_class=&#8221;tabs-producto-contenedor&#8221;][vc_tta_section title=&#8221;APLICABILIDAD&#8221; tab_id=&#8221;APLICABILIDAD&#8221;][vc_column_text]<\/p>\n<div class=\"jss9 AppLayoutCss-content\">\n<div class=\"jss57\">\n<div id=\"contentPage\" class=\"jss56\">\n<div class=\"jss38246\">\n<section class=\"jss40962\">\n<div class=\"jss40969\">\n<div class=\"jss40970 jss40968\">\n<div class=\"jss40973\">\n<div class=\"jss41457\">\n<div class=\"jss41443 jss41434\">\n<ul>\n<li>MULTISTRADA V2 S, MULTISTRADA V2 S TRAVEL, MULTISTRADA 950 S, MULTISTRADA 950 S Spoked wheels, MULTISTRADA 1200 S D-Air, MULTISTRADA 1200 (MY 2015,2016,2017), MULTISTRADA 1200 S (MY 2015,2016,2017), MULTISTRADA 1200 S Pikes Peak (MY 2016,2017), MULTISTRADA 1260, MULTISTRADA 1260 S Pikes Peak, MULTISTRADA 1260 S D-AIR, MULTISTRADA 1260 S, MULTISTRADA 1200 S GRAN TURISMO, MULTISTRADA 1200 (MY 2010,2011,2012,2013,2014), MULTISTRADA 1200 S (MY 2010,2011,2012), MULTISTRADA 1200 S Pikes Peak (MY 2012,2013,2014), MULTISTRADA 1200 Enduro, MULTISTRADA 1200 Enduro PRO, MULTISTRADA 1260 Enduro<\/li>\n<\/ul>\n<\/div>\n<\/div>\n<\/div>\n<\/div>\n<\/div>\n<\/section>\n<\/div>\n<\/div>\n<\/div>\n<\/div>\n<div class=\"MuiBox-root jss265 jss41519\" role=\"presentation\"><\/div>\n<p>[\/vc_column_text][\/vc_tta_section][\/vc_tta_tour][\/vc_column][\/vc_row]<\/p>\n","protected":false},"excerpt":{"rendered":"<p><span class=\"selectable-text copyable-text false\">Gracias al sistema de apertura el\u00e9ctrica el abastecimiento de combustible se agiliza y no se necesita la llave. Se desbloquea autom\u00e1ticamente al apagarse la moto y se vuelve a bloquear despu\u00e9s de 60 segundos en caso de no realizar el abastecimiento.<\/span><\/p>\n","protected":false},"featured_media":5358,"comment_status":"closed","ping_status":"closed","template":"","meta":[],"product_cat":[96,99],"product_tag":[],"class_list":["post-5357","product","type-product","status-publish","has-post-thumbnail","hentry","product_cat-accesorios-para-moto","product_cat-multistrada"],"_links":{"self":[{"href":"https:\/\/www.ducaticolombia.co\/tienda\/wp-json\/wp\/v2\/product\/5357","targetHints":{"allow":["GET"]}}],"collection":[{"href":"https:\/\/www.ducaticolombia.co\/tienda\/wp-json\/wp\/v2\/product"}],"about":[{"href":"https:\/\/www.ducaticolombia.co\/tienda\/wp-json\/wp\/v2\/types\/product"}],"replies":[{"embeddable":true,"href":"https:\/\/www.ducaticolombia.co\/tienda\/wp-json\/wp\/v2\/comments?post=5357"}],"wp:featuredmedia":[{"embeddable":true,"href":"https:\/\/www.ducaticolombia.co\/tienda\/wp-json\/wp\/v2\/media\/5358"}],"wp:attachment":[{"href":"https:\/\/www.ducaticolombia.co\/tienda\/wp-json\/wp\/v2\/media?parent=5357"}],"wp:term":[{"taxonomy":"product_cat","embeddable":true,"href":"https:\/\/www.ducaticolombia.co\/tienda\/wp-json\/wp\/v2\/product_cat?post=5357"},{"taxonomy":"product_tag","embeddable":true,"href":"https:\/\/www.ducaticolombia.co\/tienda\/wp-json\/wp\/v2\/product_tag?post=5357"}],"curies":[{"name":"wp","href":"https:\/\/api.w.org\/{rel}","templated":true}]}}