{"id":5372,"date":"2024-08-31T14:23:24","date_gmt":"2024-08-31T19:23:24","guid":{"rendered":"https:\/\/www.ducaticolombia.co\/tienda\/?post_type=product&#038;p=5372"},"modified":"2026-02-26T09:50:07","modified_gmt":"2026-02-26T14:50:07","slug":"paquete-accesorios-touring-de-aluminio-multistrada-v4-ducati-original","status":"publish","type":"product","link":"https:\/\/www.ducaticolombia.co\/tienda\/producto\/paquete-accesorios-touring-de-aluminio-multistrada-v4-ducati-original\/","title":{"rendered":"Paquete Accesorios Touring De Aluminio Multistrada V4 | Ducati | Original"},"content":{"rendered":"<p>[vc_row][vc_column][vc_tta_tour active_section=&#8221;1&#8243; el_class=&#8221;tabs-producto-contenedor&#8221;][vc_tta_section title=&#8221;APLICABILIDAD&#8221; tab_id=&#8221;APLICABILIDAD&#8221;][vc_column_text]<\/p>\n<div class=\"jss5865 jss5856\">\n<div class=\"jss6995 jss6986\"><\/div>\n<div class=\"jss6995 jss6986\">\n<div class=\"jss8103 jss8094\">\n<ul>\n<li>MULTISTRADA V4, MULTISTRADA V4S, MULTISTRADA V4S PERFORMANCE, MULTISTRADA V4S SPORT, MULTISTRADA V4S RADAR, MULTISTRADA V4 PIKES PEAK, MULTISTRADA V4 RS<\/li>\n<\/ul>\n<\/div>\n<div class=\"jss8105 jss8094\"><\/div>\n<\/div>\n<\/div>\n<div class=\"jss5867 jss5856\"><\/div>\n<p>[\/vc_column_text][\/vc_tta_section][\/vc_tta_tour][\/vc_column][\/vc_row]<\/p>\n","protected":false},"excerpt":{"rendered":"<p>Comodidad y practicidad de conducci\u00f3n, en cualquier condici\u00f3n. Desde las amplias maletas laterales de aluminio, hasta los \u00fatiles pu\u00f1os calefactados plug&amp;play y el pr\u00e1ctico caballete central: un paquete que contiene todo lo necesario para disfrutar de las curvas y los panoramas con gran estilo.<\/p>\n","protected":false},"featured_media":5373,"comment_status":"closed","ping_status":"closed","template":"","meta":[],"product_cat":[96,99],"product_tag":[],"class_list":["post-5372","product","type-product","status-publish","has-post-thumbnail","hentry","product_cat-accesorios-para-moto","product_cat-multistrada"],"_links":{"self":[{"href":"https:\/\/www.ducaticolombia.co\/tienda\/wp-json\/wp\/v2\/product\/5372","targetHints":{"allow":["GET"]}}],"collection":[{"href":"https:\/\/www.ducaticolombia.co\/tienda\/wp-json\/wp\/v2\/product"}],"about":[{"href":"https:\/\/www.ducaticolombia.co\/tienda\/wp-json\/wp\/v2\/types\/product"}],"replies":[{"embeddable":true,"href":"https:\/\/www.ducaticolombia.co\/tienda\/wp-json\/wp\/v2\/comments?post=5372"}],"wp:featuredmedia":[{"embeddable":true,"href":"https:\/\/www.ducaticolombia.co\/tienda\/wp-json\/wp\/v2\/media\/5373"}],"wp:attachment":[{"href":"https:\/\/www.ducaticolombia.co\/tienda\/wp-json\/wp\/v2\/media?parent=5372"}],"wp:term":[{"taxonomy":"product_cat","embeddable":true,"href":"https:\/\/www.ducaticolombia.co\/tienda\/wp-json\/wp\/v2\/product_cat?post=5372"},{"taxonomy":"product_tag","embeddable":true,"href":"https:\/\/www.ducaticolombia.co\/tienda\/wp-json\/wp\/v2\/product_tag?post=5372"}],"curies":[{"name":"wp","href":"https:\/\/api.w.org\/{rel}","templated":true}]}}