{"id":5374,"date":"2024-08-31T14:31:01","date_gmt":"2024-08-31T19:31:01","guid":{"rendered":"https:\/\/www.ducaticolombia.co\/tienda\/?post_type=product&#038;p=5374"},"modified":"2026-01-16T10:04:49","modified_gmt":"2026-01-16T15:04:49","slug":"utility-bar-ducati-original","status":"publish","type":"product","link":"https:\/\/www.ducaticolombia.co\/tienda\/producto\/utility-bar-ducati-original\/","title":{"rendered":"Utility Bar | Ducati | Original"},"content":{"rendered":"<p>[vc_row][vc_column][vc_tta_tour active_section=&#8221;1&#8243; el_class=&#8221;tabs-producto-contenedor&#8221;][vc_tta_section title=&#8221;APLICABILIDAD&#8221; tab_id=&#8221;APLICABILIDAD&#8221;][vc_column_text]<\/p>\n<div class=\"jss5865 jss5856\">\n<div class=\"jss6995 jss6986\"><\/div>\n<div class=\"jss6995 jss6986\">\n<div class=\"jss8103 jss8094\"><\/div>\n<div class=\"jss8105 jss8094\">\n<div class=\"jss9211 jss9202\">\n<ul>\n<li>DESERT X, DESERT X DISCOVERY<\/li>\n<\/ul>\n<\/div>\n<\/div>\n<\/div>\n<\/div>\n<div class=\"jss5867 jss5856\"><\/div>\n<p>[\/vc_column_text][\/vc_tta_section][\/vc_tta_tour][\/vc_column][\/vc_row]<\/p>\n","protected":false},"excerpt":{"rendered":"<p>Elegante estructura tubular de aluminio para permitir fijar varios accesorios contempor\u00e1neamente, como el navegador y el smartphone. Dotado de pr\u00e1ctico soporte de aluminio anodizado, se puede montar en pocos minutos y se integra perfectamente con las l\u00edneas y el dise\u00f1o de la moto.<\/p>\n","protected":false},"featured_media":5375,"comment_status":"closed","ping_status":"closed","template":"","meta":[],"product_cat":[96,115],"product_tag":[],"class_list":["post-5374","product","type-product","status-publish","has-post-thumbnail","hentry","product_cat-accesorios-para-moto","product_cat-desert-x"],"_links":{"self":[{"href":"https:\/\/www.ducaticolombia.co\/tienda\/wp-json\/wp\/v2\/product\/5374","targetHints":{"allow":["GET"]}}],"collection":[{"href":"https:\/\/www.ducaticolombia.co\/tienda\/wp-json\/wp\/v2\/product"}],"about":[{"href":"https:\/\/www.ducaticolombia.co\/tienda\/wp-json\/wp\/v2\/types\/product"}],"replies":[{"embeddable":true,"href":"https:\/\/www.ducaticolombia.co\/tienda\/wp-json\/wp\/v2\/comments?post=5374"}],"wp:featuredmedia":[{"embeddable":true,"href":"https:\/\/www.ducaticolombia.co\/tienda\/wp-json\/wp\/v2\/media\/5375"}],"wp:attachment":[{"href":"https:\/\/www.ducaticolombia.co\/tienda\/wp-json\/wp\/v2\/media?parent=5374"}],"wp:term":[{"taxonomy":"product_cat","embeddable":true,"href":"https:\/\/www.ducaticolombia.co\/tienda\/wp-json\/wp\/v2\/product_cat?post=5374"},{"taxonomy":"product_tag","embeddable":true,"href":"https:\/\/www.ducaticolombia.co\/tienda\/wp-json\/wp\/v2\/product_tag?post=5374"}],"curies":[{"name":"wp","href":"https:\/\/api.w.org\/{rel}","templated":true}]}}