{"id":5966,"date":"2024-11-27T10:57:57","date_gmt":"2024-11-27T15:57:57","guid":{"rendered":"https:\/\/www.ducaticolombia.co\/tienda\/?post_type=product&#038;p=5966"},"modified":"2026-02-03T11:39:47","modified_gmt":"2026-02-03T16:39:47","slug":"mochila-urban-ducati-original","status":"publish","type":"product","link":"https:\/\/www.ducaticolombia.co\/tienda\/producto\/mochila-urban-ducati-original\/","title":{"rendered":"Mochila Urban | Ducati | Original"},"content":{"rendered":"<div class=\"MuiGrid-root jss10705 MuiGrid-item MuiGrid-grid-xs-12\">\n<div class=\"jss10702\"><strong>Materiales:<\/strong><\/div>\n<div class=\"jss10703\">100% poli\u00e9ster<\/div>\n<div class=\"jss10703\">Ecopiel<\/div>\n<\/div>\n<div class=\"MuiGrid-root jss10705 MuiGrid-item MuiGrid-grid-xs-12\">\n<div class=\"jss10702\"><strong>Plus:<\/strong><\/div>\n<div class=\"jss10703\">Forro personalizado<\/div>\n<div class=\"jss10703\">3 bolsillos externos<\/div>\n<div class=\"jss10703\">Bolsillo interno porta PC<\/div>\n<div class=\"jss10703\">Tirantes regulables ergon\u00f3micos<\/div>\n<div class=\"jss10703\">Respaldo de mesh 3D para aumentar la ventilaci\u00f3n y el confort<\/div>\n<div class=\"jss10703\">Fondo de PVC soft touch<\/div>\n<\/div>\n<div class=\"MuiGrid-root jss10705 MuiGrid-item MuiGrid-grid-xs-12\">\n<div class=\"jss10702\"><strong>Personalizaciones:<\/strong><\/div>\n<div class=\"jss10703\">Impresi\u00f3n<\/div>\n<div class=\"jss10703\">Etiqueta tejida de jaquard<\/div>\n<\/div>\n<div class=\"MuiGrid-root jss10705 MuiGrid-item MuiGrid-grid-xs-12\">\n<div class=\"jss10702\"><strong>Linea prodotto:<\/strong><\/div>\n<div class=\"jss10703\">Ducati Corse<\/div>\n<\/div>\n<div class=\"MuiGrid-root jss10705 MuiGrid-item MuiGrid-grid-xs-12\">\n<div class=\"jss10702\"><strong>Material:<\/strong><\/div>\n<div class=\"jss10703\">Poli\u00e9ster<\/div>\n<\/div>\n","protected":false},"excerpt":{"rendered":"<p>La mochila Ducati Urban by Ogio es el accesorio perfecto para el trabajo o para el tiempo libre. El compartimento interior, ideal para guardar el ordenador, es acolchado y est\u00e1 forrado con polar con una pr\u00e1ctica inserci\u00f3n lateral. Dispone de varios bolsillos para organizar los efectos personales y un bolsillo superior para guardar los objetos de valor de forma segura. Tambi\u00e9n cuenta con un compartimento acolchado para la tablet. Est\u00e1 dotada de correas de espuma de doble densidad y un panel trasero acolchado para mayor estabilidad al transportar cargas pesadas, para que puedas llevar todo lo que necesites con comodidad.<\/p>\n<p>Sujeto a disponibilidad en Stock.<\/p>\n","protected":false},"featured_media":5967,"comment_status":"open","ping_status":"closed","template":"","meta":[],"product_cat":[143],"product_tag":[],"class_list":["post-5966","product","type-product","status-publish","has-post-thumbnail","hentry","product_cat-morrales-canguros"],"_links":{"self":[{"href":"https:\/\/www.ducaticolombia.co\/tienda\/wp-json\/wp\/v2\/product\/5966","targetHints":{"allow":["GET"]}}],"collection":[{"href":"https:\/\/www.ducaticolombia.co\/tienda\/wp-json\/wp\/v2\/product"}],"about":[{"href":"https:\/\/www.ducaticolombia.co\/tienda\/wp-json\/wp\/v2\/types\/product"}],"replies":[{"embeddable":true,"href":"https:\/\/www.ducaticolombia.co\/tienda\/wp-json\/wp\/v2\/comments?post=5966"}],"wp:featuredmedia":[{"embeddable":true,"href":"https:\/\/www.ducaticolombia.co\/tienda\/wp-json\/wp\/v2\/media\/5967"}],"wp:attachment":[{"href":"https:\/\/www.ducaticolombia.co\/tienda\/wp-json\/wp\/v2\/media?parent=5966"}],"wp:term":[{"taxonomy":"product_cat","embeddable":true,"href":"https:\/\/www.ducaticolombia.co\/tienda\/wp-json\/wp\/v2\/product_cat?post=5966"},{"taxonomy":"product_tag","embeddable":true,"href":"https:\/\/www.ducaticolombia.co\/tienda\/wp-json\/wp\/v2\/product_tag?post=5966"}],"curies":[{"name":"wp","href":"https:\/\/api.w.org\/{rel}","templated":true}]}}