{"id":5969,"date":"2024-11-27T11:02:50","date_gmt":"2024-11-27T16:02:50","guid":{"rendered":"https:\/\/www.ducaticolombia.co\/tienda\/?post_type=product&#038;p=5969"},"modified":"2025-12-09T00:05:32","modified_gmt":"2025-12-09T05:05:32","slug":"bolsa-de-viaje-ducati-original","status":"publish","type":"product","link":"https:\/\/www.ducaticolombia.co\/tienda\/producto\/bolsa-de-viaje-ducati-original\/","title":{"rendered":"Bolsa De Viaje | Ducati | Original"},"content":{"rendered":"<div class=\"MuiGrid-root jss11881 MuiGrid-item MuiGrid-grid-xs-12\">\n<div class=\"jss11878\"><strong>Materiales:<\/strong><\/div>\n<div class=\"jss11879\">100% poli\u00e9ster<\/div>\n<div class=\"jss11879\">Ecopiel<\/div>\n<\/div>\n<div class=\"MuiGrid-root jss11881 MuiGrid-item MuiGrid-grid-xs-12\">\n<div class=\"jss11878\"><strong>Plus:<\/strong><\/div>\n<div class=\"jss11879\">Forro personalizado<\/div>\n<div class=\"jss11879\">3 bolsillos externos<\/div>\n<div class=\"jss11879\">Compartimento dedicado a los zapatos de recambio<\/div>\n<div class=\"jss11879\">Correa de hombro extra\u00edble incluida<\/div>\n<\/div>\n<div class=\"MuiGrid-root jss11881 MuiGrid-item MuiGrid-grid-xs-12\">\n<div class=\"jss11878\"><strong>Personalizaciones:<\/strong><\/div>\n<div class=\"jss11879\">Impresi\u00f3n<\/div>\n<div class=\"jss11879\">Parche con etiqueta de tejido<\/div>\n<\/div>\n<div class=\"MuiGrid-root jss11881 MuiGrid-item MuiGrid-grid-xs-12\">\n<div class=\"jss11878\"><strong>Linea prodotto:<\/strong><\/div>\n<div class=\"jss11879\">Ducati Corse<\/div>\n<\/div>\n<div class=\"MuiGrid-root jss11881 MuiGrid-item MuiGrid-grid-xs-12\">\n<div class=\"jss11878\"><strong>Material:<\/strong><\/div>\n<div class=\"jss11879\">Poli\u00e9ster<\/div>\n<\/div>\n","protected":false},"excerpt":{"rendered":"<div>\n<div>\n<div>\n<div class=\"jss11866\">Funcional y pr\u00e1ctica, este bolso de viaje Ducati Urban es el compa\u00f1ero perfecto para viajes cortos de trabajo o de placer. Tambi\u00e9n es perfecta para hacer deporte por su c\u00f3modo bolsillo lateral exterior para guardar el calzado. Dispone de numerosos compartimentos, incluido un bolsillo interno para guardar objetos de valor y un bolsillo frontal de acceso r\u00e1pido. El fondo revestido de PVC confiere mayor resistencia al agua a lo largo del tiempo. Tiene una c\u00f3moda correa con pasador acolchado y un bolsillo de cinta para guardar la barra del trolley aumentando as\u00ed el confort durante los viajes.<\/div>\n<\/div>\n<\/div>\n<\/div>\n","protected":false},"featured_media":5970,"comment_status":"open","ping_status":"closed","template":"","meta":[],"product_cat":[143],"product_tag":[],"class_list":["post-5969","product","type-product","status-publish","has-post-thumbnail","hentry","product_cat-morrales-canguros"],"_links":{"self":[{"href":"https:\/\/www.ducaticolombia.co\/tienda\/wp-json\/wp\/v2\/product\/5969","targetHints":{"allow":["GET"]}}],"collection":[{"href":"https:\/\/www.ducaticolombia.co\/tienda\/wp-json\/wp\/v2\/product"}],"about":[{"href":"https:\/\/www.ducaticolombia.co\/tienda\/wp-json\/wp\/v2\/types\/product"}],"replies":[{"embeddable":true,"href":"https:\/\/www.ducaticolombia.co\/tienda\/wp-json\/wp\/v2\/comments?post=5969"}],"wp:featuredmedia":[{"embeddable":true,"href":"https:\/\/www.ducaticolombia.co\/tienda\/wp-json\/wp\/v2\/media\/5970"}],"wp:attachment":[{"href":"https:\/\/www.ducaticolombia.co\/tienda\/wp-json\/wp\/v2\/media?parent=5969"}],"wp:term":[{"taxonomy":"product_cat","embeddable":true,"href":"https:\/\/www.ducaticolombia.co\/tienda\/wp-json\/wp\/v2\/product_cat?post=5969"},{"taxonomy":"product_tag","embeddable":true,"href":"https:\/\/www.ducaticolombia.co\/tienda\/wp-json\/wp\/v2\/product_tag?post=5969"}],"curies":[{"name":"wp","href":"https:\/\/api.w.org\/{rel}","templated":true}]}}