{"id":6445,"date":"2025-03-20T13:17:37","date_gmt":"2025-03-20T18:17:37","guid":{"rendered":"https:\/\/www.ducaticolombia.co\/tienda\/?post_type=product&#038;p=6445"},"modified":"2025-12-06T00:00:57","modified_gmt":"2025-12-06T05:00:57","slug":"hoodie-scrambler-energy-van-orton-ducati-original","status":"publish","type":"product","link":"https:\/\/www.ducaticolombia.co\/tienda\/producto\/hoodie-scrambler-energy-van-orton-ducati-original\/","title":{"rendered":"Hoodie Scrambler Energy Van Orton | Ducati | Original"},"content":{"rendered":"<div class=\"MuiGrid-root jss4095 MuiGrid-item MuiGrid-grid-xs-12\">\n<div class=\"jss4092\"><strong>Materiales:<\/strong><\/div>\n<div class=\"jss4093\">87% algod\u00f3n org\u00e1nico, 17% poli\u00e9ster reciclado<\/div>\n<\/div>\n<div class=\"MuiGrid-root jss4095 MuiGrid-item MuiGrid-grid-xs-12\">\n<div class=\"jss4092\"><strong>Gramaje:<\/strong><\/div>\n<div class=\"jss4093\">360gr\/mc<\/div>\n<\/div>\n<div class=\"MuiGrid-root jss4095 MuiGrid-item MuiGrid-grid-xs-12\">\n<div class=\"jss4092\"><strong>Plus:<\/strong><\/div>\n<div class=\"jss4093\">Tratamientos suavizantes y contra el encogimiento que mantienen sus dimensiones inalteradas durante el lavado y el uso<\/div>\n<div class=\"jss4093\">Bolsillo canguro<\/div>\n<div class=\"jss4093\">Ajuste c\u00f3modo<\/div>\n<\/div>\n<div class=\"MuiGrid-root jss4095 MuiGrid-item MuiGrid-grid-xs-12\">\n<div class=\"jss4092\"><strong>Personalizaciones:<\/strong><\/div>\n<div class=\"jss4093\">Impresi\u00f3n<\/div>\n<div class=\"jss4093\">Etiqueta tejida de jaquard<\/div>\n<\/div>\n<div class=\"MuiGrid-root jss4095 MuiGrid-item MuiGrid-grid-xs-12\">\n<div class=\"jss4092\"><strong>S\u00edmbolos de lavado:<\/strong><\/div>\n<div class=\"jss4093\"><img decoding=\"async\" class=\"jss4094\" src=\"https:\/\/e-catalog.ducati.com\/EPCResources\/GRAPHICS\/immagini_pim\/9A\/9AC8B7531C3552FF1CFDB73C2214926B.anag.th.png\" alt=\"Lavado a m\u00e1quina a 30\u00b0\" \/><img decoding=\"async\" class=\"jss4094\" title=\"No blanquear con cloro\" src=\"https:\/\/e-catalog.ducati.com\/EPCResources\/GRAPHICS\/immagini_pim\/D2\/D2C7FC22C012E518F5F2DBA764237D5C.anag.th.png\" alt=\"No blanquear con cloro\" \/><img decoding=\"async\" class=\"jss4094\" title=\"Temperatura m\u00e1xima de la plancha 110\u00b0\" src=\"https:\/\/e-catalog.ducati.com\/EPCResources\/GRAPHICS\/immagini_pim\/1A\/1AABDA1E99555CA7F0B3B509897D0099.anag.th.png\" alt=\"Temperatura m\u00e1xima de la plancha 110\u00b0\" \/><img decoding=\"async\" class=\"jss4094\" title=\"Planchar al rev\u00e9s\" src=\"https:\/\/e-catalog.ducati.com\/EPCResources\/GRAPHICS\/immagini_pim\/19\/19285A3B4917E51308C554EEF3541742.anag.th.png\" alt=\"Planchar al rev\u00e9s\" \/><img decoding=\"async\" class=\"jss4094\" title=\"No lavar a seco, no desmanchar con solventes\" src=\"https:\/\/e-catalog.ducati.com\/EPCResources\/GRAPHICS\/immagini_pim\/02\/0221B9AD83091F0BB09B2439306B6572.anag.th.png\" alt=\"No lavar a seco, no desmanchar con solventes\" \/><img decoding=\"async\" class=\"jss4094\" title=\"No secar en secarropas con tambor rotativo\" src=\"https:\/\/e-catalog.ducati.com\/EPCResources\/GRAPHICS\/immagini_pim\/E8\/E8636C561611E7F2141BC40ACB2976DA.anag.th.png\" alt=\"No secar en secarropas con tambor rotativo\" \/><\/div>\n<\/div>\n<div class=\"MuiGrid-root jss4095 MuiGrid-item MuiGrid-grid-xs-12\">\n<div class=\"jss4092\"><strong>Linea prodotto:<\/strong><\/div>\n<div class=\"jss4093\">Scrambler<\/div>\n<\/div>\n<div class=\"MuiGrid-root jss4095 MuiGrid-item MuiGrid-grid-xs-12\">\n<div class=\"jss4092\"><strong>Material:<\/strong><\/div>\n<div class=\"jss4093\">Algod\u00f3n<\/div>\n<\/div>\n","protected":false},"excerpt":{"rendered":"<p>Materiales: 87% algod\u00f3n org\u00e1nico, 17% poli\u00e9ster reciclado Gramaje: 360gr\/mc Plus: Tratamientos suavizantes y contra el encogimiento que mantienen sus dimensiones inalteradas durante el lavado y el uso Bolsillo canguro Ajuste c\u00f3modo Personalizaciones: Impresi\u00f3n Etiqueta tejida de jaquard S\u00edmbolos de lavado: Linea prodotto: Scrambler Material: Algod\u00f3n<\/p>\n","protected":false},"featured_media":6450,"comment_status":"closed","ping_status":"closed","template":"","meta":[],"product_cat":[74,18],"product_tag":[],"class_list":["post-6445","product","type-product","status-publish","has-post-thumbnail","hentry","product_cat-hoodies","product_cat-ropa-casual"],"_links":{"self":[{"href":"https:\/\/www.ducaticolombia.co\/tienda\/wp-json\/wp\/v2\/product\/6445","targetHints":{"allow":["GET"]}}],"collection":[{"href":"https:\/\/www.ducaticolombia.co\/tienda\/wp-json\/wp\/v2\/product"}],"about":[{"href":"https:\/\/www.ducaticolombia.co\/tienda\/wp-json\/wp\/v2\/types\/product"}],"replies":[{"embeddable":true,"href":"https:\/\/www.ducaticolombia.co\/tienda\/wp-json\/wp\/v2\/comments?post=6445"}],"wp:featuredmedia":[{"embeddable":true,"href":"https:\/\/www.ducaticolombia.co\/tienda\/wp-json\/wp\/v2\/media\/6450"}],"wp:attachment":[{"href":"https:\/\/www.ducaticolombia.co\/tienda\/wp-json\/wp\/v2\/media?parent=6445"}],"wp:term":[{"taxonomy":"product_cat","embeddable":true,"href":"https:\/\/www.ducaticolombia.co\/tienda\/wp-json\/wp\/v2\/product_cat?post=6445"},{"taxonomy":"product_tag","embeddable":true,"href":"https:\/\/www.ducaticolombia.co\/tienda\/wp-json\/wp\/v2\/product_tag?post=6445"}],"curies":[{"name":"wp","href":"https:\/\/api.w.org\/{rel}","templated":true}]}}