{"id":6686,"date":"2025-07-23T13:35:34","date_gmt":"2025-07-23T18:35:34","guid":{"rendered":"https:\/\/www.ducaticolombia.co\/tienda\/?post_type=product&#038;p=6686"},"modified":"2026-02-24T16:45:02","modified_gmt":"2026-02-24T21:45:02","slug":"sudadera-ducati-jargon-original","status":"publish","type":"product","link":"https:\/\/www.ducaticolombia.co\/tienda\/producto\/sudadera-ducati-jargon-original\/","title":{"rendered":"Sudadera Ducati Jargon | Original"},"content":{"rendered":"<div class=\"MuiGrid-root jss970 MuiGrid-item MuiGrid-grid-xs-12\">\n<div class=\"jss967\"><strong>Materiales:<\/strong><\/div>\n<div class=\"jss968\">80% algod\u00f3n, 15% poliamida , 5% elast\u00e1n<\/div>\n<\/div>\n<div class=\"MuiGrid-root jss970 MuiGrid-item MuiGrid-grid-xs-12\">\n<div class=\"jss967\"><strong>Gramaje:<\/strong><\/div>\n<div class=\"jss968\">280gr\/mc<\/div>\n<\/div>\n<div class=\"MuiGrid-root jss970 MuiGrid-item MuiGrid-grid-xs-12\">\n<div class=\"jss967\"><strong>Plus:<\/strong><\/div>\n<div class=\"jss968\">Impresiones reflex<\/div>\n<div class=\"jss968\">2 bolsillos exteriores<\/div>\n<div class=\"jss968\">Tratamientos suavizantes y contra el encogimiento que mantienen sus dimensiones inalteradas durante el lavado y el uso<\/div>\n<\/div>\n<div class=\"MuiGrid-root jss970 MuiGrid-item MuiGrid-grid-xs-12\">\n<div class=\"jss967\"><strong>Personalizaciones:<\/strong><\/div>\n<div class=\"jss968\">PatchEstampado refractario<\/div>\n<\/div>\n<div class=\"MuiGrid-root jss970 MuiGrid-item MuiGrid-grid-xs-12\">\n<div class=\"jss967\"><strong>S\u00edmbolos de lavado:<\/strong><\/div>\n<div class=\"jss968\"><img decoding=\"async\" class=\"jss969\" src=\"https:\/\/e-catalog.ducati.com\/EPCResources\/GRAPHICS\/immagini_pim\/9A\/9AC8B7531C3552FF1CFDB73C2214926B.anag.th.png\" alt=\"Lavado a m\u00e1quina a 30\u00b0\" \/><img decoding=\"async\" class=\"jss969\" title=\"No blanquear con cloro\" src=\"https:\/\/e-catalog.ducati.com\/EPCResources\/GRAPHICS\/immagini_pim\/D2\/D2C7FC22C012E518F5F2DBA764237D5C.anag.th.png\" alt=\"No blanquear con cloro\" \/><img decoding=\"async\" class=\"jss969\" title=\"Temperatura m\u00e1xima de la plancha 110\u00b0\" src=\"https:\/\/e-catalog.ducati.com\/EPCResources\/GRAPHICS\/immagini_pim\/1A\/1AABDA1E99555CA7F0B3B509897D0099.anag.th.png\" alt=\"Temperatura m\u00e1xima de la plancha 110\u00b0\" \/><img decoding=\"async\" class=\"jss969\" title=\"Planchar al rev\u00e9s\" src=\"https:\/\/e-catalog.ducati.com\/EPCResources\/GRAPHICS\/immagini_pim\/19\/19285A3B4917E51308C554EEF3541742.anag.th.png\" alt=\"Planchar al rev\u00e9s\" \/><img decoding=\"async\" class=\"jss969\" title=\"No lavar a seco, no desmanchar con solventes\" src=\"https:\/\/e-catalog.ducati.com\/EPCResources\/GRAPHICS\/immagini_pim\/02\/0221B9AD83091F0BB09B2439306B6572.anag.th.png\" alt=\"No lavar a seco, no desmanchar con solventes\" \/><img decoding=\"async\" class=\"jss969\" title=\"No secar en secarropas con tambor rotativo\" src=\"https:\/\/e-catalog.ducati.com\/EPCResources\/GRAPHICS\/immagini_pim\/E8\/E8636C561611E7F2141BC40ACB2976DA.anag.th.png\" alt=\"No secar en secarropas con tambor rotativo\" \/><\/div>\n<\/div>\n<div class=\"MuiGrid-root jss970 MuiGrid-item MuiGrid-grid-xs-12\">\n<div class=\"jss967\"><strong>Linea prodotto:<\/strong><\/div>\n<div class=\"jss968\">Ducati<\/div>\n<\/div>\n<div class=\"MuiGrid-root jss970 MuiGrid-item MuiGrid-grid-xs-12\">\n<div class=\"jss967\"><strong>Material:<\/strong><\/div>\n<div class=\"jss968\">Poli\u00e9ster<\/div>\n<\/div>\n","protected":false},"excerpt":{"rendered":"<div>\n<div class=\"jss1215\">\n<div>\n<div class=\"jss16618\">\n<div>\n<div class=\"jss1513\"><\/div>\n<\/div>\n<div>\n<div class=\"jss1632\">\n<div class=\"jss1619 element\">\n<div>\n<div>\n<div>\n<div class=\"jss1558 jss1553\">\n<div class=\"MuiGrid-root MuiGrid-container MuiGrid-spacing-xs-1\">\n<div class=\"MuiGrid-root jss1528 MuiGrid-item MuiGrid-grid-xs-12\">\n<div class=\"jss1525\">Exterior:<\/div>\n<div class=\"jss1526\">Cuero vacuno Moto-AR<\/div>\n<\/div>\n<div class=\"MuiGrid-root jss1528 MuiGrid-item MuiGrid-grid-xs-12\">\n<div class=\"jss1525\">Interior:<\/div>\n<div class=\"jss1526\">Forro fijo Tech Frame con apliques de tela 3D-Bubble<\/div>\n<\/div>\n<div class=\"MuiGrid-root jss1528 MuiGrid-item MuiGrid-grid-xs-12\">\n<div class=\"jss1525\">Plus:<\/div>\n<div class=\"jss1526\">2 bolsillos externos, 1 interior<\/div>\n<\/div>\n<div class=\"MuiGrid-root jss1528 MuiGrid-item MuiGrid-grid-xs-12\">\n<div class=\"jss1525\">S\u00edmbolos de lavado:<\/div>\n<div class=\"jss1526\"><img decoding=\"async\" class=\"jss1527\" title=\"No lavar en agua\" src=\"https:\/\/e-catalog.ducati.com\/EPCResources\/GRAPHICS\/immagini_pim\/30\/30F84FF180F57BDEEBAB8DC41662798F.anag.th.png\" alt=\"No lavar en agua\" \/><img decoding=\"async\" class=\"jss1527\" title=\"No blanquear con cloro\" src=\"https:\/\/e-catalog.ducati.com\/EPCResources\/GRAPHICS\/immagini_pim\/D2\/D2C7FC22C012E518F5F2DBA764237D5C.anag.th.png\" alt=\"No blanquear con cloro\" \/><img decoding=\"async\" class=\"jss1527\" title=\"No planchar\" src=\"https:\/\/e-catalog.ducati.com\/EPCResources\/GRAPHICS\/immagini_pim\/A9\/A94C88F492B075D8FE914F44E8728AFE.anag.th.png\" alt=\"No planchar\" \/><img decoding=\"async\" class=\"jss1527\" title=\"No lavar a seco, no desmanchar con solventes\" src=\"https:\/\/e-catalog.ducati.com\/EPCResources\/GRAPHICS\/immagini_pim\/02\/0221B9AD83091F0BB09B2439306B6572.anag.th.png\" alt=\"No lavar a seco, no desmanchar con solventes\" \/><img decoding=\"async\" class=\"jss1527\" title=\"No secar en secarropas con tambor rotativo\" src=\"https:\/\/e-catalog.ducati.com\/EPCResources\/GRAPHICS\/immagini_pim\/E8\/E8636C561611E7F2141BC40ACB2976DA.anag.th.png\" alt=\"No secar en secarropas con tambor rotativo\" \/><img decoding=\"async\" class=\"jss1527\" title=\"MUY IMPORTANTE PARA TODAS PRENDAS T\u00c9CNICAS DE PIEL: limpiar con espec\u00edfico kit para el cuidado de la piel o con una esponja o pa\u00f1o h\u00famedo y un poco de jab\u00f3n neutro. Pasar con suavidad y secar con un pa\u00f1o limpio. No secar la prenda al sol o cerca de fuentes de calor. no conservar la prenda dentro de fundas de celof\u00e1n\" src=\"https:\/\/e-catalog.ducati.com\/EPCResources\/GRAPHICS\/immagini_pim\/F0\/F017279787CB4BF56FA23AC7D0EA5F7D.anag.th.png\" alt=\"MUY IMPORTANTE PARA TODAS PRENDAS T\u00c9CNICAS DE PIEL: limpiar con espec\u00edfico kit para el cuidado de la piel o con una esponja o pa\u00f1o h\u00famedo y un poco de jab\u00f3n neutro. Pasar con suavidad y secar con un pa\u00f1o limpio. No secar la prenda al sol o cerca de fuentes de calor. no conservar la prenda dentro de fundas de celof\u00e1n\" \/><\/div>\n<\/div>\n<div class=\"MuiGrid-root jss1528 MuiGrid-item MuiGrid-grid-xs-12\">\n<div class=\"jss1525\">Confort:<\/div>\n<div class=\"jss1526\">Cierre cintura regulableCuero perforado en el interior de la mangaCierre cuello regulableCierre con cremallera en la parte inferior de la manga<\/div>\n<\/div>\n<div class=\"MuiGrid-root jss1528 MuiGrid-item MuiGrid-grid-xs-12\">\n<div class=\"jss1525\">Linea prodotto:<\/div>\n<div class=\"jss1526\">Ducati<\/div>\n<\/div>\n<div class=\"MuiGrid-root jss1528 MuiGrid-item MuiGrid-grid-xs-12\">\n<div class=\"jss1525\">Material:<\/div>\n<div class=\"jss1526\">Piel<\/div>\n<\/div>\n<\/div>\n<\/div>\n<\/div>\n<\/div>\n<\/div>\n<div>\n<div class=\"jss1632\">\n<div class=\"jss1619 element\"><\/div>\n<\/div>\n<\/div>\n<\/div>\n<\/div>\n<\/div>\n<\/div>\n<\/div>\n<div>\n<div class=\"jss16737\">\n<div class=\"jss16724 element\"><\/div>\n<\/div>\n<\/div>\n<\/div>\n<\/div>\n<div>\n<div class=\"jss1334\">\n<div class=\"jss1321 element\"><\/div>\n<\/div>\n<\/div>\n","protected":false},"featured_media":6690,"comment_status":"closed","ping_status":"closed","template":"","meta":[],"product_cat":[144,18],"product_tag":[],"class_list":["post-6686","product","type-product","status-publish","has-post-thumbnail","hentry","product_cat-chaquetas-ropa-casual","product_cat-ropa-casual","pa_talla-numerica-m","pa_talla-numerica-s"],"_links":{"self":[{"href":"https:\/\/www.ducaticolombia.co\/tienda\/wp-json\/wp\/v2\/product\/6686","targetHints":{"allow":["GET"]}}],"collection":[{"href":"https:\/\/www.ducaticolombia.co\/tienda\/wp-json\/wp\/v2\/product"}],"about":[{"href":"https:\/\/www.ducaticolombia.co\/tienda\/wp-json\/wp\/v2\/types\/product"}],"replies":[{"embeddable":true,"href":"https:\/\/www.ducaticolombia.co\/tienda\/wp-json\/wp\/v2\/comments?post=6686"}],"wp:featuredmedia":[{"embeddable":true,"href":"https:\/\/www.ducaticolombia.co\/tienda\/wp-json\/wp\/v2\/media\/6690"}],"wp:attachment":[{"href":"https:\/\/www.ducaticolombia.co\/tienda\/wp-json\/wp\/v2\/media?parent=6686"}],"wp:term":[{"taxonomy":"product_cat","embeddable":true,"href":"https:\/\/www.ducaticolombia.co\/tienda\/wp-json\/wp\/v2\/product_cat?post=6686"},{"taxonomy":"product_tag","embeddable":true,"href":"https:\/\/www.ducaticolombia.co\/tienda\/wp-json\/wp\/v2\/product_tag?post=6686"}],"curies":[{"name":"wp","href":"https:\/\/api.w.org\/{rel}","templated":true}]}}