{"id":6731,"date":"2025-08-12T20:30:22","date_gmt":"2025-08-13T01:30:22","guid":{"rendered":"https:\/\/www.ducaticolombia.co\/tienda\/?post_type=product&#038;p=6731"},"modified":"2026-02-18T00:00:27","modified_gmt":"2026-02-18T05:00:27","slug":"guantes-tour-c5-ducati-original","status":"publish","type":"product","link":"https:\/\/www.ducaticolombia.co\/tienda\/producto\/guantes-tour-c5-ducati-original\/","title":{"rendered":"Guantes Tour C5 | Ducati | Original"},"content":{"rendered":"<div>\n<div>\n<div>\n<div class=\"jss13339 jss13334\">\n<div class=\"MuiGrid-root MuiGrid-container MuiGrid-spacing-xs-1\">\n<div class=\"MuiGrid-root jss13309 MuiGrid-item MuiGrid-grid-xs-12\">\n<div class=\"jss13306\"><strong>Exterior:<\/strong><\/div>\n<div class=\"jss13307\">Dorso de Nyspan con acabados de piel<\/div>\n<div class=\"jss13307\">Palma de piel de canguro altamente resistente a la abrasi\u00f3n<\/div>\n<div class=\"jss13307\">Piel de cabra<\/div>\n<div class=\"jss13307\">Color permanente a prueba de transpiraci\u00f3n<\/div>\n<\/div>\n<div class=\"MuiGrid-root jss13309 MuiGrid-item MuiGrid-grid-xs-12\">\n<div class=\"jss13306\"><strong>Interior:<\/strong><\/div>\n<div class=\"jss13307\">GORE-TEX\u00ae 2in1 (1 compartimiento de Gore-Tex\u00ae, 1 compartimiento sin forro). Confecci\u00f3n del guante con 2 alojamientos diferentes en el interior que permiten elegir el uso del alojamiento con membrana impermeable, transpirable y antiviento o bien el uso del alojamiento sin forro<\/div>\n<\/div>\n<div class=\"MuiGrid-root jss13309 MuiGrid-item MuiGrid-grid-xs-12\">\n<div class=\"jss13306\"><strong>Plus:<\/strong><\/div>\n<div class=\"jss13307\">Costura especial, sin puntos de presi\u00f3n en el interior para mejorar la sensibilidad<\/div>\n<div class=\"jss13307\">Cinto anti-deslizamiento en el pu\u00f1o<\/div>\n<div class=\"jss13307\">Aplicaci\u00f3n limpia-visera<\/div>\n<div class=\"jss13307\">Ventilaci\u00f3n de los dedos (ACS)<\/div>\n<div class=\"jss13307\">Pantalla t\u00e1ctil en la yema del \u00edndice<\/div>\n<\/div>\n<div class=\"MuiGrid-root jss13309 MuiGrid-item MuiGrid-grid-xs-12\">\n<div class=\"jss13306\"><strong>S\u00edmbolos de lavado:<\/strong><\/div>\n<div class=\"jss13307\"><img decoding=\"async\" class=\"jss13308\" title=\"Lavado s\u00f3lo a mano\" src=\"https:\/\/e-catalog.ducati.com\/EPCResources\/GRAPHICS\/immagini_pim\/EA\/EADE2793598989CB10053F9A97956D39.anag.th.png\" alt=\"Lavado s\u00f3lo a mano\" \/><img decoding=\"async\" class=\"jss13308\" title=\"No blanquear con cloro\" src=\"https:\/\/e-catalog.ducati.com\/EPCResources\/GRAPHICS\/immagini_pim\/D2\/D2C7FC22C012E518F5F2DBA764237D5C.anag.th.png\" alt=\"No blanquear con cloro\" \/><img decoding=\"async\" class=\"jss13308\" title=\"No planchar\" src=\"https:\/\/e-catalog.ducati.com\/EPCResources\/GRAPHICS\/immagini_pim\/A9\/A94C88F492B075D8FE914F44E8728AFE.anag.th.png\" alt=\"No planchar\" \/><img decoding=\"async\" class=\"jss13308\" title=\"No lavar a seco, no desmanchar con solventes\" src=\"https:\/\/e-catalog.ducati.com\/EPCResources\/GRAPHICS\/immagini_pim\/02\/0221B9AD83091F0BB09B2439306B6572.anag.th.png\" alt=\"No lavar a seco, no desmanchar con solventes\" \/><img decoding=\"async\" class=\"jss13308\" title=\"No secar en secarropas con tambor rotativo\" src=\"https:\/\/e-catalog.ducati.com\/EPCResources\/GRAPHICS\/immagini_pim\/E8\/E8636C561611E7F2141BC40ACB2976DA.anag.th.png\" alt=\"No secar en secarropas con tambor rotativo\" \/><\/div>\n<\/div>\n<div class=\"MuiGrid-root jss13309 MuiGrid-item MuiGrid-grid-xs-12\">\n<div class=\"jss13306\"><strong>Confort:<\/strong><\/div>\n<div class=\"jss13307\">Versatilidad en las diferentes condiciones clim\u00e1ticas gracias a la confecci\u00f3n con GORE-TEX\u00ae 2in1Aplicaciones el\u00e1sticas<\/div>\n<\/div>\n<div class=\"MuiGrid-root jss13309 MuiGrid-item MuiGrid-grid-xs-12\">\n<div class=\"jss13306\"><strong>Linea prodotto:<\/strong><\/div>\n<div class=\"jss13307\">Ducati<\/div>\n<\/div>\n<div class=\"MuiGrid-root jss13309 MuiGrid-item MuiGrid-grid-xs-12\">\n<div class=\"jss13306\"><strong>Material:<\/strong><\/div>\n<div class=\"jss13307\">GORE-TEX\u00ae<\/div>\n<div class=\"jss13307\">Piel<\/div>\n<\/div>\n<\/div>\n<\/div>\n<\/div>\n<\/div>\n<\/div>\n<div>\n<div class=\"jss13413\">\n<div class=\"jss13400 element\"><strong>Protecci\u00f3n:\u00a0<\/strong><\/div>\n<div>\n<div class=\"jss13343\">\n<div><img decoding=\"async\" src=\"https:\/\/e-catalog.ducati.com\/EPCResources\/GRAPHICS\/immagini_pim\/94\/945AE41C5E5969EA5D250BE983635B84.png\" alt=\"Protecci\u00f3n de nudillos de PU\" \/> Protecci\u00f3n de nudillos de PU<\/div>\n<\/div>\n<div class=\"jss13343\">\n<div><img decoding=\"async\" src=\"https:\/\/e-catalog.ducati.com\/EPCResources\/GRAPHICS\/immagini_pim\/98\/9895A6E3A9DB59B343C6D1A428BF9FDB.png\" alt=\"Palma reforzada con Armaprotec\" \/> Palma reforzada con Armaprotec<\/div>\n<\/div>\n<div class=\"jss13343\">\n<div><img decoding=\"async\" src=\"https:\/\/e-catalog.ducati.com\/EPCResources\/GRAPHICS\/immagini_pim\/98\/9895A6E3A9DB59B343C6D1A428BF9FDB.png\" alt=\"Refuerzo en el borde de la mano y del pulgar\" \/> Refuerzo en el borde de la mano y del pulgar<\/div>\n<\/div>\n<div class=\"jss13343\">\n<div><img decoding=\"async\" src=\"https:\/\/e-catalog.ducati.com\/EPCResources\/GRAPHICS\/immagini_pim\/DD\/DD903C3D6E31000C5742AF9E4DC9B943.png\" alt=\"Base del pulgar reforzada con material SuperFabric &amp; Armaprotec\" \/> Base del pulgar reforzada con material SuperFabric &amp; Armaprotec<\/div>\n<\/div>\n<div class=\"jss13343\">\n<div><img decoding=\"async\" src=\"https:\/\/e-catalog.ducati.com\/EPCResources\/GRAPHICS\/immagini_pim\/05\/05C7F8344A3B2FA8E96C3BE443780A17.png\" alt=\"Aplicaciones reflectantes 3M-Scotchlite\u2122\" \/> Aplicaciones reflectantes 3M-Scotchlite\u2122<\/div>\n<\/div>\n<\/div>\n<\/div>\n<\/div>\n","protected":false},"excerpt":{"rendered":"<div>\n<div class=\"jss1215\">\n<div class=\"jss16618\">\n<div class=\"jss6901\">\n<div>\n<div class=\"jss12007\">Los guantes Tour C5, desarrollados por Held, integran la oferta de productos dedicados al uso touring en la colecci\u00f3n Ducati. El dise\u00f1o lineal y vers\u00e1til se presta perfectamente al uso con todos los conjuntos de la gama, mientras que la tecnolog\u00eda 2 en 1 garantiza dos modos de uso seg\u00fan las condiciones clim\u00e1ticas. Los guantes presentan dos alojamientos en el interior para poder llevarlos introduciendo las manos en la parte con forro y dotada de membrana impermeable GORE-TEX\u00ae, transpirable, antiviento e ideal para el invierno, o en la zona sin membrana, garantizando un efecto ventilado. El dorso exterior es de Nyspan con acabados de piel de cabra mientras que la palma es de piel de canguro para una elevada sensibilidad en los pu\u00f1os. Tambi\u00e9n presentan aplicaciones reflectantes 3M-Scotchlite\u2122 para mayor visibilidad en la carretera. Certificados con marca CE, est\u00e1n dotados de protecciones de PU en los nudillos y de refuerzos soft de material SuperFabric &amp; Armaprotec en las \u00e1reas de mayor riesgo en caso de ca\u00edda. \u00a1Vive tus aventuras sobre dos ruedas caracterizadas por el confort y la seguridad en cualquier condici\u00f3n de uso, los 365 d\u00edas del a\u00f1o!<\/div>\n<\/div>\n<\/div>\n<\/div>\n<\/div>\n<\/div>\n<div>\n<div class=\"jss1334\">\n<div class=\"jss1321 element\">\n<div class=\"jss1074\">\n<div class=\"jss1061 element\">\n<div class=\"jss9854\">\n<div class=\"jss9841 element\">\n<div class=\"jss10958\">\n<div class=\"jss10945 element\">\n<div>\n<div class=\"jss13413\">\n<div class=\"jss13400 element\"><\/div>\n<\/div>\n<\/div>\n<\/div>\n<\/div>\n<\/div>\n<\/div>\n<\/div>\n<\/div>\n<\/div>\n<\/div>\n<\/div>\n","protected":false},"featured_media":6736,"comment_status":"closed","ping_status":"closed","template":"","meta":[],"product_cat":[28,17],"product_tag":[],"class_list":["post-6731","product","type-product","status-publish","has-post-thumbnail","hentry","product_cat-guantes","product_cat-ropa-de-moto","pa_talla-numerica-s","pa_talla-numerica-m","pa_talla-numerica-l","pa_talla-numerica-xl"],"_links":{"self":[{"href":"https:\/\/www.ducaticolombia.co\/tienda\/wp-json\/wp\/v2\/product\/6731","targetHints":{"allow":["GET"]}}],"collection":[{"href":"https:\/\/www.ducaticolombia.co\/tienda\/wp-json\/wp\/v2\/product"}],"about":[{"href":"https:\/\/www.ducaticolombia.co\/tienda\/wp-json\/wp\/v2\/types\/product"}],"replies":[{"embeddable":true,"href":"https:\/\/www.ducaticolombia.co\/tienda\/wp-json\/wp\/v2\/comments?post=6731"}],"wp:featuredmedia":[{"embeddable":true,"href":"https:\/\/www.ducaticolombia.co\/tienda\/wp-json\/wp\/v2\/media\/6736"}],"wp:attachment":[{"href":"https:\/\/www.ducaticolombia.co\/tienda\/wp-json\/wp\/v2\/media?parent=6731"}],"wp:term":[{"taxonomy":"product_cat","embeddable":true,"href":"https:\/\/www.ducaticolombia.co\/tienda\/wp-json\/wp\/v2\/product_cat?post=6731"},{"taxonomy":"product_tag","embeddable":true,"href":"https:\/\/www.ducaticolombia.co\/tienda\/wp-json\/wp\/v2\/product_tag?post=6731"}],"curies":[{"name":"wp","href":"https:\/\/api.w.org\/{rel}","templated":true}]}}