{"id":6812,"date":"2025-08-13T17:25:39","date_gmt":"2025-08-13T22:25:39","guid":{"rendered":"https:\/\/www.ducaticolombia.co\/tienda\/?post_type=product&#038;p=6812"},"modified":"2026-02-18T00:00:28","modified_gmt":"2026-02-18T05:00:28","slug":"chaqueta-anti-lluvia-strada-v3-original","status":"publish","type":"product","link":"https:\/\/www.ducaticolombia.co\/tienda\/producto\/chaqueta-anti-lluvia-strada-v3-original\/","title":{"rendered":"Chaqueta Anti-Lluvia Strada V3 | Original"},"content":{"rendered":"<div>\n<div>\n<div>\n<div class=\"jss21530 jss21525\">\n<div class=\"MuiGrid-root MuiGrid-container MuiGrid-spacing-xs-1\">\n<div class=\"MuiGrid-root jss21500 MuiGrid-item MuiGrid-grid-xs-12\">\n<div class=\"jss21497\"><strong>Exterior:<\/strong><\/div>\n<div class=\"jss21498\">Poli\u00e9ster (recubrimiento de poliuretano)<\/div>\n<\/div>\n<div class=\"MuiGrid-root jss21500 MuiGrid-item MuiGrid-grid-xs-12\">\n<div class=\"jss21497\"><strong>Plus:<\/strong><\/div>\n<div class=\"jss21498\">Impresiones reflex<\/div>\n<div class=\"jss21498\">Compactable<\/div>\n<div class=\"jss21498\">Amplitud pu\u00f1o y manga regulable<\/div>\n<\/div>\n<div class=\"MuiGrid-root jss21500 MuiGrid-item MuiGrid-grid-xs-12\">\n<div class=\"jss21497\"><strong>S\u00edmbolos de lavado:<\/strong><\/div>\n<div class=\"jss21498\"><img decoding=\"async\" class=\"jss21499\" title=\"Lavado a m\u00e1quina a 30\u00b0\" src=\"https:\/\/e-catalog.ducati.com\/EPCResources\/GRAPHICS\/immagini_pim\/9A\/9AC8B7531C3552FF1CFDB73C2214926B.anag.th.png\" alt=\"Lavado a m\u00e1quina a 30\u00b0\" \/><img decoding=\"async\" class=\"jss21499\" title=\"No blanquear con cloro\" src=\"https:\/\/e-catalog.ducati.com\/EPCResources\/GRAPHICS\/immagini_pim\/D2\/D2C7FC22C012E518F5F2DBA764237D5C.anag.th.png\" alt=\"No blanquear con cloro\" \/><img decoding=\"async\" class=\"jss21499\" title=\"No planchar\" src=\"https:\/\/e-catalog.ducati.com\/EPCResources\/GRAPHICS\/immagini_pim\/A9\/A94C88F492B075D8FE914F44E8728AFE.anag.th.png\" alt=\"No planchar\" \/><img decoding=\"async\" class=\"jss21499\" title=\"No lavar a seco, no desmanchar con solventes\" src=\"https:\/\/e-catalog.ducati.com\/EPCResources\/GRAPHICS\/immagini_pim\/02\/0221B9AD83091F0BB09B2439306B6572.anag.th.png\" alt=\"No lavar a seco, no desmanchar con solventes\" \/><img decoding=\"async\" class=\"jss21499\" title=\"No secar en secarropas con tambor rotativo\" src=\"https:\/\/e-catalog.ducati.com\/EPCResources\/GRAPHICS\/immagini_pim\/E8\/E8636C561611E7F2141BC40ACB2976DA.anag.th.png\" alt=\"No secar en secarropas con tambor rotativo\" \/><\/div>\n<\/div>\n<div class=\"MuiGrid-root jss21500 MuiGrid-item MuiGrid-grid-xs-12\">\n<div class=\"jss21497\"><strong>Confort:<\/strong><\/div>\n<div class=\"jss21498\">100% impermeable<\/div>\n<div class=\"jss21498\">Dobladillo el\u00e0stico para la regulaci\u00f2n de la amplitud del fondo de la chaqueta<\/div>\n<\/div>\n<div class=\"MuiGrid-root jss21500 MuiGrid-item MuiGrid-grid-xs-12\">\n<div class=\"jss21497\"><strong>Linea prodotto:<\/strong><\/div>\n<div class=\"jss21498\">Ducati<\/div>\n<\/div>\n<div class=\"MuiGrid-root jss21500 MuiGrid-item MuiGrid-grid-xs-12\">\n<div class=\"jss21497\"><strong>Material:<\/strong><\/div>\n<div class=\"jss21498\">PVC<\/div>\n<\/div>\n<\/div>\n<\/div>\n<\/div>\n<\/div>\n<\/div>\n<div>\n<div class=\"jss21604\">\n<div class=\"jss21591 element\"><\/div>\n<\/div>\n<\/div>\n","protected":false},"excerpt":{"rendered":"<div>\n<div class=\"jss1215\">\n<div class=\"jss16618\">\n<div class=\"jss1513\">\n<div>\n<div class=\"jss7039\">Pr\u00e1ctica y totalmente impermeable y certificada, la chaqueta Strada V3 incorpora impresiones reflex para aumentar la visibilidad por la noche o en condiciones meteorol\u00f3gicas adversas. Las costuras selladas y la solapa frontal antilluvia ofrecen una protecci\u00f3n completa contra el agua. Como est\u00e1 dise\u00f1ada para ser usada sobre prendas t\u00e9cnicas, debe adquirirse en la misma talla que la chaqueta. Se puede llevar con los pantalones antilluvia de la misma l\u00ednea y viene con una pr\u00e1ctica bolsa de almacenamiento. Con un dise\u00f1o de estilo Ducati y disponible en negro o amarillo de alta visibilidad, es la prenda perfecta para todos los pilotos que no quieren perderse la emoci\u00f3n de conducir incluso bajo la lluvia.<\/div>\n<\/div>\n<\/div>\n<\/div>\n<\/div>\n<\/div>\n<div>\n<div class=\"jss1334\">\n<div class=\"jss1321 element\">\n<div>\n<div class=\"jss21604\">\n<div class=\"jss21591 element\"><\/div>\n<\/div>\n<\/div>\n<\/div>\n<\/div>\n<\/div>\n","protected":false},"featured_media":6818,"comment_status":"closed","ping_status":"closed","template":"","meta":[],"product_cat":[121,17],"product_tag":[],"class_list":["post-6812","product","type-product","status-publish","has-post-thumbnail","hentry","product_cat-impermeables","product_cat-ropa-de-moto","pa_talla-numerica-s","pa_talla-numerica-m","pa_talla-numerica-l","pa_talla-numerica-xl"],"_links":{"self":[{"href":"https:\/\/www.ducaticolombia.co\/tienda\/wp-json\/wp\/v2\/product\/6812","targetHints":{"allow":["GET"]}}],"collection":[{"href":"https:\/\/www.ducaticolombia.co\/tienda\/wp-json\/wp\/v2\/product"}],"about":[{"href":"https:\/\/www.ducaticolombia.co\/tienda\/wp-json\/wp\/v2\/types\/product"}],"replies":[{"embeddable":true,"href":"https:\/\/www.ducaticolombia.co\/tienda\/wp-json\/wp\/v2\/comments?post=6812"}],"wp:featuredmedia":[{"embeddable":true,"href":"https:\/\/www.ducaticolombia.co\/tienda\/wp-json\/wp\/v2\/media\/6818"}],"wp:attachment":[{"href":"https:\/\/www.ducaticolombia.co\/tienda\/wp-json\/wp\/v2\/media?parent=6812"}],"wp:term":[{"taxonomy":"product_cat","embeddable":true,"href":"https:\/\/www.ducaticolombia.co\/tienda\/wp-json\/wp\/v2\/product_cat?post=6812"},{"taxonomy":"product_tag","embeddable":true,"href":"https:\/\/www.ducaticolombia.co\/tienda\/wp-json\/wp\/v2\/product_tag?post=6812"}],"curies":[{"name":"wp","href":"https:\/\/api.w.org\/{rel}","templated":true}]}}