{"id":6837,"date":"2025-08-14T17:51:17","date_gmt":"2025-08-14T22:51:17","guid":{"rendered":"https:\/\/www.ducaticolombia.co\/tienda\/?post_type=product&#038;p=6837"},"modified":"2026-02-26T09:56:48","modified_gmt":"2026-02-26T14:56:48","slug":"sudadera-para-moto-ducati-city-original","status":"publish","type":"product","link":"https:\/\/www.ducaticolombia.co\/tienda\/producto\/sudadera-para-moto-ducati-city-original\/","title":{"rendered":"Sudadera para moto Ducati City | Original"},"content":{"rendered":"<div>\n<div>\n<div>\n<div class=\"jss2013 jss2008\">\n<div class=\"MuiGrid-root MuiGrid-container MuiGrid-spacing-xs-1\">\n<div class=\"MuiGrid-root jss1983 MuiGrid-item MuiGrid-grid-xs-12\">\n<div class=\"jss1980\"><strong>Exterior:<\/strong><\/div>\n<div class=\"jss1981\">Polar de poli\u00e9ster 2L con refuerzos internos<\/div>\n<div class=\"jss1981\">Tratamiento repelente al agua DWR<\/div>\n<\/div>\n<div class=\"MuiGrid-root jss1983 MuiGrid-item MuiGrid-grid-xs-12\">\n<div class=\"jss1980\"><strong>Interior:<\/strong><\/div>\n<div class=\"jss1981\">Aplicaciones el\u00e1sticas de poliamida en hombros y axilas<\/div>\n<\/div>\n<div class=\"MuiGrid-root jss1983 MuiGrid-item MuiGrid-grid-xs-12\">\n<div class=\"jss1980\"><strong>Plus:<\/strong><\/div>\n<div class=\"jss1981\">2 bolsillos interiores ocultos<\/div>\n<div class=\"jss1981\">Bolsillo interno accesible mediante cremallera lateral<\/div>\n<div class=\"jss1981\">Dobles cremalleras laterales<\/div>\n<div class=\"jss1981\">Cuello redondo acanalado<\/div>\n<\/div>\n<div class=\"MuiGrid-root jss1983 MuiGrid-item MuiGrid-grid-xs-12\">\n<div class=\"jss1980\"><strong>S\u00edmbolos de lavado:<\/strong><\/div>\n<div class=\"jss1981\"><img decoding=\"async\" class=\"jss1982\" title=\"Lavado s\u00f3lo a mano\" src=\"https:\/\/e-catalog.ducati.com\/EPCResources\/GRAPHICS\/immagini_pim\/EA\/EADE2793598989CB10053F9A97956D39.anag.th.png\" alt=\"Lavado s\u00f3lo a mano\" \/><img decoding=\"async\" class=\"jss1982\" title=\"No blanquear con cloro\" src=\"https:\/\/e-catalog.ducati.com\/EPCResources\/GRAPHICS\/immagini_pim\/D2\/D2C7FC22C012E518F5F2DBA764237D5C.anag.th.png\" alt=\"No blanquear con cloro\" \/><img decoding=\"async\" class=\"jss1982\" title=\"Temperatura m\u00e1xima de la plancha 110\u00b0\" src=\"https:\/\/e-catalog.ducati.com\/EPCResources\/GRAPHICS\/immagini_pim\/1A\/1AABDA1E99555CA7F0B3B509897D0099.anag.th.png\" alt=\"Temperatura m\u00e1xima de la plancha 110\u00b0\" \/><img decoding=\"async\" class=\"jss1982\" title=\"No lavar a seco, no desmanchar con solventes\" src=\"https:\/\/e-catalog.ducati.com\/EPCResources\/GRAPHICS\/immagini_pim\/02\/0221B9AD83091F0BB09B2439306B6572.anag.th.png\" alt=\"No lavar a seco, no desmanchar con solventes\" \/><img decoding=\"async\" class=\"jss1982\" title=\"No secar en secarropas con tambor rotativo\" src=\"https:\/\/e-catalog.ducati.com\/EPCResources\/GRAPHICS\/immagini_pim\/E8\/E8636C561611E7F2141BC40ACB2976DA.anag.th.png\" alt=\"No secar en secarropas con tambor rotativo\" \/><\/div>\n<\/div>\n<div class=\"MuiGrid-root jss1983 MuiGrid-item MuiGrid-grid-xs-12\">\n<div class=\"jss1980\"><strong>Linea prodotto:<\/strong><\/div>\n<div class=\"jss1981\">Ducati<\/div>\n<\/div>\n<div class=\"MuiGrid-root jss1983 MuiGrid-item MuiGrid-grid-xs-12\">\n<div class=\"jss1980\"><strong>Material:<\/strong><\/div>\n<div class=\"jss1981\">Tela<\/div>\n<div><strong>Protecci\u00f3n:<\/strong><\/div>\n<div>\n<div class=\"jss2017\">\n<div><img decoding=\"async\" src=\"https:\/\/e-catalog.ducati.com\/EPCResources\/GRAPHICS\/immagini_pim\/98\/9895A6E3A9DB59B343C6D1A428BF9FDB.png\" alt=\"Protecciones para hombros y codos Nucleon Flex Plus\" \/> Protecciones para hombros y codos Nucleon Flex Plus<\/div>\n<\/div>\n<div class=\"jss2017\">\n<div><img decoding=\"async\" src=\"https:\/\/e-catalog.ducati.com\/EPCResources\/GRAPHICS\/immagini_pim\/14\/1482EF091D2FF2B543CA722F5B70B8FE.png\" alt=\"Preparado para la inserci\u00f3n de la protecci\u00f3n espalda Nucleon KR-2l (por separado c\u00f3d. 98104300_)\" \/> Preparado para la inserci\u00f3n de la protecci\u00f3n espalda Nucleon KR-2l (por separado c\u00f3d. 98104300_)<\/div>\n<\/div>\n<\/div>\n<\/div>\n<\/div>\n<\/div>\n<\/div>\n<\/div>\n<\/div>\n<div>\n<div class=\"jss2087\">\n<div class=\"jss2074 element\"><\/div>\n<\/div>\n<\/div>\n","protected":false},"excerpt":{"rendered":"<div>\n<div class=\"jss1215\">\n<div class=\"jss16618\">\n<div class=\"jss6901\"><\/div>\n<\/div>\n<\/div>\n<\/div>\n<div>\n<div class=\"jss1334\">\n<div class=\"jss1321 element\">\n<div>\n<div class=\"jss955\">\n<div>\n<div>\n<div>\n<div class=\"jss1968\">Dise\u00f1o moderno para esta sudadera con bloques de color confeccionada en colaboraci\u00f3n con Alpinestars, perfecta para la conducci\u00f3n urbana. El estilo urbano y minimalista permite llevarla tambi\u00e9n durante el tiempo libre, mientras que la inscripci\u00f3n Ducati impresa engomada confiere un aspecto streetwear y sofisticado a quien la lleva. Confeccionada de material suave y c\u00f3modo, tiene un forro polar de poli\u00e9ster 2L con refuerzos interiores y tratamiento exterior resistente al agua. Se trata de una prenda certificada, preparada para la inserci\u00f3n de un protector de espalda y equipada con protectores blandos y flexibles en hombros y codos que ofrecen una buena protecci\u00f3n en caso de impacto. Las aplicaciones el\u00e1sticas de poliamida en la sisa hacen que sea c\u00f3moda para llevar a diario durante los desplazamientos por la ciudad. La sudadera Ducati City tambi\u00e9n est\u00e1 dotada de una serie de bolsillos interiores, uno de estos accesible mediante cremalleras laterales, para que puedas llevar contigo todo lo que necesites con total tranquilidad. Explora la jungla urbana montado en dos ruedas luciendo el inconfundible estilo Ducati.<\/div>\n<\/div>\n<\/div>\n<\/div>\n<div>\n<div class=\"jss2087\">\n<div class=\"jss2074 element\"><\/div>\n<\/div>\n<\/div>\n<\/div>\n<\/div>\n<div>\n<div class=\"jss1074\">\n<div class=\"jss1061 element\"><\/div>\n<\/div>\n<\/div>\n<\/div>\n<\/div>\n<\/div>\n","protected":false},"featured_media":6867,"comment_status":"closed","ping_status":"closed","template":"","meta":[],"product_cat":[24,17],"product_tag":[],"class_list":["post-6837","product","type-product","status-publish","has-post-thumbnail","hentry","product_cat-chaquetas-con-proteccion","product_cat-ropa-de-moto","pa_talla-numerica-s","pa_talla-numerica-m","pa_talla-numerica-l","pa_talla-numerica-xl"],"_links":{"self":[{"href":"https:\/\/www.ducaticolombia.co\/tienda\/wp-json\/wp\/v2\/product\/6837","targetHints":{"allow":["GET"]}}],"collection":[{"href":"https:\/\/www.ducaticolombia.co\/tienda\/wp-json\/wp\/v2\/product"}],"about":[{"href":"https:\/\/www.ducaticolombia.co\/tienda\/wp-json\/wp\/v2\/types\/product"}],"replies":[{"embeddable":true,"href":"https:\/\/www.ducaticolombia.co\/tienda\/wp-json\/wp\/v2\/comments?post=6837"}],"wp:featuredmedia":[{"embeddable":true,"href":"https:\/\/www.ducaticolombia.co\/tienda\/wp-json\/wp\/v2\/media\/6867"}],"wp:attachment":[{"href":"https:\/\/www.ducaticolombia.co\/tienda\/wp-json\/wp\/v2\/media?parent=6837"}],"wp:term":[{"taxonomy":"product_cat","embeddable":true,"href":"https:\/\/www.ducaticolombia.co\/tienda\/wp-json\/wp\/v2\/product_cat?post=6837"},{"taxonomy":"product_tag","embeddable":true,"href":"https:\/\/www.ducaticolombia.co\/tienda\/wp-json\/wp\/v2\/product_tag?post=6837"}],"curies":[{"name":"wp","href":"https:\/\/api.w.org\/{rel}","templated":true}]}}