{"id":6870,"date":"2025-08-23T10:43:54","date_gmt":"2025-08-23T15:43:54","guid":{"rendered":"https:\/\/www.ducaticolombia.co\/tienda\/?post_type=product&#038;p=6870"},"modified":"2026-02-18T00:00:27","modified_gmt":"2026-02-18T05:00:27","slug":"botas-tecnicas-cortas-company-c4-ducati-original","status":"publish","type":"product","link":"https:\/\/www.ducaticolombia.co\/tienda\/producto\/botas-tecnicas-cortas-company-c4-ducati-original\/","title":{"rendered":"Botas T\u00e9cnicas Cortas Company C4 | Ducati | Original"},"content":{"rendered":"<div>\n<div>\n<div>\n<div class=\"jss3903 jss3898\">\n<div class=\"MuiGrid-root MuiGrid-container MuiGrid-spacing-xs-1\">\n<div class=\"MuiGrid-root jss3873 MuiGrid-item MuiGrid-grid-xs-12\">\n<div class=\"jss3870\"><strong>Suela:<\/strong><\/div>\n<div class=\"jss3871\">Suela de goma Vibram\u00ae antideslizante y resistente a la abrasi\u00f3n<\/div>\n<\/div>\n<div class=\"MuiGrid-root jss3873 MuiGrid-item MuiGrid-grid-xs-12\">\n<div class=\"jss3870\"><strong>Empelle:<\/strong><\/div>\n<div class=\"jss3871\">Microfibra y tejido t\u00e9cnico<\/div>\n<\/div>\n<div class=\"MuiGrid-root jss3873 MuiGrid-item MuiGrid-grid-xs-12\">\n<div class=\"jss3870\"><strong>Forro:<\/strong><\/div>\n<div class=\"jss3871\">Poli\u00e9sterMembrana Gore-Tex\u00ae impermeable y transpirable<\/div>\n<\/div>\n<div class=\"MuiGrid-root jss3873 MuiGrid-item MuiGrid-grid-xs-12\">\n<div class=\"jss3870\"><strong>Cierre:<\/strong><\/div>\n<div class=\"jss3871\">Con cordones y banda de Velcro\u00ae<\/div>\n<div class=\"jss3871\">Aplicaciones reflex<\/div>\n<\/div>\n<div class=\"MuiGrid-root jss3873 MuiGrid-item MuiGrid-grid-xs-12\">\n<div class=\"jss3870\"><strong>Linea prodotto:<\/strong><\/div>\n<div class=\"jss3871\">Ducati<\/div>\n<\/div>\n<\/div>\n<\/div>\n<\/div>\n<\/div>\n<\/div>\n<div>\n<div class=\"jss3977\">\n<div class=\"jss3964 element\"><strong>Protecci\u00f3n:\u00a0<\/strong><\/div>\n<div>\n<div class=\"jss3907\">\n<div><img decoding=\"async\" src=\"https:\/\/e-catalog.ducati.com\/EPCResources\/GRAPHICS\/immagini_pim\/0F\/0FE9AFB10E547206BC442B8991BAA3D0.png\" alt=\"Punta y tal\u00f3n reforzados\" \/> Punta y tal\u00f3n reforzados<\/div>\n<\/div>\n<div class=\"jss3907\">\n<div><img decoding=\"async\" src=\"https:\/\/e-catalog.ducati.com\/EPCResources\/GRAPHICS\/immagini_pim\/94\/945AE41C5E5969EA5D250BE983635B84.png\" alt=\"Refuerzo mal\u00e9olo interior y exterior\" \/> Refuerzo mal\u00e9olo interior y exterior<\/div>\n<\/div>\n<\/div>\n<\/div>\n<\/div>\n","protected":false},"excerpt":{"rendered":"<div>\n<div class=\"jss7673\"><\/div>\n<\/div>\n<div>\n<div class=\"jss7792\">\n<div class=\"jss7779 element\">\n<div class=\"jss13264\">\n<div class=\"jss13251 element\">\n<div class=\"jss14659\">\n<div class=\"jss14646 element\">\n<div>\n<div class=\"jss3858\">\n<div>\n<div>\n<div>\n<div class=\"jss3858\">Las botas bajas Company C4, de dise\u00f1o minimalista y distintivo, han sido dise\u00f1adas por Drudi Performance y desarrolladas por Held en exclusiva para Ducati. Adaptadas para un uso tur\u00edstico y urbano durante la conducci\u00f3n de la moto, tambi\u00e9n son c\u00f3modas para dar un paseo al llegar a destino. La empella es de microfibra y tejido t\u00e9cnico mientras que la suela de goma Vibram\u00ae antideslizante ofrece un confort m\u00e1ximo en cualquier circunstancia. El forro dotado de membrana Gore-Tex\u00ae es ligero, transpirable e impermeable mientras que el tejido de poli\u00e9ster suave proporciona al calzado un ajuste sumamente c\u00f3modo. Certificadas seg\u00fan las \u00faltimas normativas, est\u00e1n dotadas de puntera y tal\u00f3n reforzados y refuerzo interior y exterior en el mal\u00e9olo, lo que garantiza seguridad u protecci\u00f3n durante la conducci\u00f3n. Pr\u00e1cticas para llevar por el cierre con cordones y banda de Velcro, que aseguran un sost\u00e9n adecuado del pie, mientras que las aplicaciones de reflex dan mayor visibilidad. Viaja y vive la aventura con el inimitable estilo Ducati en los pies.<\/div>\n<\/div>\n<\/div>\n<\/div>\n<div>\n<div class=\"jss3977\">\n<div class=\"jss3964 element\"><\/div>\n<\/div>\n<\/div>\n<\/div>\n<\/div>\n<div>\n<div class=\"jss3977\">\n<div class=\"jss3964 element\"><\/div>\n<\/div>\n<\/div>\n<\/div>\n<\/div>\n<\/div>\n<\/div>\n<\/div>\n<\/div>\n<\/div>\n","protected":false},"featured_media":6875,"comment_status":"closed","ping_status":"closed","template":"","meta":[],"product_cat":[27,17],"product_tag":[],"class_list":["post-6870","product","type-product","status-publish","has-post-thumbnail","hentry","product_cat-botas","product_cat-ropa-de-moto"],"_links":{"self":[{"href":"https:\/\/www.ducaticolombia.co\/tienda\/wp-json\/wp\/v2\/product\/6870","targetHints":{"allow":["GET"]}}],"collection":[{"href":"https:\/\/www.ducaticolombia.co\/tienda\/wp-json\/wp\/v2\/product"}],"about":[{"href":"https:\/\/www.ducaticolombia.co\/tienda\/wp-json\/wp\/v2\/types\/product"}],"replies":[{"embeddable":true,"href":"https:\/\/www.ducaticolombia.co\/tienda\/wp-json\/wp\/v2\/comments?post=6870"}],"wp:featuredmedia":[{"embeddable":true,"href":"https:\/\/www.ducaticolombia.co\/tienda\/wp-json\/wp\/v2\/media\/6875"}],"wp:attachment":[{"href":"https:\/\/www.ducaticolombia.co\/tienda\/wp-json\/wp\/v2\/media?parent=6870"}],"wp:term":[{"taxonomy":"product_cat","embeddable":true,"href":"https:\/\/www.ducaticolombia.co\/tienda\/wp-json\/wp\/v2\/product_cat?post=6870"},{"taxonomy":"product_tag","embeddable":true,"href":"https:\/\/www.ducaticolombia.co\/tienda\/wp-json\/wp\/v2\/product_tag?post=6870"}],"curies":[{"name":"wp","href":"https:\/\/api.w.org\/{rel}","templated":true}]}}