{"id":7097,"date":"2025-08-24T19:52:08","date_gmt":"2025-08-25T00:52:08","guid":{"rendered":"https:\/\/www.ducaticolombia.co\/tienda\/?post_type=product&#038;p=7097"},"modified":"2026-04-17T13:53:33","modified_gmt":"2026-04-17T18:53:33","slug":"chaqueta-de-verano-con-protecciones-overlay-p01-2-0-ducati-original","status":"publish","type":"product","link":"https:\/\/www.ducaticolombia.co\/tienda\/producto\/chaqueta-de-verano-con-protecciones-overlay-p01-2-0-ducati-original\/","title":{"rendered":"Chaqueta De Verano Con Protecciones Overlay P01 2.0 | Ducati | Original"},"content":{"rendered":"<div>\n<div>\n<div>\n<div class=\"jss32804 jss32799\">\n<div class=\"MuiGrid-root MuiGrid-container MuiGrid-spacing-xs-1\">\n<div class=\"MuiGrid-root jss32774 MuiGrid-item MuiGrid-grid-xs-12\">\n<div class=\"jss32771\"><strong>Exterior:<\/strong><\/div>\n<div class=\"jss32772\">Tejido de poli\u00e9ster de 350 g\/m2 (resistencia a la abrasi\u00f3n 140 ciclos Martin Dale)<\/div>\n<div class=\"jss32772\">Tejido de poli\u00e9ster 600 de alta tenacidad con tratamiento repelente al agua, de 280 g\/m2, resistente a la abrasi\u00f3n, 254 ciclos de Martin Dale, UNI EN ISO 388\/2004<\/div>\n<\/div>\n<div class=\"MuiGrid-root jss32774 MuiGrid-item MuiGrid-grid-xs-12\">\n<div class=\"jss32771\"><strong>Interior:<\/strong><\/div>\n<div class=\"jss32772\">Malla interior fija en poli\u00e9ster de 100 g\/m2<\/div>\n<\/div>\n<div class=\"MuiGrid-root jss32774 MuiGrid-item MuiGrid-grid-xs-12\">\n<div class=\"jss32771\"><strong>Plus:<\/strong><\/div>\n<div class=\"jss32772\">Doble costura en las zonas m\u00e1s expuestas a la abrasi\u00f3n<\/div>\n<div class=\"jss32772\">Cremallera central de uni\u00f3n con la Chaqueta de tejido Overlay Yo (98108505_), Overlay Y4T (98108823_), Overlay YB (98108507_) y Sudadera Overlay L01 (98108509_)<\/div>\n<div class=\"jss32772\">Alamares en la parte posterior del cuello y en los pu\u00f1os para unir con todos los modelos Overlay<\/div>\n<div class=\"jss32772\">Cremallera YKK<\/div>\n<div class=\"jss32772\">2 bolsillos exteriores<\/div>\n<div class=\"jss32772\">Impresiones reflex<\/div>\n<\/div>\n<div class=\"MuiGrid-root jss32774 MuiGrid-item MuiGrid-grid-xs-12\">\n<div class=\"jss32771\"><strong>S\u00edmbolos de lavado:<\/strong><\/div>\n<div class=\"jss32772\"><img decoding=\"async\" class=\"jss32773\" title=\"Lavado s\u00f3lo a mano\" src=\"https:\/\/e-catalog.ducati.com\/EPCResources\/GRAPHICS\/immagini_pim\/EA\/EADE2793598989CB10053F9A97956D39.anag.th.png\" alt=\"Lavado s\u00f3lo a mano\" \/><img decoding=\"async\" class=\"jss32773\" title=\"No blanquear con cloro\" src=\"https:\/\/e-catalog.ducati.com\/EPCResources\/GRAPHICS\/immagini_pim\/D2\/D2C7FC22C012E518F5F2DBA764237D5C.anag.th.png\" alt=\"No blanquear con cloro\" \/><img decoding=\"async\" class=\"jss32773\" title=\"Extender colgado\" src=\"https:\/\/e-catalog.ducati.com\/EPCResources\/GRAPHICS\/immagini_pim\/66\/661B57FD8934834E949DDA8DC8C2E3CD.anag.th.png\" alt=\"Extender colgado\" \/><img decoding=\"async\" class=\"jss32773\" title=\"Temperatura m\u00e1xima de la plancha 110\u00b0\" src=\"https:\/\/e-catalog.ducati.com\/EPCResources\/GRAPHICS\/immagini_pim\/1A\/1AABDA1E99555CA7F0B3B509897D0099.anag.th.png\" alt=\"Temperatura m\u00e1xima de la plancha 110\u00b0\" \/><img decoding=\"async\" class=\"jss32773\" title=\"No lavar a seco, no desmanchar con solventes\" src=\"https:\/\/e-catalog.ducati.com\/EPCResources\/GRAPHICS\/immagini_pim\/02\/0221B9AD83091F0BB09B2439306B6572.anag.th.png\" alt=\"No lavar a seco, no desmanchar con solventes\" \/><img decoding=\"async\" class=\"jss32773\" title=\"No secar en secarropas con tambor rotativo\" src=\"https:\/\/e-catalog.ducati.com\/EPCResources\/GRAPHICS\/immagini_pim\/E8\/E8636C561611E7F2141BC40ACB2976DA.anag.th.png\" alt=\"No secar en secarropas con tambor rotativo\" \/><\/div>\n<\/div>\n<div class=\"MuiGrid-root jss32774 MuiGrid-item MuiGrid-grid-xs-12\">\n<div class=\"jss32771\"><strong>Confort:<\/strong><\/div>\n<div class=\"jss32772\">100% ventilado<\/div>\n<\/div>\n<div class=\"MuiGrid-root jss32774 MuiGrid-item MuiGrid-grid-xs-12\">\n<div class=\"jss32771\"><strong>Linea prodotto:<\/strong><\/div>\n<div class=\"jss32772\">Ducati<\/div>\n<\/div>\n<div class=\"MuiGrid-root jss32774 MuiGrid-item MuiGrid-grid-xs-12\">\n<div class=\"jss32771\"><strong>Material:<\/strong><\/div>\n<div class=\"jss32772\">Tela<\/div>\n<div><strong>Protecci\u00f3n:\u00a0<\/strong><\/div>\n<div>\n<div class=\"jss32808\">\n<div><img decoding=\"async\" src=\"https:\/\/e-catalog.ducati.com\/EPCResources\/GRAPHICS\/immagini_pim\/04\/04864BEA6FE96783B71CB798D5B3EE99.png\" alt=\"Force-Tech fije certificados seg\u00fan la norma EN 1621.1 \" \/> Force-Tech fije certificados seg\u00fan la norma EN 1621.1<\/div>\n<\/div>\n<div class=\"jss32808\">\n<div><img decoding=\"async\" src=\"https:\/\/e-catalog.ducati.com\/EPCResources\/GRAPHICS\/immagini_pim\/14\/1482EF091D2FF2B543CA722F5B70B8FE.png\" alt=\"Preparado para la introducci\u00f3n protecci\u00f3n espalda Warrior 2 (por separado c\u00f3d. 981027003)\" \/> Preparado para la introducci\u00f3n protecci\u00f3n espalda Warrior 2 (por separado c\u00f3d. 981027003)<\/div>\n<\/div>\n<div class=\"jss32808\">\n<div><img decoding=\"async\" src=\"https:\/\/e-catalog.ducati.com\/EPCResources\/GRAPHICS\/immagini_pim\/FD\/FD16F2BDC13835A297914692CF27287B.png\" alt=\"Protecciones Warrior Lite, certificadas seg\u00fan la norma EN 1621.1.\" \/> Protecciones Warrior Lite, certificadas seg\u00fan la norma EN 1621.1.<\/div>\n<\/div>\n<\/div>\n<\/div>\n<\/div>\n<\/div>\n<\/div>\n<\/div>\n<\/div>\n<div>\n<div class=\"jss32878\">\n<div class=\"jss32865 element\"><\/div>\n<\/div>\n<\/div>\n","protected":false},"excerpt":{"rendered":"<div>\n<div class=\"jss1215\">\n<div>\n<div class=\"jss16618\">\n<div>\n<div class=\"jss6901\">\n<div>\n<div class=\"jss16702\"><\/div>\n<\/div>\n<div>\n<div class=\"jss16821\">\n<div class=\"jss16808 element\"><\/div>\n<\/div>\n<\/div>\n<\/div>\n<\/div>\n<div>\n<div class=\"jss7020\">\n<div class=\"jss7007 element\"><\/div>\n<\/div>\n<\/div>\n<\/div>\n<\/div>\n<div>\n<div class=\"jss16737\">\n<div class=\"jss16724 element\"><\/div>\n<\/div>\n<\/div>\n<\/div>\n<\/div>\n<div>\n<div class=\"jss1334\">\n<div class=\"jss1321 element\">\n<div>\n<div>\n<div>\n<div class=\"jss32759\">La camiseta con protecciones Ducati Overlay P01 2.0, resultado de un proyecto especial que ha contado con la colaboraci\u00f3n de Ducati, Drudi Performance y Spidi, es el elemento esencial que permite el uso motocicl\u00edstico en carretera de las prendas de la c\u00e1psula. De hecho, adem\u00e1s de la presencia de las protecciones certificadas, el mismo se caracteriza por la \u00f3ptima ventilaci\u00f3n y el confort de conducci\u00f3n. El 70% de la superficie es de red, lo que favorece un abundante paso del aire. El restante 15% es superel\u00e1stico, permitiendo un fit adherente y la m\u00e1xima libertad de movimiento, tambi\u00e9n gracias al tejido el\u00e1stico aplicado en el interior de las mangas y en los laterales. El forro es de red, lo que mejora el proceso de transpiraci\u00f3n. Maximizan a\u00fan m\u00e1s el confort, el corte corto dando una mayor agilidad en los movimientos y la red espec\u00edfica en el cuello y los pu\u00f1os bordados de lycra\u00ae. Se trata de una prenda certificada seg\u00fan las \u00faltimas normativas que representa una fusi\u00f3n de confort y seguridad y est\u00e1 predispuesta para la inserci\u00f3n del protector de espalda. El sistema Overlay ofrece distintas posibilidades de uso seg\u00fan las condiciones clim\u00e1ticas: se puede llevar la camiseta sola, o unirla con la cremallera a una de las prendas de la l\u00ednea a elecci\u00f3n. Si se desean llevar contempor\u00e1neamente m\u00e1s de dos prendas Overlay, se pueden combinar mediante los alamares presentes en la parte de atr\u00e1s del cuello y pu\u00f1os en todos los modelos. El look sobrio de la chaqueta, disponible solo en versi\u00f3n para hombre, se aviva con la marca Ducati y las aplicaciones rojas brillantes que le dan a la prenda un estilo discreto y audaz.<\/div>\n<\/div>\n<\/div>\n<\/div>\n<div>\n<div class=\"jss32878\">\n<div class=\"jss32865 element\"><\/div>\n<\/div>\n<\/div>\n<\/div>\n<\/div>\n<\/div>\n","protected":false},"featured_media":7101,"comment_status":"closed","ping_status":"closed","template":"","meta":[],"product_cat":[24,17],"product_tag":[],"class_list":["post-7097","product","type-product","status-publish","has-post-thumbnail","hentry","product_cat-chaquetas-con-proteccion","product_cat-ropa-de-moto","pa_talla-numerica-s","pa_talla-numerica-m","pa_talla-numerica-l","pa_talla-numerica-xl"],"_links":{"self":[{"href":"https:\/\/www.ducaticolombia.co\/tienda\/wp-json\/wp\/v2\/product\/7097","targetHints":{"allow":["GET"]}}],"collection":[{"href":"https:\/\/www.ducaticolombia.co\/tienda\/wp-json\/wp\/v2\/product"}],"about":[{"href":"https:\/\/www.ducaticolombia.co\/tienda\/wp-json\/wp\/v2\/types\/product"}],"replies":[{"embeddable":true,"href":"https:\/\/www.ducaticolombia.co\/tienda\/wp-json\/wp\/v2\/comments?post=7097"}],"wp:featuredmedia":[{"embeddable":true,"href":"https:\/\/www.ducaticolombia.co\/tienda\/wp-json\/wp\/v2\/media\/7101"}],"wp:attachment":[{"href":"https:\/\/www.ducaticolombia.co\/tienda\/wp-json\/wp\/v2\/media?parent=7097"}],"wp:term":[{"taxonomy":"product_cat","embeddable":true,"href":"https:\/\/www.ducaticolombia.co\/tienda\/wp-json\/wp\/v2\/product_cat?post=7097"},{"taxonomy":"product_tag","embeddable":true,"href":"https:\/\/www.ducaticolombia.co\/tienda\/wp-json\/wp\/v2\/product_tag?post=7097"}],"curies":[{"name":"wp","href":"https:\/\/api.w.org\/{rel}","templated":true}]}}