{"id":7133,"date":"2025-08-24T20:19:59","date_gmt":"2025-08-25T01:19:59","guid":{"rendered":"https:\/\/www.ducaticolombia.co\/tienda\/?post_type=product&#038;p=7133"},"modified":"2026-02-25T15:47:54","modified_gmt":"2026-02-25T20:47:54","slug":"chaqueta-con-protecciones-flow-c5-ducati-original","status":"publish","type":"product","link":"https:\/\/www.ducaticolombia.co\/tienda\/producto\/chaqueta-con-protecciones-flow-c5-ducati-original\/","title":{"rendered":"Chaqueta Con Protecciones Flow C5 | Ducati | Original"},"content":{"rendered":"<div>\n<div>\n<div>\n<div class=\"jss39177 jss39172\">\n<div class=\"MuiGrid-root MuiGrid-container MuiGrid-spacing-xs-1\">\n<div class=\"MuiGrid-root jss39147 MuiGrid-item MuiGrid-grid-xs-12\">\n<div class=\"jss39144\"><strong>Exterior:<\/strong><\/div>\n<div class=\"jss39145\">Tejido de poli\u00e9ster de 350 g\/m2 (resistencia a la abrasi\u00f3n 140 ciclos Martin Dale)<\/div>\n<div class=\"jss39145\">Tejido de poli\u00e9ster 600 de 280 g\/m2 (resistencia a la abrasi\u00f3n 254 ciclos Martin Dale)<\/div>\n<\/div>\n<div class=\"MuiGrid-root jss39147 MuiGrid-item MuiGrid-grid-xs-12\">\n<div class=\"jss39144\"><strong>Interior:<\/strong><\/div>\n<div class=\"jss39145\">Membrana separable H2Out\u00ae, impermeable, transpirable y cortavientos. Laminada de dos capas, con costuras termoselladas (columna de agua 20.000 mm, permeabilidad al vapor\/transpiraci\u00f3n 800 g\/m2 por 24h)Malla interior fija en poli\u00e9ster de 100 g\/m2<\/div>\n<\/div>\n<div class=\"MuiGrid-root jss39147 MuiGrid-item MuiGrid-grid-xs-12\">\n<div class=\"jss39144\"><strong>Plus:<\/strong><\/div>\n<div class=\"jss39145\">Gancho de uni\u00f3n chaqueta a pantalones<\/div>\n<div class=\"jss39145\">Bolsillo interior impermeable<\/div>\n<div class=\"jss39145\">Cremallera YKK<\/div>\n<div class=\"jss39145\">2 bolsillos exteriores<\/div>\n<div class=\"jss39145\">Impresiones reflex<\/div>\n<div class=\"jss39145\">1 bolsillo grande trasero<\/div>\n<\/div>\n<div class=\"MuiGrid-root jss39147 MuiGrid-item MuiGrid-grid-xs-12\">\n<div class=\"jss39144\"><strong>S\u00edmbolos de lavado:<\/strong><\/div>\n<div class=\"jss39145\"><img decoding=\"async\" class=\"jss39146\" title=\"Lavado a mano a 40\u00b0\" src=\"https:\/\/e-catalog.ducati.com\/EPCResources\/GRAPHICS\/immagini_pim\/47\/47CF9988D61038F51647598C06314070.anag.th.png\" alt=\"Lavado a mano a 40\u00b0\" \/><img decoding=\"async\" class=\"jss39146\" title=\"No blanquear con cloro\" src=\"https:\/\/e-catalog.ducati.com\/EPCResources\/GRAPHICS\/immagini_pim\/D2\/D2C7FC22C012E518F5F2DBA764237D5C.anag.th.png\" alt=\"No blanquear con cloro\" \/><img decoding=\"async\" class=\"jss39146\" title=\"Extender colgado\" src=\"https:\/\/e-catalog.ducati.com\/EPCResources\/GRAPHICS\/immagini_pim\/66\/661B57FD8934834E949DDA8DC8C2E3CD.anag.th.png\" alt=\"Extender colgado\" \/><img decoding=\"async\" class=\"jss39146\" title=\"Temperatura m\u00e1xima de la plancha 110\u00b0\" src=\"https:\/\/e-catalog.ducati.com\/EPCResources\/GRAPHICS\/immagini_pim\/1A\/1AABDA1E99555CA7F0B3B509897D0099.anag.th.png\" alt=\"Temperatura m\u00e1xima de la plancha 110\u00b0\" \/><img decoding=\"async\" class=\"jss39146\" title=\"No lavar a seco, no desmanchar con solventes\" src=\"https:\/\/e-catalog.ducati.com\/EPCResources\/GRAPHICS\/immagini_pim\/02\/0221B9AD83091F0BB09B2439306B6572.anag.th.png\" alt=\"No lavar a seco, no desmanchar con solventes\" \/><img decoding=\"async\" class=\"jss39146\" title=\"No secar en secarropas con tambor rotativo\" src=\"https:\/\/e-catalog.ducati.com\/EPCResources\/GRAPHICS\/immagini_pim\/E8\/E8636C561611E7F2141BC40ACB2976DA.anag.th.png\" alt=\"No secar en secarropas con tambor rotativo\" \/><\/div>\n<\/div>\n<div class=\"MuiGrid-root jss39147 MuiGrid-item MuiGrid-grid-xs-12\">\n<div class=\"jss39144\"><strong>Confort:<\/strong><\/div>\n<div class=\"jss39145\">100% ventilado<\/div>\n<div class=\"jss39145\">Cierre cintura regulable<\/div>\n<div class=\"jss39145\">Pu\u00f1os de neopreno<\/div>\n<\/div>\n<div class=\"MuiGrid-root jss39147 MuiGrid-item MuiGrid-grid-xs-12\">\n<div class=\"jss39144\"><strong>Linea prodotto:<\/strong><\/div>\n<div class=\"jss39145\">Ducati<\/div>\n<\/div>\n<div class=\"MuiGrid-root jss39147 MuiGrid-item MuiGrid-grid-xs-12\">\n<div class=\"jss39144\"><strong>Material:<\/strong><\/div>\n<div class=\"jss39145\">Mesh<\/div>\n<div class=\"jss39145\">Red<\/div>\n<div class=\"jss39145\">Tela<\/div>\n<div><strong>Protecci\u00f3n:\u00a0<\/strong><\/div>\n<div>\n<div class=\"jss39181\">\n<div><img decoding=\"async\" src=\"https:\/\/e-catalog.ducati.com\/EPCResources\/GRAPHICS\/immagini_pim\/14\/1482EF091D2FF2B543CA722F5B70B8FE.png\" alt=\"Preparado para la introducci\u00f3n protecci\u00f3n espalda Warrior (por separado c\u00f3d. 981027003 y 981129523)\" \/> Preparado para la introducci\u00f3n protecci\u00f3n espalda Warrior (por separado c\u00f3d. 981027003 y 981129523)<\/div>\n<\/div>\n<div class=\"jss39181\">\n<div><img decoding=\"async\" src=\"https:\/\/e-catalog.ducati.com\/EPCResources\/GRAPHICS\/immagini_pim\/FD\/FD16F2BDC13835A297914692CF27287B.png\" alt=\"Warrior Lite extra\u00edbles certificadas seg\u00fan la norma EN 1621.1 nivel 1\" \/> Warrior Lite extra\u00edbles certificadas seg\u00fan la norma EN 1621.1 nivel 1<\/div>\n<\/div>\n<\/div>\n<\/div>\n<\/div>\n<\/div>\n<\/div>\n<\/div>\n<\/div>\n<div>\n<div class=\"jss39251\">\n<div class=\"jss39238 element\"><\/div>\n<\/div>\n<\/div>\n","protected":false},"excerpt":{"rendered":"<div>\n<div class=\"jss1215\">\n<div>\n<div class=\"jss16618\">\n<div>\n<div class=\"jss6901\">\n<div>\n<div class=\"jss16702\"><\/div>\n<\/div>\n<\/div>\n<\/div>\n<\/div>\n<\/div>\n<\/div>\n<\/div>\n<div>\n<div class=\"jss1334\">\n<div class=\"jss1321 element\">\n<div>\n<div class=\"jss32878\">\n<div class=\"jss32865 element\">\n<div>\n<div>\n<div>\n<div class=\"jss39132\">Dise\u00f1o moderno y distintivo para la chaqueta en versi\u00f3n para hombre Flow C5 dise\u00f1ada por Drudi Performance y espec\u00edfica para llevar en verano en pa\u00edses con climas c\u00e1lidos. Las amplias zonas de red favorecen el paso de aire mientras que la membrana extra\u00edble H2Out\u00ae tiene una funci\u00f3n antilluvia, transpirable y rompeviento dependiendo de su uso, encima o debajo de la chaqueta. La prenda est\u00e1 dotada de un bolsillo grande en la espalda donde guardar la membrana cuando no se usa y un bolsillo impermeable donde colocar el tel\u00e9fono m\u00f3vil y los documentos importantes con total seguridad. La chaqueta ofrece confort y seguridad gracias a las protecciones en los hombros y codos, a la predisposici\u00f3n para la inserci\u00f3n del protector de espalda \u2013 para comprar por separado- y a las impresiones reflex que aumentan la visibilidad. Crea el look perfecto para las salidas con tu compa\u00f1era con esta chaqueta disponible para hombre y mujer, pr\u00e1ctica y c\u00f3moda para llevar y confeccionada con bloques de color rojo y negro. \u00a1Una prenda de car\u00e1cter refinado para viajar o desplazarse por la ciudad con gran estilo&#8230;obviamente estilo Ducati!<\/div>\n<\/div>\n<\/div>\n<\/div>\n<div>\n<div class=\"jss39251\">\n<div class=\"jss39238 element\"><\/div>\n<\/div>\n<\/div>\n<\/div>\n<\/div>\n<\/div>\n<\/div>\n<\/div>\n<\/div>\n","protected":false},"featured_media":7137,"comment_status":"closed","ping_status":"closed","template":"","meta":[],"product_cat":[24,17],"product_tag":[],"class_list":["post-7133","product","type-product","status-publish","has-post-thumbnail","hentry","product_cat-chaquetas-con-proteccion","product_cat-ropa-de-moto","pa_talla-numerica-s","pa_talla-numerica-m","pa_talla-numerica-l","pa_talla-numerica-xl","pa_talla-numerica-xxl"],"_links":{"self":[{"href":"https:\/\/www.ducaticolombia.co\/tienda\/wp-json\/wp\/v2\/product\/7133","targetHints":{"allow":["GET"]}}],"collection":[{"href":"https:\/\/www.ducaticolombia.co\/tienda\/wp-json\/wp\/v2\/product"}],"about":[{"href":"https:\/\/www.ducaticolombia.co\/tienda\/wp-json\/wp\/v2\/types\/product"}],"replies":[{"embeddable":true,"href":"https:\/\/www.ducaticolombia.co\/tienda\/wp-json\/wp\/v2\/comments?post=7133"}],"wp:featuredmedia":[{"embeddable":true,"href":"https:\/\/www.ducaticolombia.co\/tienda\/wp-json\/wp\/v2\/media\/7137"}],"wp:attachment":[{"href":"https:\/\/www.ducaticolombia.co\/tienda\/wp-json\/wp\/v2\/media?parent=7133"}],"wp:term":[{"taxonomy":"product_cat","embeddable":true,"href":"https:\/\/www.ducaticolombia.co\/tienda\/wp-json\/wp\/v2\/product_cat?post=7133"},{"taxonomy":"product_tag","embeddable":true,"href":"https:\/\/www.ducaticolombia.co\/tienda\/wp-json\/wp\/v2\/product_tag?post=7133"}],"curies":[{"name":"wp","href":"https:\/\/api.w.org\/{rel}","templated":true}]}}