{"id":7181,"date":"2025-10-01T09:46:19","date_gmt":"2025-10-01T14:46:19","guid":{"rendered":"https:\/\/www.ducaticolombia.co\/tienda\/?post_type=product&#038;p=7181"},"modified":"2026-02-18T00:00:28","modified_gmt":"2026-02-18T05:00:28","slug":"casco-integral-replica-bagnaia-25-ducati-original","status":"publish","type":"product","link":"https:\/\/www.ducaticolombia.co\/tienda\/producto\/casco-integral-replica-bagnaia-25-ducati-original\/","title":{"rendered":"Casco Integral Replica Bagnaia 25 | Ducati | Original"},"content":{"rendered":"<p><strong>Exterior:<\/strong><\/p>\n<div>\n<div class=\"jss1012 jss1007\">\n<div class=\"MuiGrid-root MuiGrid-container MuiGrid-spacing-xs-1\">\n<div class=\"MuiGrid-root jss982 MuiGrid-item MuiGrid-grid-xs-12\">\n<div class=\"jss980\">Calota de fibras TRICOMPOSITE, una estratificaci\u00f3n que permite obtener una calota muy ligera y al mismo tiempo protectora usando una mezcla de carbono de peso\/carga de rotura diferente con fibras de aramida y fiberglass.<\/div>\n<\/div>\n<div class=\"MuiGrid-root jss982 MuiGrid-item MuiGrid-grid-xs-12\">\n<div class=\"jss979\"><strong>Interior:<\/strong><\/div>\n<div class=\"jss980\">Calota interior de poliestireno de densidad variable confeccionada en cuatro tallas (S, M, L y XL).Revestimiento interior de tejido Hydrocool de alta calidad, ligero, suave y transpirable<\/div>\n<div class=\"jss980\">Interiores y almohadilla lateral extra\u00edbles, lavables y sustituibles<\/div>\n<\/div>\n<div class=\"MuiGrid-root jss982 MuiGrid-item MuiGrid-grid-xs-12\">\n<div class=\"jss979\"><strong>Visera:<\/strong><\/div>\n<div class=\"jss980\">Dotado de bloque lateral para una mejor estabilidad; se puede extraer f\u00e1cilmente mediante un pr\u00e1ctico mecanismo, sin el uso de herramientas.<\/div>\n<div class=\"jss980\">El mecanismo de la visera es de una aleaci\u00f3n ligera met\u00e1lica particular que favorece el ensamblaje.Visera de policarbonato de inyecci\u00f3n de clase \u00f3ptica 1Mecanismo de bloqueo de aleaci\u00f3n ligera met\u00e1lica. Este mecanismo reduce la posibilidad de desprendimiento de la visera en caso de golpe y permite una apertura\/cierre intuitivos.<\/div>\n<div class=\"jss980\">PINLOCK Max Vision 120<\/div>\n<\/div>\n<div class=\"MuiGrid-root jss982 MuiGrid-item MuiGrid-grid-xs-12\">\n<div class=\"jss979\"><strong>Plus:<\/strong><\/div>\n<div class=\"jss980\">7 conductos de aspiraci\u00f3n del aire que funcionan combinados con un sistema de canales de extracci\u00f3n integrado en la calota, garantizando un excelente flujo de aire dentro del casco.Correa acolchada con cierre D-ring para un ajuste m\u00e1s seguro y confortable<\/div>\n<\/div>\n<div class=\"MuiGrid-root jss982 MuiGrid-item MuiGrid-grid-xs-12\">\n<div class=\"jss979\"><strong>Linea prodotto:<\/strong><\/div>\n<div class=\"jss980\">Ducati Corse<\/div>\n<\/div>\n<\/div>\n<\/div>\n<\/div>\n<div class=\"jss1073 element\"><\/div>\n<div>Modelo de referencia SUOMY: S1-XR GP El casco se suministra con pinlock<\/div>\n","protected":false},"excerpt":{"rendered":"<p>Ponte en la piel del grand\u00edsimo piloto Pecco Bagnaia y lleva el casco Replica Bagnaia de derivaci\u00f3n racing para un uso deportivo. El rojo Ducati predominante en la parte frontal y la gr\u00e1fica dedicada al campe\u00f3n transmiten un look audaz y adrenalina pura, quien lo lleva sabe lo que quiere y tiene todo lo necesario para obtenerlo. La calota es de TRICARBOCO, una combinaci\u00f3n de fibra de carbono, de diferentes gramajes y cargas de rotura, y material compuesto de aramida, que permite crear una calota de peso reducido pero resistente a los golpes. La calota interior est\u00e1 constituida por poliestireno de densidad diferenciada estudiada para permitir una absorci\u00f3n gradual y progresiva de la fuerza de impacto generada por un golpe. El revestimiento interior es de tejido de poli\u00e9ster con tratamiento antibacteriano y est\u00e1 dotado de interiores y almohadillas laterales extra\u00edbles, lavables y sustituibles. La visera de policarbonato de inyecci\u00f3n PINLOCK Max Vision 120 de clase \u00f3ptica 1 est\u00e1 dotada de mecanismo de cierre \u201cRacing Lock System\u201d, que reduce la posibilidad de desprendimiento en caso de ca\u00edda. Para completar la dotaci\u00f3n el cierre con correa D-ring y las tomas de aire frontales y laterales que, con el sistema de ventilaci\u00f3n, ofrecen un eficiente recambio de aire y favorecen bienestar y lucidez a la conducci\u00f3n. Un casco racing de altas prestaciones y l\u00ednea aerodin\u00e1mica que te permitir\u00e1 vivir la emoci\u00f3n de la MotoGP en condiciones de seguridad y confort en cada vuelta de la pista.<\/p>\n","protected":false},"featured_media":7193,"comment_status":"closed","ping_status":"closed","template":"","meta":[],"product_cat":[170,172],"product_tag":[],"class_list":["post-7181","product","type-product","status-publish","has-post-thumbnail","hentry","product_cat-cascos","product_cat-suomy"],"_links":{"self":[{"href":"https:\/\/www.ducaticolombia.co\/tienda\/wp-json\/wp\/v2\/product\/7181","targetHints":{"allow":["GET"]}}],"collection":[{"href":"https:\/\/www.ducaticolombia.co\/tienda\/wp-json\/wp\/v2\/product"}],"about":[{"href":"https:\/\/www.ducaticolombia.co\/tienda\/wp-json\/wp\/v2\/types\/product"}],"replies":[{"embeddable":true,"href":"https:\/\/www.ducaticolombia.co\/tienda\/wp-json\/wp\/v2\/comments?post=7181"}],"wp:featuredmedia":[{"embeddable":true,"href":"https:\/\/www.ducaticolombia.co\/tienda\/wp-json\/wp\/v2\/media\/7193"}],"wp:attachment":[{"href":"https:\/\/www.ducaticolombia.co\/tienda\/wp-json\/wp\/v2\/media?parent=7181"}],"wp:term":[{"taxonomy":"product_cat","embeddable":true,"href":"https:\/\/www.ducaticolombia.co\/tienda\/wp-json\/wp\/v2\/product_cat?post=7181"},{"taxonomy":"product_tag","embeddable":true,"href":"https:\/\/www.ducaticolombia.co\/tienda\/wp-json\/wp\/v2\/product_tag?post=7181"}],"curies":[{"name":"wp","href":"https:\/\/api.w.org\/{rel}","templated":true}]}}