{"id":7189,"date":"2025-10-01T09:50:59","date_gmt":"2025-10-01T14:50:59","guid":{"rendered":"https:\/\/www.ducaticolombia.co\/tienda\/?post_type=product&#038;p=7189"},"modified":"2026-02-18T00:00:28","modified_gmt":"2026-02-18T05:00:28","slug":"casco-integral-speed-evo-v2-ducati-original","status":"publish","type":"product","link":"https:\/\/www.ducaticolombia.co\/tienda\/producto\/casco-integral-speed-evo-v2-ducati-original\/","title":{"rendered":"Casco Integral Speed Evo V2 | Ducati | Original"},"content":{"rendered":"<div class=\"MuiGrid-root jss7951 MuiGrid-item MuiGrid-grid-xs-12\">\n<div class=\"jss7948\"><strong>Exterior:<\/strong><\/div>\n<div class=\"jss7949\">\n<div>\n<div class=\"jss2299 jss2294\">\n<div class=\"MuiGrid-root MuiGrid-container MuiGrid-spacing-xs-1\">\n<div class=\"MuiGrid-root jss2269 MuiGrid-item MuiGrid-grid-xs-12\">\n<div class=\"jss2267\">Estructura exterior Ultra Carbon, con alto contenido de carbono<\/div>\n<div class=\"jss2267\">Calota exterior en cuatro medidas<\/div>\n<\/div>\n<div class=\"MuiGrid-root jss2269 MuiGrid-item MuiGrid-grid-xs-12\">\n<div class=\"jss2266\"><strong>Interior:<\/strong><\/div>\n<div class=\"jss2267\">Interior extra\u00edble y lavable de tela hipoalerg\u00e9nico<\/div>\n<div class=\"jss2267\">LAF &#8211; El Liner Adjustable Fitting permite regular perfectamente el acolchado interno seg\u00fan la forma de la cabeza, para el m\u00e1ximo confort.Acolchado interno Carbon Fitting. Se realiza con filamentos de carbono activo, que son termorreguladores, antiest\u00e1ticos y disipativos. La protecci\u00f3n, con innovadora confecci\u00f3n de red, facilita la difusi\u00f3n del aire en la parte superior de la cabeza que, de este modo, se mantiene fresca y seca.Eyewear Adaptive. Dise\u00f1ado para quienes utilizan lentes, permite alojar las patillas en los cojines<\/div>\n<\/div>\n<div class=\"MuiGrid-root jss2269 MuiGrid-item MuiGrid-grid-xs-12\">\n<div class=\"jss2266\"><strong>Visera:<\/strong><\/div>\n<div class=\"jss2267\">Visera m\u00e1s ancha para una perfecta visi\u00f3n perif\u00e9rica: la apertura m\u00e1s amplia de la visera ofrece una mejor visibilidad en las curvas<\/div>\n<div class=\"jss2267\">Sistema Safety Visor Lock: este sistema garantiza que la visera se mantenga firmemente en posici\u00f3n, evitando el riesgo de apertura accidental de la visera a altas velocidades.Visera peque\u00f1a interior resistente al empa\u00f1amiento Pinlock\u00ae. El exclusivo sistema de regulaci\u00f3n patentado permite regular la ventilaci\u00f3n de la visera peque\u00f1a (Pinlock\u00ae) desde la parte externa de la visera, sin que sea necesario desmontar la misma.<\/div>\n<\/div>\n<div class=\"MuiGrid-root jss2269 MuiGrid-item MuiGrid-grid-xs-12\">\n<div class=\"jss2266\"><strong>Plus:<\/strong><\/div>\n<div class=\"jss2267\">FFS (Free Flow System). Crea un flujo de aire dentro del casco que reduce el ruido debido al viento y la turbulencia, aumentando al mismo tiempo la eliminaci\u00f3n del aire caliente NERS (Nolan Emergency Release System), se puede extraer de forma r\u00e1pida y segura en situaciones de emergencia.RAF (Racing Air Flow) optimiza la ventilaci\u00f3n, manteniendo una temperatura ideal para la m\u00e1xima concentraci\u00f3n incluso a altas velocidades.RAS: el spoiler aerodin\u00e1mico Racetrack mejora la eficiencia aerodin\u00e1mica, garantizando \u00f3ptimas prestaciones del casco en la pista. Su forma ha sido dise\u00f1ada para maximizar la aerodin\u00e1mica.Predispuesto para la instalaci\u00f3n del camel back<\/div>\n<\/div>\n<div class=\"MuiGrid-root jss2269 MuiGrid-item MuiGrid-grid-xs-12\">\n<div class=\"jss2266\"><strong>Linea prodotto:<\/strong><\/div>\n<div class=\"jss2267\">Ducati<\/div>\n<\/div>\n<div class=\"MuiGrid-root jss2269 MuiGrid-item MuiGrid-grid-xs-12\">\n<div class=\"jss2266\"><strong>Material:<\/strong><\/div>\n<div class=\"jss2267\">Fibra<\/div>\n<div class=\"jss2267\">Fibras compuestas<\/div>\n<\/div>\n<\/div>\n<\/div>\n<\/div>\n<div>\n<div class=\"jss2373\">\n<div class=\"jss2360 element\"><\/div>\n<\/div>\n<\/div>\n<\/div>\n<\/div>\n","protected":false},"excerpt":{"rendered":"<div>\n<div>\n<div>\n<div class=\"jss2254\">Speed Evo V2, casco integral producido por Nolan y de dise\u00f1o gr\u00e1fico de Drudi Performance en exclusiva para Ducati, est\u00e1 dedicado al Ducatista que ama la emoci\u00f3n de la conducci\u00f3n deportiva, sin renunciar al confort. La calota exterior Ultra Carbon, resistente y ligera presenta un alto contenido de carbono y se confecciona en 4 medidas. El interior est\u00e1 dotado de tecnolog\u00eda LAF, Liner Adjustable Fitting, que permite regular perfectamente el acolchado interno seg\u00fan la forma de la cabeza, maximizando el confort. La visera incluye el Safety Visor Lock que permite que se mantenga firmemente en posici\u00f3n, evitando el riesgo de apertura accidental a altas velocidades. El casco est\u00e1 dotado de sistema de desbloqueo de emergencia (NERS), que permite quitar el caso de manera r\u00e1pida y segura, adem\u00e1s de un sistema de ventilaci\u00f3n efectivo que crea un flujo de aire eficaz dentro del casco. La ventilaci\u00f3n es optimizada por la tecnolog\u00eda RAF (Racing Air Flow), que mantiene una temperatura ideal para la m\u00e1xima concentraci\u00f3n incluso a altas velocidades. Completa la dotaci\u00f3n t\u00e9cnica, el spoiler RAS, que garantiza prestaciones excelentes en la pista debido a su forma dise\u00f1ada para maximizar la aerodin\u00e1mica. Speed Evo V2 est\u00e1 preparado para la instalaci\u00f3n del camel back y est\u00e1 disponible en dos variantes de color. El blanco y el negro, coordinados con el inconfundible rojo Ducati y al atractivo uso de la marca Ducati Corse, acent\u00faan el look deportivo, haciendo de este casco un accesorio de alta gama no solo en t\u00e9rminos de prestaciones y confort, sino tambi\u00e9n de estilo y car\u00e1cter.<\/div>\n<\/div>\n<\/div>\n<\/div>\n<div>\n<div class=\"jss2373\">\n<div class=\"jss2360 element\"><\/div>\n<\/div>\n<\/div>\n","protected":false},"featured_media":7196,"comment_status":"closed","ping_status":"closed","template":"","meta":[],"product_cat":[170,171],"product_tag":[],"class_list":["post-7189","product","type-product","status-publish","has-post-thumbnail","hentry","product_cat-cascos","product_cat-nolan"],"_links":{"self":[{"href":"https:\/\/www.ducaticolombia.co\/tienda\/wp-json\/wp\/v2\/product\/7189","targetHints":{"allow":["GET"]}}],"collection":[{"href":"https:\/\/www.ducaticolombia.co\/tienda\/wp-json\/wp\/v2\/product"}],"about":[{"href":"https:\/\/www.ducaticolombia.co\/tienda\/wp-json\/wp\/v2\/types\/product"}],"replies":[{"embeddable":true,"href":"https:\/\/www.ducaticolombia.co\/tienda\/wp-json\/wp\/v2\/comments?post=7189"}],"wp:featuredmedia":[{"embeddable":true,"href":"https:\/\/www.ducaticolombia.co\/tienda\/wp-json\/wp\/v2\/media\/7196"}],"wp:attachment":[{"href":"https:\/\/www.ducaticolombia.co\/tienda\/wp-json\/wp\/v2\/media?parent=7189"}],"wp:term":[{"taxonomy":"product_cat","embeddable":true,"href":"https:\/\/www.ducaticolombia.co\/tienda\/wp-json\/wp\/v2\/product_cat?post=7189"},{"taxonomy":"product_tag","embeddable":true,"href":"https:\/\/www.ducaticolombia.co\/tienda\/wp-json\/wp\/v2\/product_tag?post=7189"}],"curies":[{"name":"wp","href":"https:\/\/api.w.org\/{rel}","templated":true}]}}