{"id":7206,"date":"2025-10-01T10:21:21","date_gmt":"2025-10-01T15:21:21","guid":{"rendered":"https:\/\/www.ducaticolombia.co\/tienda\/?post_type=product&#038;p=7206"},"modified":"2026-02-18T00:00:28","modified_gmt":"2026-02-18T05:00:28","slug":"casco-modular-horizon-v3-ducati-original","status":"publish","type":"product","link":"https:\/\/www.ducaticolombia.co\/tienda\/producto\/casco-modular-horizon-v3-ducati-original\/","title":{"rendered":"Casco Modular Horizon V3 | Ducati | Original"},"content":{"rendered":"<div>\n<div>\n<div>\n<div class=\"jss5032 jss5027\">\n<div class=\"MuiGrid-root MuiGrid-container MuiGrid-spacing-xs-1\">\n<div class=\"MuiGrid-root jss5002 MuiGrid-item MuiGrid-grid-xs-12\">\n<div class=\"jss4999\"><strong>Exterior:<\/strong><\/div>\n<div class=\"jss5000\">Calota exterior detres medidas<\/div>\n<div class=\"jss5000\">Estructura exterior Ultra Carbon, con alto contenido de carbono. Se combina una alta cantidad de carbono con fibra aram\u00eddica y fibra de vidrio<\/div>\n<\/div>\n<div class=\"MuiGrid-root jss5002 MuiGrid-item MuiGrid-grid-xs-12\">\n<div class=\"jss4999\"><strong>Interior:<\/strong><\/div>\n<div class=\"jss5000\">Acolchado interno Carbon Fitting. Se realiza con filamentos de carbono activo, que son termorreguladores, antiest\u00e1ticos y disipativos. La protecci\u00f3n, con innovadora confecci\u00f3n de red, facilita la difusi\u00f3n del aire en la parte superior de la cabeza que, de este modo, se mantiene fresca y seca. Liner Positioning Control (LPC). Sistema que permite realizar una regulaci\u00f3n de la posici\u00f3n del gorro y, por tanto, cambiar el ajuste del casco adapt\u00e1ndolo a las diferentes exigencias y constituciones anat\u00f3micas<\/div>\n<div class=\"jss5000\">Laterales monobloque. Los acolchados interiores de espuma expandida de los laterales han sido creados para ofrecer una homogeneidad de presiones y constancia de prestaciones a lo largo del tiempo. Adem\u00e1s, se pueden extraer de las respectivas fundas de revestimiento de tejido para facilitar su lavadoLas bandas debajo de la garganta integradas en los laterales favorecen la vestibilidad y la insonorizaci\u00f3n. Se pueden extraer y lavarEyewear Adaptive. Dise\u00f1ado para quienes utilizan lentes, permite alojar las patillas en los cojines<\/div>\n<\/div>\n<div class=\"MuiGrid-root jss5002 MuiGrid-item MuiGrid-grid-xs-12\">\n<div class=\"jss4999\"><strong>Visera:<\/strong><\/div>\n<div class=\"jss5000\">Visera Ultrawide. La amplia superficie de la visera permite una visual superior, incluso lateral, garantizando de esta manera el m\u00e1ximo confort de conducci\u00f3n y aumentando la seguridad activaVisera parasol incluida que ofrece protecci\u00f3n UV hasta 400 nm. Se puede desmontar f\u00e1cilmente para el mantenimiento y la limpieza y se regula en diferentes posiciones. El sistema de accionamiento, patentado, permite la colocaci\u00f3n autom\u00e1tica en posici\u00f3n de no uso<\/div>\n<\/div>\n<div class=\"MuiGrid-root jss5002 MuiGrid-item MuiGrid-grid-xs-12\">\n<div class=\"jss4999\"><strong>Plus:<\/strong><\/div>\n<div class=\"jss5000\">Sistema de apertura mentonera Dual Action patentado. Ubicado en el centro de la misma, permite su apertura con una sola mano<\/div>\n<div class=\"jss5000\">Correa con cierre de desenganche r\u00e1pido<\/div>\n<div class=\"jss5000\">Aplicaciones de material reflectante<\/div>\n<div class=\"jss5000\">El casco est\u00e1 predispuesto y homologado con el sistema de comunicaci\u00f3n N-Com instalado con el objetivo de facilitar las operaciones de montaje de dicho sistema en el casco<\/div>\n<\/div>\n<div class=\"MuiGrid-root jss5002 MuiGrid-item MuiGrid-grid-xs-12\">\n<div class=\"jss4999\"><strong>Linea prodotto:<\/strong><\/div>\n<div class=\"jss5000\">Ducati<\/div>\n<\/div>\n<\/div>\n<\/div>\n<\/div>\n<\/div>\n<\/div>\n<div>\n<div class=\"jss5106\">\n<div class=\"jss5093 element\"><\/div>\n<\/div>\n<\/div>\n","protected":false},"excerpt":{"rendered":"<div>\n<div class=\"jss2254\">\n<div>\n<div class=\"jss3547\">\n<div>\n<div>\n<div>\n<div class=\"jss4987\">Monta tu Ducati y explora el mundo con la m\u00e1xima total seguridad usando el casco Horizon V3 dise\u00f1ado por Drudi Performance. De estilo inconfundiblemente Ducati, este casco de dise\u00f1o moderno y minimalista pone de manifiesto la trama de carbono brillante de la calota realizada de Ultra Carbon y fibras de aramida de vidrio. El acolchado interior termorregulador, antiest\u00e1tico y disipativo de Carbon Fitting ha sido estudiado para absorber y disipar la energ\u00eda cin\u00e9tica en caso de impacto, manteniendo la cabeza fresca y seca. El sistema visera Eyewear Adaptive permite llevar gafas sin problemas, mientras que la amplia superficie de la visera Ultrawide garantiza una excelente visibilidad y la m\u00e1xima seguridad en la conducci\u00f3n. Completa el equipamiento, la visera parasol con protecci\u00f3n de los ojos de los rayos UV hasta 400 nm, la mentonera con el mecanismo para la reducci\u00f3n del efecto \u201cvela\u201d manteniendo en posici\u00f3n elevada la secci\u00f3n frontal del casco, y la aplicaci\u00f3n espec\u00edfica para el intercomunicador. Los acabados y las combinaciones crom\u00e1ticas de la nueva gr\u00e1fica confieren a este casco para uso touring un look lineal pero al mismo tiempo audaz. Ya sea para un fin de semana corto en la ciudad o para una aventura on the road, este casco representa todo lo que necesitas para viajar con total seguridad y confort, un compa\u00f1ero de viaje de quien no podr\u00e1s prescindir.<\/div>\n<\/div>\n<\/div>\n<\/div>\n<div>\n<div class=\"jss5106\">\n<div class=\"jss5093 element\"><\/div>\n<\/div>\n<\/div>\n<\/div>\n<\/div>\n<div>\n<div class=\"jss3666\">\n<div class=\"jss3653 element\"><\/div>\n<\/div>\n<\/div>\n<\/div>\n<\/div>\n<div>\n<div class=\"jss2373\">\n<div class=\"jss2360 element\"><\/div>\n<\/div>\n<\/div>\n","protected":false},"featured_media":7210,"comment_status":"closed","ping_status":"closed","template":"","meta":[],"product_cat":[170,171],"product_tag":[],"class_list":["post-7206","product","type-product","status-publish","has-post-thumbnail","hentry","product_cat-cascos","product_cat-nolan"],"_links":{"self":[{"href":"https:\/\/www.ducaticolombia.co\/tienda\/wp-json\/wp\/v2\/product\/7206","targetHints":{"allow":["GET"]}}],"collection":[{"href":"https:\/\/www.ducaticolombia.co\/tienda\/wp-json\/wp\/v2\/product"}],"about":[{"href":"https:\/\/www.ducaticolombia.co\/tienda\/wp-json\/wp\/v2\/types\/product"}],"replies":[{"embeddable":true,"href":"https:\/\/www.ducaticolombia.co\/tienda\/wp-json\/wp\/v2\/comments?post=7206"}],"wp:featuredmedia":[{"embeddable":true,"href":"https:\/\/www.ducaticolombia.co\/tienda\/wp-json\/wp\/v2\/media\/7210"}],"wp:attachment":[{"href":"https:\/\/www.ducaticolombia.co\/tienda\/wp-json\/wp\/v2\/media?parent=7206"}],"wp:term":[{"taxonomy":"product_cat","embeddable":true,"href":"https:\/\/www.ducaticolombia.co\/tienda\/wp-json\/wp\/v2\/product_cat?post=7206"},{"taxonomy":"product_tag","embeddable":true,"href":"https:\/\/www.ducaticolombia.co\/tienda\/wp-json\/wp\/v2\/product_tag?post=7206"}],"curies":[{"name":"wp","href":"https:\/\/api.w.org\/{rel}","templated":true}]}}