{"id":7213,"date":"2025-10-01T10:28:41","date_gmt":"2025-10-01T15:28:41","guid":{"rendered":"https:\/\/www.ducaticolombia.co\/tienda\/?post_type=product&#038;p=7213"},"modified":"2026-02-18T00:00:28","modified_gmt":"2026-02-18T05:00:28","slug":"casco-integral-ducati-logo-peak-2-0-original","status":"publish","type":"product","link":"https:\/\/www.ducaticolombia.co\/tienda\/producto\/casco-integral-ducati-logo-peak-2-0-original\/","title":{"rendered":"Casco Integral Ducati Logo Peak 2.0 | Original"},"content":{"rendered":"<div>\n<div>\n<div>\n<div class=\"jss6292 jss6287\">\n<div class=\"MuiGrid-root MuiGrid-container MuiGrid-spacing-xs-1\">\n<div class=\"MuiGrid-root jss6262 MuiGrid-item MuiGrid-grid-xs-12\">\n<div class=\"jss6259\"><strong>Exterior:<\/strong><\/div>\n<div class=\"jss6260\">Calota de TRICARBOCO. Tejido combinaci\u00f3n de carbono y fibra, aleados con resina.<\/div>\n<\/div>\n<div class=\"MuiGrid-root jss6262 MuiGrid-item MuiGrid-grid-xs-12\">\n<div class=\"jss6259\"><strong>Interior:<\/strong><\/div>\n<div class=\"jss6260\">Parte interna de poliestireno con densidad diferenciada dotada de canalizaciones estudiadas en t\u00fanel del viento para una perfecta ventilaci\u00f3n.Revestimiento interior de tejido Hydrocool de alta calidad, ligero, suave y transpirableInteriores y almohadilla lateral extra\u00edbles, lavables y sustituibles<\/div>\n<\/div>\n<div class=\"MuiGrid-root jss6262 MuiGrid-item MuiGrid-grid-xs-12\">\n<div class=\"jss6259\"><strong>Visera:<\/strong><\/div>\n<div class=\"jss6260\">Visera de policarbonato de inyecci\u00f3n de clase \u00f3ptica 1<\/div>\n<div class=\"jss6260\">Dotado de bloque lateral para una mejor estabilidad; se puede extraer f\u00e1cilmente mediante un pr\u00e1ctico mecanismo, sin el uso de herramientas.<\/div>\n<div class=\"jss6260\">PINLOCK Max Vision 70 incluido<\/div>\n<\/div>\n<div class=\"MuiGrid-root jss6262 MuiGrid-item MuiGrid-grid-xs-12\">\n<div class=\"jss6259\"><strong>Plus:<\/strong><\/div>\n<div class=\"jss6260\">Amplia toma de aire frontal y dos tomas de aire laterales necesarias para la difusi\u00f3n de los flujos dentro del casco.Correa acolchada con cierre D-ring para un ajuste m\u00e1s seguro y confortable<\/div>\n<\/div>\n<div class=\"MuiGrid-root jss6262 MuiGrid-item MuiGrid-grid-xs-12\">\n<div class=\"jss6259\"><strong>Linea prodotto:<\/strong><\/div>\n<div class=\"jss6260\">Ducati Corse<\/div>\n<\/div>\n<\/div>\n<\/div>\n<\/div>\n<\/div>\n<\/div>\n<div>\n<div class=\"jss6366\">\n<div class=\"jss6353 element\"><\/div>\n<\/div>\n<\/div>\n","protected":false},"excerpt":{"rendered":"<div>\n<div class=\"jss2254\">\n<div>\n<div class=\"jss3547\">\n<div>\n<div class=\"jss4987\">\n<div>\n<div>\n<div>\n<div class=\"jss6247\">El ecl\u00e9ctico casco integral Ducati Logo Peak 2.0 ha sido dise\u00f1ado por Suomy para adaptarse a numerosos usos y recorridos, garantizando el nivel adecuado de confort y seguridad. La calota interior es de TRICARBOCO (carbono-fibras de aramida-fibras de vidrio) y se caracteriza por formas din\u00e1micas y de altas prestaciones. Desarrollado y optimizado en el t\u00fanel de viento, llega a ofrecer buenas prestaciones y confort tanto para el uso en la carretera como deportivo y urbano. La calota interior es de poliestireno de densidad diferenciada para permitir una absorci\u00f3n gradual y progresiva de la fuerza de impacto generada por un golpe. Los interiores son de tejido Hydrocool de alta calidad, sin\u00f3nimo de ligereza, suavidad y transpiraci\u00f3n. El confort t\u00e9rmico es garantizado por las tomas de aire y por el sistema de ventilaci\u00f3n, lo que da una mayor lucidez durante la conducci\u00f3n. La visera tiene el sistema PINLOCK\u00ae Max Vision 70 y de bloqueo lateral para una mayor estabilidad. Un pr\u00e1ctico mecanismo facilita la extracci\u00f3n sin necesidad de herramientas. El dise\u00f1o de estilo deportivo, de la marca Drudi Performance, se destaca por los colores ic\u00f3nicos y la gr\u00e1fica atractiva, sobre los que se lucen la bandera italiana y el logotipo Ducati. Un casco vers\u00e1til y c\u00f3modo, perfecto tanto para los desplazamientos de todos los d\u00edas como para los viajes fuera de la ciudad.<\/div>\n<\/div>\n<\/div>\n<\/div>\n<div>\n<div class=\"jss6366\">\n<div class=\"jss6353 element\"><\/div>\n<\/div>\n<\/div>\n<\/div>\n<\/div>\n<div>\n<div class=\"jss5106\">\n<div class=\"jss5093 element\"><\/div>\n<\/div>\n<\/div>\n<\/div>\n<\/div>\n<div>\n<div class=\"jss3666\">\n<div class=\"jss3653 element\"><\/div>\n<\/div>\n<\/div>\n<\/div>\n<\/div>\n<div>\n<div class=\"jss2373\">\n<div class=\"jss2360 element\"><\/div>\n<\/div>\n<\/div>\n","protected":false},"featured_media":7216,"comment_status":"closed","ping_status":"closed","template":"","meta":[],"product_cat":[170,172],"product_tag":[],"class_list":["post-7213","product","type-product","status-publish","has-post-thumbnail","hentry","product_cat-cascos","product_cat-suomy"],"_links":{"self":[{"href":"https:\/\/www.ducaticolombia.co\/tienda\/wp-json\/wp\/v2\/product\/7213","targetHints":{"allow":["GET"]}}],"collection":[{"href":"https:\/\/www.ducaticolombia.co\/tienda\/wp-json\/wp\/v2\/product"}],"about":[{"href":"https:\/\/www.ducaticolombia.co\/tienda\/wp-json\/wp\/v2\/types\/product"}],"replies":[{"embeddable":true,"href":"https:\/\/www.ducaticolombia.co\/tienda\/wp-json\/wp\/v2\/comments?post=7213"}],"wp:featuredmedia":[{"embeddable":true,"href":"https:\/\/www.ducaticolombia.co\/tienda\/wp-json\/wp\/v2\/media\/7216"}],"wp:attachment":[{"href":"https:\/\/www.ducaticolombia.co\/tienda\/wp-json\/wp\/v2\/media?parent=7213"}],"wp:term":[{"taxonomy":"product_cat","embeddable":true,"href":"https:\/\/www.ducaticolombia.co\/tienda\/wp-json\/wp\/v2\/product_cat?post=7213"},{"taxonomy":"product_tag","embeddable":true,"href":"https:\/\/www.ducaticolombia.co\/tienda\/wp-json\/wp\/v2\/product_tag?post=7213"}],"curies":[{"name":"wp","href":"https:\/\/api.w.org\/{rel}","templated":true}]}}