{"id":7230,"date":"2025-10-01T10:46:56","date_gmt":"2025-10-01T15:46:56","guid":{"rendered":"https:\/\/www.ducaticolombia.co\/tienda\/?post_type=product&#038;p=7230"},"modified":"2026-02-18T00:00:28","modified_gmt":"2026-02-18T05:00:28","slug":"casco-integral-ducati-logo-white-original","status":"publish","type":"product","link":"https:\/\/www.ducaticolombia.co\/tienda\/producto\/casco-integral-ducati-logo-white-original\/","title":{"rendered":"Casco Integral Ducati Logo White | Original"},"content":{"rendered":"<div>\n<div>\n<div>\n<div class=\"jss1003 jss998\">\n<div class=\"MuiGrid-root MuiGrid-container MuiGrid-spacing-xs-1\">\n<div class=\"MuiGrid-root jss973 MuiGrid-item MuiGrid-grid-xs-12\">\n<div class=\"jss970\"><strong>Exterior:<\/strong><\/div>\n<div class=\"jss971\">Calota de TRICARBOCO. Tejido combinaci\u00f3n de carbono y fibra, aleados con resina.<\/div>\n<\/div>\n<div class=\"MuiGrid-root jss973 MuiGrid-item MuiGrid-grid-xs-12\">\n<div class=\"jss970\"><strong>Interior:<\/strong><\/div>\n<div class=\"jss971\">Parte interna de poliestireno con densidad diferenciada dotada de canalizaciones estudiadas en t\u00fanel del viento para una perfecta ventilaci\u00f3n.Revestimiento interior de tejido Hydrocool de alta calidad, ligero, suave y transpirable<\/div>\n<div class=\"jss971\">Interiores y almohadilla lateral extra\u00edbles, lavables y sustituibles<\/div>\n<\/div>\n<div class=\"MuiGrid-root jss973 MuiGrid-item MuiGrid-grid-xs-12\">\n<div class=\"jss970\"><strong>Visera:<\/strong><\/div>\n<div class=\"jss971\">Visera de policarbonato de inyecci\u00f3n de clase \u00f3ptica 1Dotado de bloque lateral para una mejor estabilidad; se puede extraer f\u00e1cilmente mediante un pr\u00e1ctico mecanismo, sin el uso de herramientas.<\/div>\n<div class=\"jss971\">PINLOCK Max Vision 70 incluido<\/div>\n<\/div>\n<div class=\"MuiGrid-root jss973 MuiGrid-item MuiGrid-grid-xs-12\">\n<div class=\"jss970\"><strong>Plus:<\/strong><\/div>\n<div class=\"jss971\">Amplia toma de aire frontal y dos tomas de aire laterales necesarias para la difusi\u00f3n de los flujos dentro del casco.<\/div>\n<div class=\"jss971\">Correa acolchada con cierre D-ring para un ajuste m\u00e1s seguro y confortable<\/div>\n<\/div>\n<div class=\"MuiGrid-root jss973 MuiGrid-item MuiGrid-grid-xs-12\">\n<div class=\"jss970\"><strong>Linea prodotto:<\/strong><\/div>\n<div class=\"jss971\">Ducati Corse<\/div>\n<\/div>\n<\/div>\n<\/div>\n<\/div>\n<\/div>\n<\/div>\n<div>\n<div class=\"jss1077\">\n<div class=\"jss1064 element\"><\/div>\n<\/div>\n<\/div>\n","protected":false},"excerpt":{"rendered":"<div>\n<div class=\"jss2254\">\n<div>\n<div class=\"jss3547\">\n<div>\n<div class=\"jss4987\">\n<div>\n<div class=\"jss6247\">\n<div>\n<div class=\"jss958\">\n<div>\n<div class=\"jss958\">\n<div>\n<div>\n<div>\n<div class=\"jss955\">Ducati Logo es un casco integral ecl\u00e9ctico que se adapta tanto al uso urbano como al deportivo de carretera. La calota es de TRICARBOCO, una combinaci\u00f3n de carbono y fibra pegado con resina, caracterizada por diferentes gramajes y cargas de rotura, unido a material compuesto de aramida, que permite crear una calota de peso reducido pero resistente a los golpes. La calota interior est\u00e1 constituida por poliestireno de densidad diferenciada estudiada para permitir una absorci\u00f3n gradual y progresiva de la fuerza de impacto generada por un golpe. El revestimiento interior es de tejido Hydrocool, ligero, suave y transpirable y est\u00e1 dotado de interiores y almohadillas laterales extra\u00edbles, lavables y sustituibles. La visera de policarbonato PINLOCK Max Vision 70, en clase \u00f3ptica 1, est\u00e1 dotada de bloque lateral para una mejor estabilidad; se puede extraer f\u00e1cilmente mediante un pr\u00e1ctico mecanismo que no prev\u00e9 el uso de herramientas. Completan la dotaci\u00f3n el cierre con correa D-ring y las tomas de aire que, con el sistema de ventilaci\u00f3n, ofrecen un eficiente recambio de aire y favorecen bienestar y lucidez a la conducci\u00f3n. Las formas din\u00e1micas del casco Ducati Logo combinan con un estilo sobrio, pero al mismo tiempo sorprendente. Las tres variantes de color, blanco Artic, negro dark y rojo Ducati, permiten combinarlo con el dise\u00f1o y los acabados de la moto, creando un total look que no pasar\u00e1 desapercibido.<\/div>\n<\/div>\n<\/div>\n<\/div>\n<div>\n<div class=\"jss1074\">\n<div class=\"jss1061 element\"><\/div>\n<\/div>\n<\/div>\n<\/div>\n<\/div>\n<div>\n<div class=\"jss1077\">\n<div class=\"jss1064 element\"><\/div>\n<\/div>\n<\/div>\n<\/div>\n<\/div>\n<div>\n<div class=\"jss1077\">\n<div class=\"jss1064 element\"><\/div>\n<\/div>\n<\/div>\n<\/div>\n<\/div>\n<div>\n<div class=\"jss6366\">\n<div class=\"jss6353 element\"><\/div>\n<\/div>\n<\/div>\n<\/div>\n<\/div>\n<div>\n<div class=\"jss5106\">\n<div class=\"jss5093 element\"><\/div>\n<\/div>\n<\/div>\n<\/div>\n<\/div>\n<div>\n<div class=\"jss3666\">\n<div class=\"jss3653 element\"><\/div>\n<\/div>\n<\/div>\n<\/div>\n<\/div>\n<div>\n<div class=\"jss2373\">\n<div class=\"jss2360 element\"><\/div>\n<\/div>\n<\/div>\n","protected":false},"featured_media":7233,"comment_status":"closed","ping_status":"closed","template":"","meta":[],"product_cat":[170,172],"product_tag":[],"class_list":["post-7230","product","type-product","status-publish","has-post-thumbnail","hentry","product_cat-cascos","product_cat-suomy"],"_links":{"self":[{"href":"https:\/\/www.ducaticolombia.co\/tienda\/wp-json\/wp\/v2\/product\/7230","targetHints":{"allow":["GET"]}}],"collection":[{"href":"https:\/\/www.ducaticolombia.co\/tienda\/wp-json\/wp\/v2\/product"}],"about":[{"href":"https:\/\/www.ducaticolombia.co\/tienda\/wp-json\/wp\/v2\/types\/product"}],"replies":[{"embeddable":true,"href":"https:\/\/www.ducaticolombia.co\/tienda\/wp-json\/wp\/v2\/comments?post=7230"}],"wp:featuredmedia":[{"embeddable":true,"href":"https:\/\/www.ducaticolombia.co\/tienda\/wp-json\/wp\/v2\/media\/7233"}],"wp:attachment":[{"href":"https:\/\/www.ducaticolombia.co\/tienda\/wp-json\/wp\/v2\/media?parent=7230"}],"wp:term":[{"taxonomy":"product_cat","embeddable":true,"href":"https:\/\/www.ducaticolombia.co\/tienda\/wp-json\/wp\/v2\/product_cat?post=7230"},{"taxonomy":"product_tag","embeddable":true,"href":"https:\/\/www.ducaticolombia.co\/tienda\/wp-json\/wp\/v2\/product_tag?post=7230"}],"curies":[{"name":"wp","href":"https:\/\/api.w.org\/{rel}","templated":true}]}}