{"id":7308,"date":"2025-11-05T10:33:10","date_gmt":"2025-11-05T15:33:10","guid":{"rendered":"https:\/\/www.ducaticolombia.co\/tienda\/?post_type=product&#038;p=7308"},"modified":"2026-02-18T00:00:28","modified_gmt":"2026-02-18T05:00:28","slug":"chaqueta-ducati-overlay-yo-original","status":"publish","type":"product","link":"https:\/\/www.ducaticolombia.co\/tienda\/producto\/chaqueta-ducati-overlay-yo-original\/","title":{"rendered":"Chaqueta Ducati Overlay YO | Original"},"content":{"rendered":"<div>\n<div>\n<div>\n<div class=\"jss1905 jss1900\">\n<div class=\"MuiGrid-root MuiGrid-container MuiGrid-spacing-xs-1\">\n<div class=\"MuiGrid-root jss1875 MuiGrid-item MuiGrid-grid-xs-12\">\n<div class=\"jss1872\"><strong>Exterior:<\/strong><\/div>\n<div class=\"jss1873\">Poli\u00e9ster de dos capas, peso 250 g\/m2Poliuretano transparente<\/div>\n<\/div>\n<div class=\"MuiGrid-root jss1875 MuiGrid-item MuiGrid-grid-xs-12\">\n<div class=\"jss1872\"><strong>Interior:<\/strong><\/div>\n<div class=\"jss1873\">Funda de red de poli\u00e9ster<\/div>\n<\/div>\n<div class=\"MuiGrid-root jss1875 MuiGrid-item MuiGrid-grid-xs-12\">\n<div class=\"jss1872\"><strong>Plus:<\/strong><\/div>\n<div class=\"jss1873\">Doble costura en las zonas m\u00e1s expuestas a la abrasi\u00f3n<\/div>\n<div class=\"jss1873\">Cremallera central de uni\u00f3n con el chaleco con protecciones Overlay P01 (98109260_) y alamares en la parte posterior del cuello y pu\u00f1os.Se puede combinar con Sudadera Overlay L01 (98108509_) mediante alamares en la parte posterior del cuello y en los pu\u00f1os<\/div>\n<div class=\"jss1873\">Cremallera YKK2 bolsillos exteriores<\/div>\n<div class=\"jss1873\">Impresiones reflex<\/div>\n<\/div>\n<div class=\"MuiGrid-root jss1875 MuiGrid-item MuiGrid-grid-xs-12\">\n<div class=\"jss1872\"><strong>S\u00edmbolos de lavado:<\/strong><\/div>\n<div class=\"jss1873\"><img decoding=\"async\" class=\"jss1874\" title=\"Lavado s\u00f3lo a mano\" src=\"https:\/\/e-catalog.ducati.com\/EPCResources\/GRAPHICS\/immagini_pim\/EA\/EADE2793598989CB10053F9A97956D39.anag.th.png\" alt=\"Lavado s\u00f3lo a mano\" \/><img decoding=\"async\" class=\"jss1874\" title=\"No blanquear con cloro\" src=\"https:\/\/e-catalog.ducati.com\/EPCResources\/GRAPHICS\/immagini_pim\/D2\/D2C7FC22C012E518F5F2DBA764237D5C.anag.th.png\" alt=\"No blanquear con cloro\" \/><img decoding=\"async\" class=\"jss1874\" title=\"Extender colgado\" src=\"https:\/\/e-catalog.ducati.com\/EPCResources\/GRAPHICS\/immagini_pim\/66\/661B57FD8934834E949DDA8DC8C2E3CD.anag.th.png\" alt=\"Extender colgado\" \/><img decoding=\"async\" class=\"jss1874\" title=\"Temperatura m\u00e1xima de la plancha 110\u00b0\" src=\"https:\/\/e-catalog.ducati.com\/EPCResources\/GRAPHICS\/immagini_pim\/1A\/1AABDA1E99555CA7F0B3B509897D0099.anag.th.png\" alt=\"Temperatura m\u00e1xima de la plancha 110\u00b0\" \/><img decoding=\"async\" class=\"jss1874\" title=\"No lavar a seco, no desmanchar con solventes\" src=\"https:\/\/e-catalog.ducati.com\/EPCResources\/GRAPHICS\/immagini_pim\/02\/0221B9AD83091F0BB09B2439306B6572.anag.th.png\" alt=\"No lavar a seco, no desmanchar con solventes\" \/><img decoding=\"async\" class=\"jss1874\" title=\"No secar en secarropas con tambor rotativo\" src=\"https:\/\/e-catalog.ducati.com\/EPCResources\/GRAPHICS\/immagini_pim\/E8\/E8636C561611E7F2141BC40ACB2976DA.anag.th.png\" alt=\"No secar en secarropas con tambor rotativo\" \/><\/div>\n<\/div>\n<div class=\"MuiGrid-root jss1875 MuiGrid-item MuiGrid-grid-xs-12\">\n<div class=\"jss1872\"><strong>Confort:<\/strong><\/div>\n<div class=\"jss1873\">Prenda hidrorrepelente y antiviento<\/div>\n<div class=\"jss1873\">Forro de red con el 80% del \u00e1rea perforada para mejorar la transpiraci\u00f3n<\/div>\n<div class=\"jss1873\">Amplias tomas de aire en el cuerpo y debajo de las mangas<\/div>\n<div class=\"jss1873\">Dobladillo el\u00e1stico para la regulaci\u00f3n de la amplitud del fondo de la chaqueta<\/div>\n<div class=\"jss1873\">Pu\u00f1os de malla<\/div>\n<div class=\"jss1873\">Capucha fija con ajuste de volumen<\/div>\n<\/div>\n<div class=\"MuiGrid-root jss1875 MuiGrid-item MuiGrid-grid-xs-12\">\n<div class=\"jss1872\"><strong>Linea prodotto:<\/strong><\/div>\n<div class=\"jss1873\">Ducati<\/div>\n<\/div>\n<\/div>\n<\/div>\n<\/div>\n<\/div>\n<\/div>\n<div>\n<div class=\"jss1979\">\n<div class=\"jss1966 element\"><\/div>\n<\/div>\n<\/div>\n","protected":false},"excerpt":{"rendered":"<div>\n<div class=\"jss1215\">\n<div>\n<div class=\"jss16618\">\n<div>\n<div class=\"jss6901\">\n<div>\n<div class=\"jss16702\">\n<div>\n<div>\n<div>\n<div class=\"jss1860\">El inconfundible dise\u00f1o de Drudi Performance se suma a las prestaciones Spidi en un proyecto especial desarrollado en exclusiva para Ducati y da vida a la moderna chaqueta de tejido Ducati Overlay YO, una prenda repelente al agua y antiviento que hace del estilo y la modularidad sus virtudes. El exterior es de poliuretano transparente y poli\u00e9ster de dos capas, mientras que el forro es de red 3D presenta el 80% de superficie perforada para mejorar la transpiraci\u00f3n. Las amplias tomas de aire presentes en el cuerpo y debajo de las mangas incrementan a\u00fan m\u00e1s el confort t\u00e9rmico. Para llevar tambi\u00e9n sola como chaqueta para el tiempo libre, se puede combinar f\u00e1cilmente con la camiseta con protecciones Overlay P01 para usar en la conducci\u00f3n de la moto. Adem\u00e1s, se puede combinar con la sudadera t\u00e9rmica Overlay L01 gracias a la cremallera central de uni\u00f3n y los alamares en la parte de atr\u00e1s del cuello y en los pu\u00f1os. Disponible solo en versi\u00f3n para hombre, es una chaqueta exclusiva de est\u00e9tica cuidada, que no decepciona en cuanto a las prestaciones y el confort.<\/div>\n<\/div>\n<\/div>\n<\/div>\n<div>\n<div class=\"jss1979\">\n<div class=\"jss1966 element\"><\/div>\n<\/div>\n<\/div>\n<\/div>\n<\/div>\n<div>\n<div class=\"jss16821\">\n<div class=\"jss16808 element\"><\/div>\n<\/div>\n<\/div>\n<\/div>\n<\/div>\n<div>\n<div class=\"jss7020\">\n<div class=\"jss7007 element\"><\/div>\n<\/div>\n<\/div>\n<\/div>\n<\/div>\n<div>\n<div class=\"jss16737\">\n<div class=\"jss16724 element\"><\/div>\n<\/div>\n<\/div>\n<\/div>\n<\/div>\n<div>\n<div class=\"jss1334\">\n<div class=\"jss1321 element\"><\/div>\n<\/div>\n<\/div>\n","protected":false},"featured_media":7313,"comment_status":"closed","ping_status":"closed","template":"","meta":[],"product_cat":[144,18],"product_tag":[],"class_list":["post-7308","product","type-product","status-publish","has-post-thumbnail","hentry","product_cat-chaquetas-ropa-casual","product_cat-ropa-casual","pa_talla-numerica-s","pa_talla-numerica-m","pa_talla-numerica-l","pa_talla-numerica-xl"],"_links":{"self":[{"href":"https:\/\/www.ducaticolombia.co\/tienda\/wp-json\/wp\/v2\/product\/7308","targetHints":{"allow":["GET"]}}],"collection":[{"href":"https:\/\/www.ducaticolombia.co\/tienda\/wp-json\/wp\/v2\/product"}],"about":[{"href":"https:\/\/www.ducaticolombia.co\/tienda\/wp-json\/wp\/v2\/types\/product"}],"replies":[{"embeddable":true,"href":"https:\/\/www.ducaticolombia.co\/tienda\/wp-json\/wp\/v2\/comments?post=7308"}],"wp:featuredmedia":[{"embeddable":true,"href":"https:\/\/www.ducaticolombia.co\/tienda\/wp-json\/wp\/v2\/media\/7313"}],"wp:attachment":[{"href":"https:\/\/www.ducaticolombia.co\/tienda\/wp-json\/wp\/v2\/media?parent=7308"}],"wp:term":[{"taxonomy":"product_cat","embeddable":true,"href":"https:\/\/www.ducaticolombia.co\/tienda\/wp-json\/wp\/v2\/product_cat?post=7308"},{"taxonomy":"product_tag","embeddable":true,"href":"https:\/\/www.ducaticolombia.co\/tienda\/wp-json\/wp\/v2\/product_tag?post=7308"}],"curies":[{"name":"wp","href":"https:\/\/api.w.org\/{rel}","templated":true}]}}