{"id":7652,"date":"2026-02-26T12:13:47","date_gmt":"2026-02-26T17:13:47","guid":{"rendered":"https:\/\/www.ducaticolombia.co\/tienda\/?post_type=product&#038;p=7652"},"modified":"2026-02-26T12:17:56","modified_gmt":"2026-02-26T17:17:56","slug":"full-system-racing-new-monster-ducati-original","status":"publish","type":"product","link":"https:\/\/www.ducaticolombia.co\/tienda\/producto\/full-system-racing-new-monster-ducati-original\/","title":{"rendered":"Full System Racing | New Monster | Ducati | Original"},"content":{"rendered":"<p>[vc_row][vc_column][vc_tta_tour active_section=&#8221;1&#8243; el_class=&#8221;tabs-producto-contenedor&#8221;][vc_tta_section title=&#8221;APLICABILIDAD&#8221; tab_id=&#8221;APLICABILIDAD&#8221;][vc_column_text]<\/p>\n<ul>\n<li>MONSTER 30\u00b0 ANNIVERSARIO, MONSTER SENNA, MONSTER SP, MONSTER (MY 2021,2022,2023,2024,2025), MONSTER PLUS (MY 2021,2022,2023,2024,2025<\/li>\n<\/ul>\n<p>[\/vc_column_text][\/vc_tta_section][\/vc_tta_tour][\/vc_column][\/vc_row]<\/p>\n","protected":false},"excerpt":{"rendered":"<p>Sistema de silenciadores slip-on producido por Termignoni, desarrollado para acentuar las prestaciones de la Monster. El mapa racing especial maximiza la potencia y las prestaciones, emitiendo un sonido electrizante. La ligereza de la fibra de carbono y el dise\u00f1o de este accesorio enriquecen la l\u00ednea de la moto, resaltando su car\u00e1cter deportivo.<\/p>\n<p>&nbsp;<\/p>\n<p>&nbsp;<\/p>\n","protected":false},"featured_media":7653,"comment_status":"closed","ping_status":"closed","template":"","meta":[],"product_cat":[96,98],"product_tag":[],"class_list":["post-7652","product","type-product","status-publish","has-post-thumbnail","hentry","product_cat-accesorios-para-moto","product_cat-monster"],"_links":{"self":[{"href":"https:\/\/www.ducaticolombia.co\/tienda\/wp-json\/wp\/v2\/product\/7652","targetHints":{"allow":["GET"]}}],"collection":[{"href":"https:\/\/www.ducaticolombia.co\/tienda\/wp-json\/wp\/v2\/product"}],"about":[{"href":"https:\/\/www.ducaticolombia.co\/tienda\/wp-json\/wp\/v2\/types\/product"}],"replies":[{"embeddable":true,"href":"https:\/\/www.ducaticolombia.co\/tienda\/wp-json\/wp\/v2\/comments?post=7652"}],"wp:featuredmedia":[{"embeddable":true,"href":"https:\/\/www.ducaticolombia.co\/tienda\/wp-json\/wp\/v2\/media\/7653"}],"wp:attachment":[{"href":"https:\/\/www.ducaticolombia.co\/tienda\/wp-json\/wp\/v2\/media?parent=7652"}],"wp:term":[{"taxonomy":"product_cat","embeddable":true,"href":"https:\/\/www.ducaticolombia.co\/tienda\/wp-json\/wp\/v2\/product_cat?post=7652"},{"taxonomy":"product_tag","embeddable":true,"href":"https:\/\/www.ducaticolombia.co\/tienda\/wp-json\/wp\/v2\/product_tag?post=7652"}],"curies":[{"name":"wp","href":"https:\/\/api.w.org\/{rel}","templated":true}]}}