{"id":7702,"date":"2026-04-23T16:53:41","date_gmt":"2026-04-23T21:53:41","guid":{"rendered":"https:\/\/www.ducaticolombia.co\/tienda\/?post_type=product&#038;p=7702"},"modified":"2026-04-23T17:22:30","modified_gmt":"2026-04-23T22:22:30","slug":"chaqueta-con-protecciones-ducati-explorer-2-0-original","status":"publish","type":"product","link":"https:\/\/www.ducaticolombia.co\/tienda\/producto\/chaqueta-con-protecciones-ducati-explorer-2-0-original\/","title":{"rendered":"Chaqueta Con Protecciones Ducati Explorer 2.0 | Original"},"content":{"rendered":"<div>\n<div>\n<div>\n<div class=\"jss2190 jss2185\">\n<div class=\"MuiGrid-root MuiGrid-container MuiGrid-spacing-xs-1\">\n<div class=\"MuiGrid-root jss2160 MuiGrid-item MuiGrid-grid-xs-12\">\n<div class=\"jss2157\"><strong>Exterior:<\/strong><\/div>\n<div class=\"jss2158\">Tejido Cordura\u00ae de poli\u00e9ster de alta tenacidad con tratamiento hidrorrepelente, de 300 gr\/m2<\/div>\n<\/div>\n<div class=\"MuiGrid-root jss2160 MuiGrid-item MuiGrid-grid-xs-12\">\n<div class=\"jss2157\"><strong>Interior:<\/strong><\/div>\n<div class=\"jss2158\">Funda de red de poli\u00e9ster<\/div>\n<div class=\"jss2158\">Membrana desmontable H2Out\u00ae, impermeable, antiviento y traspirante confeccionada de tejido laminado de 3 capas para llevar encima o debajo de la chaqueta principal. La membrana tambi\u00e9n se puede usar por separado<\/div>\n<\/div>\n<div class=\"MuiGrid-root jss2160 MuiGrid-item MuiGrid-grid-xs-12\">\n<div class=\"jss2157\"><strong>Plus:<\/strong><\/div>\n<div class=\"jss2158\">Cremallera de uni\u00f3n chaqueta a pantalones<\/div>\n<div class=\"jss2158\">1 bolsillo interno<\/div>\n<div class=\"jss2158\">2 bolsillos exteriores impermeables<\/div>\n<div class=\"jss2158\">Cremallera YKK<\/div>\n<div class=\"jss2158\">7 bolsillos exteriores<\/div>\n<div class=\"jss2158\">Impresiones reflex<\/div>\n<\/div>\n<div class=\"MuiGrid-root jss2160 MuiGrid-item MuiGrid-grid-xs-12\">\n<div class=\"jss2157\"><strong>S\u00edmbolos de lavado:<\/strong><\/div>\n<div class=\"jss2158\"><img decoding=\"async\" class=\"jss2159\" title=\"Lavado s\u00f3lo a mano\" src=\"https:\/\/e-catalog.ducati.com\/EPCResources\/GRAPHICS\/immagini_pim\/EA\/EADE2793598989CB10053F9A97956D39.anag.th.png\" alt=\"Lavado s\u00f3lo a mano\" \/><img decoding=\"async\" class=\"jss2159\" title=\"No blanquear con cloro\" src=\"https:\/\/e-catalog.ducati.com\/EPCResources\/GRAPHICS\/immagini_pim\/D2\/D2C7FC22C012E518F5F2DBA764237D5C.anag.th.png\" alt=\"No blanquear con cloro\" \/><img decoding=\"async\" class=\"jss2159\" title=\"Extender colgado\" src=\"https:\/\/e-catalog.ducati.com\/EPCResources\/GRAPHICS\/immagini_pim\/66\/661B57FD8934834E949DDA8DC8C2E3CD.anag.th.png\" alt=\"Extender colgado\" \/><img decoding=\"async\" class=\"jss2159\" title=\"Temperatura m\u00e1xima de la plancha 110\u00b0\" src=\"https:\/\/e-catalog.ducati.com\/EPCResources\/GRAPHICS\/immagini_pim\/1A\/1AABDA1E99555CA7F0B3B509897D0099.anag.th.png\" alt=\"Temperatura m\u00e1xima de la plancha 110\u00b0\" \/><img decoding=\"async\" class=\"jss2159\" title=\"No lavar a seco, no desmanchar con solventes\" src=\"https:\/\/e-catalog.ducati.com\/EPCResources\/GRAPHICS\/immagini_pim\/02\/0221B9AD83091F0BB09B2439306B6572.anag.th.png\" alt=\"No lavar a seco, no desmanchar con solventes\" \/><img decoding=\"async\" class=\"jss2159\" title=\"No secar en secarropas con tambor rotativo\" src=\"https:\/\/e-catalog.ducati.com\/EPCResources\/GRAPHICS\/immagini_pim\/E8\/E8636C561611E7F2141BC40ACB2976DA.anag.th.png\" alt=\"No secar en secarropas con tambor rotativo\" \/><\/div>\n<\/div>\n<div class=\"MuiGrid-root jss2160 MuiGrid-item MuiGrid-grid-xs-12\">\n<div class=\"jss2157\"><strong>Confort:<\/strong><\/div>\n<div class=\"jss2158\">Ventilaciones regulables en brazos y pecho<\/div>\n<div class=\"jss2158\">Gran extractor de aire en la espalda<\/div>\n<div class=\"jss2158\">100% impermeable<\/div>\n<div class=\"jss2158\">100% ventilado<\/div>\n<div class=\"jss2158\">Cierre brazos, cuello y costados regulable<\/div>\n<div class=\"jss2158\">Tejido el\u00e1sticoMangas desmontables mediante cremallera, con la bolsa porta-protecci\u00f3n de los hombros que se cierra en s\u00ed misma cuando la chaqueta se lleva sin mangas<\/div>\n<div class=\"jss2158\">Pu\u00f1os de neopreno<\/div>\n<\/div>\n<div class=\"MuiGrid-root jss2160 MuiGrid-item MuiGrid-grid-xs-12\">\n<div class=\"jss2157\"><strong>Linea prodotto:<\/strong><\/div>\n<div class=\"jss2158\">Ducati<\/div>\n<\/div>\n<div class=\"MuiGrid-root jss2160 MuiGrid-item MuiGrid-grid-xs-12\">\n<div class=\"jss2157\"><strong>Material:<\/strong><\/div>\n<div class=\"jss2158\">Tela<\/div>\n<\/div>\n<\/div>\n<\/div>\n<\/div>\n<\/div>\n<\/div>\n<div>\n<div class=\"jss2264\">\n<div class=\"jss2251 element\">\n<div class=\"jss2194\">\n<div><img decoding=\"async\" src=\"https:\/\/e-catalog.ducati.com\/EPCResources\/GRAPHICS\/immagini_pim\/04\/04864BEA6FE96783B71CB798D5B3EE99.png\" alt=\"Force-Tech extra\u00edbles certificados seg\u00fan la norma EN 1621.1  \" \/> Force-Tech extra\u00edbles certificados seg\u00fan la norma EN 1621.1<\/div>\n<\/div>\n<div class=\"jss2194\">\n<div><img decoding=\"async\" src=\"https:\/\/e-catalog.ducati.com\/EPCResources\/GRAPHICS\/immagini_pim\/14\/1482EF091D2FF2B543CA722F5B70B8FE.png\" alt=\"Preparado para la introducci\u00f3n protecci\u00f3n espalda Warrior (por separado c\u00f3d. 981027003 y 981129523)\" \/> Preparado para la introducci\u00f3n protecci\u00f3n espalda Warrior (por separado c\u00f3d. 981027003 y 981129523)<\/div>\n<\/div>\n<div class=\"jss2194\">\n<div><img decoding=\"async\" src=\"https:\/\/e-catalog.ducati.com\/EPCResources\/GRAPHICS\/immagini_pim\/FD\/FD16F2BDC13835A297914692CF27287B.png\" alt=\"Warrior Lite extra\u00edbles certificadas seg\u00fan la norma EN 1621.1 nivel 1\" \/> Warrior Lite extra\u00edbles certificadas seg\u00fan la norma EN 1621.1 nivel 1<\/div>\n<\/div>\n<\/div>\n<\/div>\n<\/div>\n","protected":false},"excerpt":{"rendered":"<div>\n<div class=\"jss1215\">\n<div>\n<div class=\"jss16618\">\n<div>\n<div>\n<div>\n<div class=\"jss2145\">Dise\u00f1ada por Drudi Performance y producida por Spidi en exclusiva para Ducati, la chaqueta Ducati Explorer es una prenda estudiada para recorridos largos, para llevar con el pantal\u00f3n hom\u00f3nimo, para crear un conjunto de est\u00e9tica rally y caracter\u00edsticas de touring-enduro. La prenda, disponible tambi\u00e9n en versi\u00f3n para mujer, es sumamente c\u00f3moda, duradera y ajustable y propone dos chaquetas en una, para ofrecer un \u00f3ptimo confort en diferentes condiciones meteorol\u00f3gicas y t\u00e9rmicas. La capa de protecci\u00f3n, de tejido Cordura de elevada dureza y resistente a la abrasi\u00f3n y con tratamiento repelente al agua, se combina con una membrana extra\u00edble H2Out\u00ae, impermeable, antiviento y transpirable, de tejido laminado de 3 capas, para llevar tanto encima como debajo de la chaqueta principal. Las ventilaciones regulables en los brazos y pecho, el gran extractor de aire en la espalda y las tomas de aire de mayores dimensiones garantizan una elevada ventilaci\u00f3n si la temperatura lo exige, maximizando la practicidad. Otros detalles de confort son la regulaci\u00f3n con dobladillo del bajo de la chaqueta, las bolsillos m\u00faltiples y amplios, los pu\u00f1os de neopreno. La versi\u00f3n para hombre de la chaqueta Ducati Explorer est\u00e1 disponible en dos variantes de color, rojo\/blanco\/negro y negro\/rojo. Adem\u00e1s, presenta un dise\u00f1o asim\u00e9trico distintivo de bloques de color que combina perfectamente con las ilustraciones gr\u00e1ficas de DesertX Rally y Multistrada. La prenda ideal para subirse a la moto y liberar los propios deseos de aventura, transformando cada viaje en emoci\u00f3n pura.<\/div>\n<\/div>\n<\/div>\n<\/div>\n<div>\n<div class=\"jss2264\">\n<div class=\"jss2251 element\"><\/div>\n<\/div>\n<\/div>\n<\/div>\n<\/div>\n<div>\n<div class=\"jss16737\">\n<div class=\"jss16724 element\"><\/div>\n<\/div>\n<\/div>\n<\/div>\n<\/div>\n<div>\n<div class=\"jss1334\">\n<div class=\"jss1321 element\"><\/div>\n<\/div>\n<\/div>\n","protected":false},"featured_media":7706,"comment_status":"closed","ping_status":"closed","template":"","meta":[],"product_cat":[24,17],"product_tag":[],"class_list":["post-7702","product","type-product","status-publish","has-post-thumbnail","hentry","product_cat-chaquetas-con-proteccion","product_cat-ropa-de-moto","pa_talla-numerica-m","pa_talla-numerica-l","pa_talla-numerica-xl"],"_links":{"self":[{"href":"https:\/\/www.ducaticolombia.co\/tienda\/wp-json\/wp\/v2\/product\/7702","targetHints":{"allow":["GET"]}}],"collection":[{"href":"https:\/\/www.ducaticolombia.co\/tienda\/wp-json\/wp\/v2\/product"}],"about":[{"href":"https:\/\/www.ducaticolombia.co\/tienda\/wp-json\/wp\/v2\/types\/product"}],"replies":[{"embeddable":true,"href":"https:\/\/www.ducaticolombia.co\/tienda\/wp-json\/wp\/v2\/comments?post=7702"}],"wp:featuredmedia":[{"embeddable":true,"href":"https:\/\/www.ducaticolombia.co\/tienda\/wp-json\/wp\/v2\/media\/7706"}],"wp:attachment":[{"href":"https:\/\/www.ducaticolombia.co\/tienda\/wp-json\/wp\/v2\/media?parent=7702"}],"wp:term":[{"taxonomy":"product_cat","embeddable":true,"href":"https:\/\/www.ducaticolombia.co\/tienda\/wp-json\/wp\/v2\/product_cat?post=7702"},{"taxonomy":"product_tag","embeddable":true,"href":"https:\/\/www.ducaticolombia.co\/tienda\/wp-json\/wp\/v2\/product_tag?post=7702"}],"curies":[{"name":"wp","href":"https:\/\/api.w.org\/{rel}","templated":true}]}}